{"id":611965,"date":"2025-03-06T04:31:08","date_gmt":"2025-03-06T03:31:08","guid":{"rendered":"https:\/\/shop.kustom.ch\/?post_type=product&#038;p=611965"},"modified":"2026-04-01T07:21:07","modified_gmt":"2026-04-01T06:21:07","slug":"fhb-original-patrick-strick-fleece-troyer","status":"publish","type":"product","link":"https:\/\/shop.kustom.ch\/it\/prodotto\/fhb-original-patrick-strick-fleece-troyer\/","title":{"rendered":"PATRICK - Pile lavorato a maglia - Troyer"},"content":{"rendered":"<p>In forma:<br \/>\nIl comodo troyer \u00e8 tagliato vicino al corpo.<br \/>\nSi adatta perfettamente a chi lo indossa senza limitare i movimenti.<br \/>\nLa vestibilit\u00e0 aderente fa s\u00ec che Patrick possa essere indossato meravigliosamente anche come strato intermedio e la schiena \u00e8 leggermente pi\u00f9 lunga nella parte inferiore.<br \/>\nIl colletto si adatta perfettamente al collo (senza stringere) e protegge dal freddo.<br \/>\nL'altezza del collare \u00e8 stata studiata in modo da non interferire con il lavoro.<br \/>\nGli inserti elasticizzati a contrasto sui fianchi e sulle maniche assicurano piena libert\u00e0 di movimento.<br \/>\nBorse:<br \/>\n1 tasca sul petto con zip.<br \/>\nChiusure a zip:<br \/>\nTutte le cerniere sono YKK e hanno una catena ritorta (all'interno): La cerniera anteriore, molto scorrevole, arriva fino al colletto ed \u00e8 chiusa ordinatamente da una protezione per il mento.<br \/>\nZip allungata per poterla azionare facilmente anche con i guanti.<br \/>\nCucitura della spalla:<br \/>\nIl<br \/>\n:<br \/>\nLa cucitura della spalla di Patrick \u00e8 spostata sul davanti.<br \/>\nIl vantaggio: se si trasporta una borsa, uno zaino o una barra di legno sulla spalla, non ci sono scomodi punti di pressione.<br \/>\nPerfezionamento:<br \/>\nLa giacca \u00e8 ideale per posizionare perfettamente il vostro logo: Area pulita e ampia senza cuciture sulla schiena, area libera sul petto a destra.<br \/>\nSenza tasca interna. Materiale: poliestere 100%<\/p>","protected":false},"excerpt":{"rendered":"<p>Passform: Der bequeme Troyer ist k\u00f6rpernah geschnitten. Er passt sich optimal an den Tr\u00e4ger an, ohne ihn bei der Bewegung einzuschr\u00e4nken. Die anliegende Passform sorgt daf\u00fcr, dass Patrick auch wunderbar als Zwischenschicht getragen werden kann.Der R\u00fccken ist nach unten leicht verl\u00e4ngert. Dadurch wird auch bei gebeugter oder kniender Haltung der R\u00fcckbereich sauber abgedeckt, was insbesondere [&hellip;]<\/p>\n","protected":false},"featured_media":672268,"template":"","meta":[],"product_brand":[],"product_cat":[4191],"product_tag":[],"class_list":{"0":"post-611965","1":"product","2":"type-product","3":"status-publish","4":"has-post-thumbnail","6":"product_cat-longsleeves-sweatshirts","7":"pa_brand-fhb","8":"pa_brand-type-workwear","9":"pa_filter-color-anthrazit-schwarz","10":"pa_filter-color-grau-schwarz","11":"pa_filter-color-marine-schwarz","12":"pa_filter-color-schwarz","14":"first","15":"instock","16":"sale","17":"taxable","18":"shipping-taxable","19":"purchasable","20":"product-type-variable","21":"add-to-wishlist-before_image"},"exclude_global_add_ons":[],"addons":[],"acf":[],"_links":{"self":[{"href":"https:\/\/shop.kustom.ch\/it\/wp-json\/wp\/v2\/product\/611965"}],"collection":[{"href":"https:\/\/shop.kustom.ch\/it\/wp-json\/wp\/v2\/product"}],"about":[{"href":"https:\/\/shop.kustom.ch\/it\/wp-json\/wp\/v2\/types\/product"}],"wp:featuredmedia":[{"embeddable":true,"href":"https:\/\/shop.kustom.ch\/it\/wp-json\/wp\/v2\/media\/672268"}],"wp:attachment":[{"href":"https:\/\/shop.kustom.ch\/it\/wp-json\/wp\/v2\/media?parent=611965"}],"wp:term":[{"taxonomy":"product_brand","embeddable":true,"href":"https:\/\/shop.kustom.ch\/it\/wp-json\/wp\/v2\/product_brand?post=611965"},{"taxonomy":"product_cat","embeddable":true,"href":"https:\/\/shop.kustom.ch\/it\/wp-json\/wp\/v2\/product_cat?post=611965"},{"taxonomy":"product_tag","embeddable":true,"href":"https:\/\/shop.kustom.ch\/it\/wp-json\/wp\/v2\/product_tag?post=611965"}],"curies":[{"name":"wp","href":"https:\/\/api.w.org\/{rel}","templated":true}]}}