{"id":611900,"date":"2025-03-06T04:30:32","date_gmt":"2025-03-06T03:30:32","guid":{"rendered":"https:\/\/shop.kustom.ch\/?post_type=product&#038;p=611900"},"modified":"2026-04-01T07:13:58","modified_gmt":"2026-04-01T06:13:58","slug":"fhb-original-marieke-strick-fleece-jacke-damen","status":"publish","type":"product","link":"https:\/\/shop.kustom.ch\/it\/prodotto\/fhb-original-marieke-strick-fleece-jacke-damen\/","title":{"rendered":"Giacca in pile lavorata a maglia MARIEKE"},"content":{"rendered":"<p>In forma:<br \/>\nLa giacca confortevole \u00e8 tagliata vicino al corpo.<br \/>\nSi adatta perfettamente a chi lo indossa senza limitarne i movimenti.<br \/>\nLa vestibilit\u00e0 aderente fa s\u00ec che Marieke possa essere indossata meravigliosamente anche come strato intermedio e la schiena \u00e8 leggermente pi\u00f9 lunga nella parte inferiore.<br \/>\nIl colletto si adatta perfettamente al collo (senza stringere) e protegge dal freddo.<br \/>\nL'altezza del collare \u00e8 stata studiata in modo da non interferire con il lavoro.<br \/>\nGli inserti elasticizzati colorati a contrasto sui fianchi e sulle maniche garantiscono piena libert\u00e0 di movimento.<br \/>\nBorse:<br \/>\n2 tasche spaziose con cerniera e ampia apertura.<br \/>\n2 tasche interne aperte.<br \/>\nChiusure a zip:<br \/>\nTutte le cerniere sono YKK e hanno una catena ritorta (all'interno): La cerniera anteriore a tutta lunghezza, molto scorrevole, arriva fino al colletto ed \u00e8 chiusa ordinatamente da una protezione per il mento.<br \/>\nZip allungata per poterla azionare facilmente anche con i guanti.<br \/>\nCucitura della spalla:<br \/>\nIl<br \/>\n:<br \/>\nLa cucitura della spalla di Marieke \u00e8 spostata sul davanti.<br \/>\nIl vantaggio: se si trasporta una borsa, uno zaino o una barra di legno sulla spalla, non ci sono scomodi punti di pressione.<br \/>\nStriscia di protezione dal vento:<br \/>\nDietro la cerniera anteriore \u00e8 cucito un lembo di protezione per tutta la lunghezza per tenere fuori l'aria fredda.<br \/>\nPerfezionamento:<br \/>\nLa giacca \u00e8 ideale per posizionare perfettamente il vostro logo: Area ampia e pulita senza cuciture sulla schiena, spazio libero sul davanti a sinistra e a destra del petto e nessuna tasca interna sul davanti.<\/p>","protected":false},"excerpt":{"rendered":"<p>Passform: Die bequeme Jacke ist k\u00f6rpernah geschnitten. Sie passt sich optimal an die Tr\u00e4gerin an, ohne sie bei der Bewegung einzuschr\u00e4nken. Die anliegende Passform sorgt daf\u00fcr, dass Marieke auch wunderbar als Zwischenschicht getragen werden kann.Der R\u00fccken ist nach unten leicht verl\u00e4ngert. Dadurch wird auch bei gebeugter oder kniender Haltung der R\u00fcckbereich sauber abgedeckt, was insbesondere [&hellip;]<\/p>\n","protected":false},"featured_media":672227,"template":"","meta":[],"product_brand":[],"product_cat":[4186],"product_tag":[],"class_list":{"0":"post-611900","1":"product","2":"type-product","3":"status-publish","4":"has-post-thumbnail","6":"product_cat-jacken","7":"pa_brand-fhb","8":"pa_brand-type-workwear","9":"pa_filter-color-anthrazit-schwarz","10":"pa_filter-color-beige-schwarz","11":"pa_filter-color-grau-schwarz","12":"pa_filter-color-gruen-schwarz","13":"pa_filter-color-marine-schwarz","14":"pa_filter-color-oliv-schwarz","15":"pa_filter-color-rot-schwarz","16":"pa_filter-color-royalblau-schwarz","17":"pa_filter-color-schwarz","19":"first","20":"instock","21":"sale","22":"taxable","23":"shipping-taxable","24":"purchasable","25":"product-type-variable","26":"add-to-wishlist-before_image"},"exclude_global_add_ons":[],"addons":[],"acf":[],"_links":{"self":[{"href":"https:\/\/shop.kustom.ch\/it\/wp-json\/wp\/v2\/product\/611900"}],"collection":[{"href":"https:\/\/shop.kustom.ch\/it\/wp-json\/wp\/v2\/product"}],"about":[{"href":"https:\/\/shop.kustom.ch\/it\/wp-json\/wp\/v2\/types\/product"}],"wp:featuredmedia":[{"embeddable":true,"href":"https:\/\/shop.kustom.ch\/it\/wp-json\/wp\/v2\/media\/672227"}],"wp:attachment":[{"href":"https:\/\/shop.kustom.ch\/it\/wp-json\/wp\/v2\/media?parent=611900"}],"wp:term":[{"taxonomy":"product_brand","embeddable":true,"href":"https:\/\/shop.kustom.ch\/it\/wp-json\/wp\/v2\/product_brand?post=611900"},{"taxonomy":"product_cat","embeddable":true,"href":"https:\/\/shop.kustom.ch\/it\/wp-json\/wp\/v2\/product_cat?post=611900"},{"taxonomy":"product_tag","embeddable":true,"href":"https:\/\/shop.kustom.ch\/it\/wp-json\/wp\/v2\/product_tag?post=611900"}],"curies":[{"name":"wp","href":"https:\/\/api.w.org\/{rel}","templated":true}]}}