{"id":611728,"date":"2025-03-06T04:29:05","date_gmt":"2025-03-06T03:29:05","guid":{"rendered":"https:\/\/shop.kustom.ch\/?post_type=product&#038;p=611728"},"modified":"2026-04-01T07:33:13","modified_gmt":"2026-04-01T06:33:13","slug":"fhb-original-benno-sweater-jacke-mit-kapuze","status":"publish","type":"product","link":"https:\/\/shop.kustom.ch\/it\/prodotto\/fhb-original-benno-sweater-jacke-mit-kapuze\/","title":{"rendered":"BENNO - Maglia con cappuccio"},"content":{"rendered":"<p>Vestibilit\u00e0 moderna con cuciture divisorie casual.<br \/>\nLa giacca con cappuccio \u00e8 tagliata leggermente pi\u00f9 lunga in basso rispetto al normale e aderisce al corpo grazie al taglio stretto e dritto.<br \/>\nIn questo modo la zona della schiena \u00e8 adeguatamente coperta anche quando ci si piega o ci si inginocchia, il che \u00e8 particolarmente comodo nelle giornate pi\u00f9 fredde.2 spaziose tasche a canguro con ampie aperture.<br \/>\nZip frontale YKK a tutta lunghezza, robusta e molto scorrevole, con cerniera allungata per poterla azionare facilmente anche con i guanti.<br \/>\nPolsini e orlo ampi e dimensionalmente stabili in maglia a costine pesanti prolungano la durata del capo.Dettagli di cucitura raffinati completano il design senza tempo.Aree ampie e pulite senza cuciture o tasche interne per il vostro logo - davanti, dietro e sulle maniche. Materiale: cotone 90%, poliestere 10%<\/p>","protected":false},"excerpt":{"rendered":"<p>Moderne Passform mit l\u00e4ssigen Teilungsn\u00e4hten. Sitzt k\u00f6rpernah durch schmalen, geraden Schnitt.Die Hoodie-Jacke ist nach unten etwas l\u00e4nger geschnitten als normal. Dadurch wird auch bei gebeugter oder kniender Haltung der R\u00fcckbereich sauber abgedeckt, was insbesondere an k\u00e4lteren Tagen sehr angenehm ist.2 ger\u00e4umige K\u00e4ngurutaschen mit breitem Eingriff. Durchgehender, robuster und sehr leichtg\u00e4ngiger YKK-Frontreissverschluss.Verl\u00e4ngerter Zipper damit der Reissverschluss [&hellip;]<\/p>\n","protected":false},"featured_media":671916,"template":"","meta":[],"product_brand":[],"product_cat":[4186],"product_tag":[],"class_list":{"0":"post-611728","1":"product","2":"type-product","3":"status-publish","4":"has-post-thumbnail","6":"product_cat-jacken","7":"pa_brand-fhb","8":"pa_brand-type-workwear","9":"pa_filter-color-grau","11":"first","12":"instock","13":"sale","14":"taxable","15":"shipping-taxable","16":"purchasable","17":"product-type-variable","18":"add-to-wishlist-before_image"},"exclude_global_add_ons":[],"addons":[],"acf":[],"_links":{"self":[{"href":"https:\/\/shop.kustom.ch\/it\/wp-json\/wp\/v2\/product\/611728"}],"collection":[{"href":"https:\/\/shop.kustom.ch\/it\/wp-json\/wp\/v2\/product"}],"about":[{"href":"https:\/\/shop.kustom.ch\/it\/wp-json\/wp\/v2\/types\/product"}],"wp:featuredmedia":[{"embeddable":true,"href":"https:\/\/shop.kustom.ch\/it\/wp-json\/wp\/v2\/media\/671916"}],"wp:attachment":[{"href":"https:\/\/shop.kustom.ch\/it\/wp-json\/wp\/v2\/media?parent=611728"}],"wp:term":[{"taxonomy":"product_brand","embeddable":true,"href":"https:\/\/shop.kustom.ch\/it\/wp-json\/wp\/v2\/product_brand?post=611728"},{"taxonomy":"product_cat","embeddable":true,"href":"https:\/\/shop.kustom.ch\/it\/wp-json\/wp\/v2\/product_cat?post=611728"},{"taxonomy":"product_tag","embeddable":true,"href":"https:\/\/shop.kustom.ch\/it\/wp-json\/wp\/v2\/product_tag?post=611728"}],"curies":[{"name":"wp","href":"https:\/\/api.w.org\/{rel}","templated":true}]}}