{"id":611720,"date":"2025-03-06T04:28:43","date_gmt":"2025-03-06T03:28:43","guid":{"rendered":"https:\/\/shop.kustom.ch\/?post_type=product&#038;p=611720"},"modified":"2026-04-01T07:15:47","modified_gmt":"2026-04-01T06:15:47","slug":"fhb-original-joerg-sweater-jacke-mit-kapuze-und-webpelz","status":"publish","type":"product","link":"https:\/\/shop.kustom.ch\/it\/prodotto\/fhb-original-joerg-sweater-jacke-mit-kapuze-und-webpelz\/","title":{"rendered":"J\u00d6RG - Maglia con cappuccio e pelliccia intrecciata"},"content":{"rendered":"<p>Vestibilit\u00e0 moderna.<br \/>\nLa giacca con cappuccio \u00e8 tagliata leggermente pi\u00f9 lunga in basso rispetto al normale e aderisce al corpo grazie al taglio stretto e dritto.<br \/>\nIn questo modo la zona posteriore \u00e8 adeguatamente coperta anche quando ci si piega o ci si inginocchia, il che \u00e8 particolarmente piacevole nelle giornate pi\u00f9 fredde.Foderato interamente con pelliccia sintetica piacevolmente riscaldante, compreso il cappuccio.Tasche a canguro divise con ampia apertura.<br \/>\nZip frontale YKK a tutta lunghezza, robusta e molto scorrevole, con cerniera allungata per poterla azionare facilmente anche con i guanti.<br \/>\nI polsini e l'orlo ampi e dimensionalmente stabili in maglia a costine pesanti da 450 g\/m\u00b2 ne prolungano la durata. I raffinati dettagli delle cuciture completano il design senza tempo. Aree ampie e pulite senza cuciture o tasche interne per il vostro logo - davanti, dietro e sulle maniche. Materiale: cotone 70%, poliestere 30%<\/p>","protected":false},"excerpt":{"rendered":"<p>Moderne Passform. Sitzt k\u00f6rpernah durch schmalen, geraden Schnitt.Die Hoodie-Jacke ist nach unten etwas l\u00e4nger geschnitten als normal. Dadurch wird auch bei gebeugter oder kniender Haltung der R\u00fcckbereich sauber abgedeckt, was insbesondere an k\u00e4lteren Tagen sehr angenehm ist.Durchg\u00e4ngig mit angenehm w\u00e4rmendem Webpelz gef\u00fcttert \u0096 auch die Kapuze.Geteilte K\u00e4ngurutaschen mit breitem Eingriff. Durchgehender, robuster und sehr leichtg\u00e4ngiger [&hellip;]<\/p>\n","protected":false},"featured_media":672147,"template":"","meta":[],"product_brand":[],"product_cat":[4186],"product_tag":[],"class_list":{"0":"post-611720","1":"product","2":"type-product","3":"status-publish","4":"has-post-thumbnail","6":"product_cat-jacken","7":"pa_brand-fhb","8":"pa_brand-type-workwear","9":"pa_filter-color-schwarz","11":"first","12":"instock","13":"sale","14":"taxable","15":"shipping-taxable","16":"purchasable","17":"product-type-variable","18":"add-to-wishlist-before_image"},"exclude_global_add_ons":[],"addons":[],"acf":[],"_links":{"self":[{"href":"https:\/\/shop.kustom.ch\/it\/wp-json\/wp\/v2\/product\/611720"}],"collection":[{"href":"https:\/\/shop.kustom.ch\/it\/wp-json\/wp\/v2\/product"}],"about":[{"href":"https:\/\/shop.kustom.ch\/it\/wp-json\/wp\/v2\/types\/product"}],"wp:featuredmedia":[{"embeddable":true,"href":"https:\/\/shop.kustom.ch\/it\/wp-json\/wp\/v2\/media\/672147"}],"wp:attachment":[{"href":"https:\/\/shop.kustom.ch\/it\/wp-json\/wp\/v2\/media?parent=611720"}],"wp:term":[{"taxonomy":"product_brand","embeddable":true,"href":"https:\/\/shop.kustom.ch\/it\/wp-json\/wp\/v2\/product_brand?post=611720"},{"taxonomy":"product_cat","embeddable":true,"href":"https:\/\/shop.kustom.ch\/it\/wp-json\/wp\/v2\/product_cat?post=611720"},{"taxonomy":"product_tag","embeddable":true,"href":"https:\/\/shop.kustom.ch\/it\/wp-json\/wp\/v2\/product_tag?post=611720"}],"curies":[{"name":"wp","href":"https:\/\/api.w.org\/{rel}","templated":true}]}}