{"id":611348,"date":"2025-03-06T04:25:00","date_gmt":"2025-03-06T03:25:00","guid":{"rendered":"https:\/\/shop.kustom.ch\/?post_type=product&#038;p=611348"},"modified":"2026-04-01T07:24:30","modified_gmt":"2026-04-01T06:24:30","slug":"fhb-original-mika-wintersoftshell-jacke","status":"publish","type":"product","link":"https:\/\/shop.kustom.ch\/it\/prodotto\/fhb-original-mika-wintersoftshell-jacke\/","title":{"rendered":"Giacca invernale softshell MIKA"},"content":{"rendered":"<p>In forma:<br \/>\nMika ha un taglio sportivo.<br \/>\nLa giacca \u00e8 comoda e non limita i movimenti, anche se si indossa una felpa come strato intermedio.<br \/>\nIl taglio ergonomico della giacca si basa sull'anatomia del corpo.<br \/>\nLe maniche sono leggermente preformate e seguono la postura naturale del corpo.<br \/>\nLe maniche sono leggermente pi\u00f9 lunghe, in modo da coprire i polsi anche quando le braccia sono distese.<br \/>\nIl retro \u00e8 inoltre leggermente pi\u00f9 lungo e copre la zona della schiena anche quando si \u00e8 piegati o inginocchiati, il che \u00e8 particolarmente comodo nelle giornate pi\u00f9 fredde.<br \/>\nCopertura antipioggia:<br \/>\nTessuto impermeabile (colonna d'acqua 10.000 mm), cuciture completamente nastrate che impediscono all'acqua di penetrare, traspirante (5.000 g\/m\u00b2\/24h).<br \/>\nL'umidit\u00e0 pu\u00f2 penetrare all'esterno in modo da non iniziare subito a sudare.<br \/>\nAntivento.<br \/>\nRegolazione della larghezza:<br \/>\nL'orlo pu\u00f2 essere regolato alla larghezza ideale con una coulisse e fissato con un tappo.<br \/>\nQuesto garantisce una buona vestibilit\u00e0 della giacca e l'assenza di spiacevoli infiltrazioni di freddo, mentre i polsini sono dotati di una linguetta con chiusura a velcro per regolarne l'ampiezza.<br \/>\nBorse:<br \/>\n2 tasche laterali con zip.<br \/>\nLe tasche sono dotate di una fodera resistente.<br \/>\n1 tasca esterna sul petto con cerniera impermeabile.1 tasca interna chiudibile con cerniera.<br \/>\nZip funzionale:<br \/>\nZip anteriore YKK a tutta lunghezza, molto scorrevole, con cerniera estesa per facilitare l'uso della zip anche quando si indossano i guanti.<br \/>\nLa cerniera \u00e8 morbidamente sagomata e ha un interno antiscivolo, mentre la mentoniera (zip garage) sul colletto alto impedisce alla cerniera chiusa di graffiarsi.<br \/>\nProtezione dal vento:<br \/>\nLa cerniera frontale a tutta lunghezza \u00e8 coperta da un lembo di tempesta per tenere fuori l'aria fredda, mentre i polsini in maglia nascosti e il lembo di tempesta fungono da estremit\u00e0 delle maniche.<br \/>\nCappuccio con visiera:<br \/>\nIl cappuccio, in combinazione con il collare antibufera a chiusura alta, protegge in modo affidabile la testa dalla pioggia e dal vento, mentre la larghezza del cappuccio \u00e8 regolabile e pu\u00f2 essere adattata individualmente al campo visivo.<br \/>\nSi pu\u00f2 anche indossare un cappello o un cappuccio dallo strato intermedio sotto il cappuccio.<br \/>\nIl vostro logo:<br \/>\nBuone possibilit\u00e0 di finitura nella parte anteriore, posteriore e laterale.<br \/>\nFacile gestione delle finiture grazie alla zip interna per l'apertura della fodera interna. Materiale: poliestere 100%<\/p>","protected":false},"excerpt":{"rendered":"<p>Passform: Mika ist sportlich geschnitten. Die Jacke sitzt bequem und schr\u00e4nkt dich in deiner Bewegung nicht ein &#8211; auch wenn du noch ein Sweatshirt als Zwischenschicht darunter tr\u00e4gst. Der ergonomische Schnitt der Jacke orientiert sich an der Anatomie des K\u00f6rpers. So sind die \u00c4rmel leicht vorgeformt und folgen der nat\u00fcrlichen K\u00f6rperhaltung. Die \u00c4rmel sind leicht [&hellip;]<\/p>\n","protected":false},"featured_media":672248,"template":"","meta":[],"product_brand":[],"product_cat":[4186],"product_tag":[],"class_list":{"0":"post-611348","1":"product","2":"type-product","3":"status-publish","4":"has-post-thumbnail","6":"product_cat-jacken","7":"pa_brand-fhb","8":"pa_brand-type-workwear","9":"pa_filter-color-schwarz","11":"first","12":"instock","13":"sale","14":"taxable","15":"shipping-taxable","16":"purchasable","17":"product-type-variable","18":"add-to-wishlist-before_image"},"exclude_global_add_ons":[],"addons":[],"acf":[],"_links":{"self":[{"href":"https:\/\/shop.kustom.ch\/it\/wp-json\/wp\/v2\/product\/611348"}],"collection":[{"href":"https:\/\/shop.kustom.ch\/it\/wp-json\/wp\/v2\/product"}],"about":[{"href":"https:\/\/shop.kustom.ch\/it\/wp-json\/wp\/v2\/types\/product"}],"wp:featuredmedia":[{"embeddable":true,"href":"https:\/\/shop.kustom.ch\/it\/wp-json\/wp\/v2\/media\/672248"}],"wp:attachment":[{"href":"https:\/\/shop.kustom.ch\/it\/wp-json\/wp\/v2\/media?parent=611348"}],"wp:term":[{"taxonomy":"product_brand","embeddable":true,"href":"https:\/\/shop.kustom.ch\/it\/wp-json\/wp\/v2\/product_brand?post=611348"},{"taxonomy":"product_cat","embeddable":true,"href":"https:\/\/shop.kustom.ch\/it\/wp-json\/wp\/v2\/product_cat?post=611348"},{"taxonomy":"product_tag","embeddable":true,"href":"https:\/\/shop.kustom.ch\/it\/wp-json\/wp\/v2\/product_tag?post=611348"}],"curies":[{"name":"wp","href":"https:\/\/api.w.org\/{rel}","templated":true}]}}