{"id":611338,"date":"2025-03-06T04:24:58","date_gmt":"2025-03-06T03:24:58","guid":{"rendered":"https:\/\/shop.kustom.ch\/?post_type=product&#038;p=611338"},"modified":"2026-04-01T07:16:34","modified_gmt":"2026-04-01T06:16:34","slug":"fhb-original-dirk-softshell-jacke","status":"publish","type":"product","link":"https:\/\/shop.kustom.ch\/it\/prodotto\/fhb-original-dirk-softshell-jacke\/","title":{"rendered":"Giacca softshell DIRK"},"content":{"rendered":"<p>In forma:<br \/>\nDirk ha un taglio dritto e sciolto.<br \/>\nIl tessuto softshell FHB di alta qualit\u00e0 \u00e8 elasticizzato ed estremamente flessibile.<br \/>\nLa giacca da lavoro si adatta perfettamente a chi la indossa senza limitare i movimenti.<br \/>\nIl taglio ergonomico della giacca da lavoro \u00e8 stato modellato sull'anatomia del corpo.<br \/>\nLe maniche sono leggermente preformate e corrispondono alla postura naturale del corpo.<br \/>\nLa schiena \u00e8 leggermente pi\u00f9 lunga e copre la zona lombare anche quando si \u00e8 piegati o inginocchiati, il che \u00e8 particolarmente comodo nelle giornate pi\u00f9 fredde.<br \/>\nCollo alto:<br \/>\nIl colletto a chiusura alta protegge dal vento freddo.<br \/>\nPer il colletto interno viene utilizzato un micropile piacevolmente morbido e riscaldante.<br \/>\nBorse:<br \/>\n2 grandi tasche laterali con ampia apertura.<br \/>\nLe tasche sono dotate di una cerniera con catena intrecciata (protegge dallo sporco e le schegge non si incastrano).<br \/>\nLe borse resistenti sono realizzate con un robusto materiale di rivestimento.<br \/>\n1 tasca portacellulare sul lato anteriore sinistro con cerniera.1 vano portaoggetti sul retro con cerniera.1 tasca interna con cerniera.<br \/>\nRegolazione della larghezza:<br \/>\nIl girovita pu\u00f2 essere regolato alla larghezza ideale con una coulisse e chiuso con stopper.<br \/>\nI polsini sono dotati di una linguetta con chiusura a velcro per regolare l'ampiezza in modo da ottenere la giusta vestibilit\u00e0.<br \/>\nChiusure lampo funzionali:<br \/>\nZip frontale YKK molto scorrevole con patta interna antitempesta, zip allungata per facilitare l'azionamento della zip anche quando si indossano i guanti.<br \/>\nLa cerniera ha una forma morbida ed \u00e8 dotata di grip all'interno.<br \/>\nIl vostro logo:<br \/>\nOttime possibilit\u00e0 di personalizzazione sul lato destro del petto, sulla schiena e sulla manica destra. Materiale: 96% poliestere, 4% elastan<\/p>","protected":false},"excerpt":{"rendered":"<p>Passform: Dirk ist locker und gerade geschnitten. Das hochwertigen FHB-Softshell-Gewebe ist elastisch und extrem geschmeidig. Die Arbeitsjacke passt sich optimal an den Tr\u00e4ger an, ohne ihn bei der Bewegung einzuschr\u00e4nken. Der ergonomische Schnitt der Arbeitsjacke wurde der Anatomie des K\u00f6rpers nachempfunden. So sind die \u00c4rmel leicht vorgeformt und entsprechen der nat\u00fcrlichen Haltung des K\u00f6rpers. Der [&hellip;]<\/p>\n","protected":false},"featured_media":671966,"template":"","meta":[],"product_brand":[],"product_cat":[4186],"product_tag":[],"class_list":{"0":"post-611338","1":"product","2":"type-product","3":"status-publish","4":"has-post-thumbnail","6":"product_cat-jacken","7":"pa_brand-fhb","8":"pa_brand-type-workwear","9":"pa_filter-color-schwarz","11":"first","12":"instock","13":"sale","14":"taxable","15":"shipping-taxable","16":"purchasable","17":"product-type-variable","18":"add-to-wishlist-before_image"},"exclude_global_add_ons":[],"addons":[],"acf":[],"_links":{"self":[{"href":"https:\/\/shop.kustom.ch\/it\/wp-json\/wp\/v2\/product\/611338"}],"collection":[{"href":"https:\/\/shop.kustom.ch\/it\/wp-json\/wp\/v2\/product"}],"about":[{"href":"https:\/\/shop.kustom.ch\/it\/wp-json\/wp\/v2\/types\/product"}],"wp:featuredmedia":[{"embeddable":true,"href":"https:\/\/shop.kustom.ch\/it\/wp-json\/wp\/v2\/media\/671966"}],"wp:attachment":[{"href":"https:\/\/shop.kustom.ch\/it\/wp-json\/wp\/v2\/media?parent=611338"}],"wp:term":[{"taxonomy":"product_brand","embeddable":true,"href":"https:\/\/shop.kustom.ch\/it\/wp-json\/wp\/v2\/product_brand?post=611338"},{"taxonomy":"product_cat","embeddable":true,"href":"https:\/\/shop.kustom.ch\/it\/wp-json\/wp\/v2\/product_cat?post=611338"},{"taxonomy":"product_tag","embeddable":true,"href":"https:\/\/shop.kustom.ch\/it\/wp-json\/wp\/v2\/product_tag?post=611338"}],"curies":[{"name":"wp","href":"https:\/\/api.w.org\/{rel}","templated":true}]}}