{"id":611247,"date":"2025-03-06T04:24:19","date_gmt":"2025-03-06T03:24:19","guid":{"rendered":"https:\/\/shop.kustom.ch\/?post_type=product&#038;p=611247"},"modified":"2026-04-01T07:18:29","modified_gmt":"2026-04-01T06:18:29","slug":"fhb-original-walter-softshell-jacke","status":"publish","type":"product","link":"https:\/\/shop.kustom.ch\/it\/prodotto\/fhb-original-walter-softshell-jacke\/","title":{"rendered":"Giacca softshell WALTER"},"content":{"rendered":"<p>In forma:<br \/>\nWalter ha un taglio dritto e sciolto.<br \/>\nIl tessuto softshell FHB di alta qualit\u00e0 \u00e8 elasticizzato ed estremamente flessibile.<br \/>\nLa giacca si adatta perfettamente a chi la indossa senza limitare i movimenti.<br \/>\nIl taglio ergonomico della giacca \u00e8 stato modellato sull'anatomia del corpo.<br \/>\nLe maniche sono leggermente preformate e corrispondono alla postura naturale del corpo.<br \/>\nLa schiena \u00e8 leggermente pi\u00f9 lunga e copre la zona lombare anche quando si \u00e8 piegati o inginocchiati, il che \u00e8 particolarmente comodo nelle giornate pi\u00f9 fredde.<br \/>\nCollo alto:<br \/>\nIl colletto a chiusura alta protegge dal vento freddo.<br \/>\nPer il colletto interno viene utilizzato un micropile piacevolmente morbido e riscaldante.<br \/>\nBorse:<br \/>\n2 grandi tasche laterali con ampia apertura.<br \/>\nLe tasche sono dotate di una cerniera impermeabile e di sacchetti resistenti in robusto materiale di rivestimento.<br \/>\n1 tasca per cellulare sul lato anteriore destro con zip impermeabile.1 tasca interna.tasca impermeabile con zip sul braccio sinistro.<br \/>\nRegolazione della larghezza:<br \/>\nIl girovita pu\u00f2 essere regolato alla larghezza ideale con una coulisse e chiuso con stopper.<br \/>\nI polsini sono dotati di una linguetta con chiusura a velcro per regolare l'ampiezza in modo da ottenere la giusta vestibilit\u00e0.<br \/>\nChiusure lampo funzionali:<br \/>\nZip frontale YKK molto scorrevole, nascosta da una pattina antitempesta, zip allungata per facilitare l'azionamento della zip anche quando si indossano i guanti.<br \/>\nLa cerniera ha una forma morbida ed \u00e8 dotata di grip all'interno.<br \/>\nCappuccio con visiera:<br \/>\nIl cappuccio \u00e8 regolabile con una coulisse (con fermacorda) e pu\u00f2 essere adattato al campo visivo.<br \/>\nInsieme al colletto alto, protegge bene la testa in caso di maltempo e il cappuccio pu\u00f2 essere rimosso in caso di bel tempo.<br \/>\nIl vostro logo:<br \/>\nBuone possibilit\u00e0 di personalizzazione su entrambi i lati del petto, sulla schiena e sulle maniche. Materiale: 96% poliestere, 4% elastan<\/p>","protected":false},"excerpt":{"rendered":"<p>Passform: Walter ist locker und gerade geschnitten. Das hochwertigen FHB-Softshell-Gewebe ist elastisch und extrem geschmeidig. Die Jacke passt sich optimal an den Tr\u00e4ger an, ohne ihn bei der Bewegung einzuschr\u00e4nken. Der ergonomische Schnitt der Jacke wurde der Anatomie des K\u00f6rpers nachempfunden. So sind die \u00c4rmel leicht vorgeformt und entsprechen der nat\u00fcrlichen Haltung des K\u00f6rpers. Der [&hellip;]<\/p>\n","protected":false},"featured_media":672336,"template":"","meta":[],"product_brand":[],"product_cat":[4186],"product_tag":[],"class_list":{"0":"post-611247","1":"product","2":"type-product","3":"status-publish","4":"has-post-thumbnail","6":"product_cat-jacken","7":"pa_brand-fhb","8":"pa_brand-type-workwear","9":"pa_filter-color-anthrazit-schwarz","10":"pa_filter-color-beige-schwarz","11":"pa_filter-color-grau-schwarz","12":"pa_filter-color-gruen-schwarz","13":"pa_filter-color-marine-schwarz","14":"pa_filter-color-oliv-schwarz","15":"pa_filter-color-rot-schwarz","16":"pa_filter-color-royalblau-schwarz","17":"pa_filter-color-schwarz","18":"pa_filter-color-weiss-anthrazit","20":"first","21":"instock","22":"sale","23":"taxable","24":"shipping-taxable","25":"purchasable","26":"product-type-variable","27":"add-to-wishlist-before_image"},"exclude_global_add_ons":[],"addons":[],"acf":[],"_links":{"self":[{"href":"https:\/\/shop.kustom.ch\/it\/wp-json\/wp\/v2\/product\/611247"}],"collection":[{"href":"https:\/\/shop.kustom.ch\/it\/wp-json\/wp\/v2\/product"}],"about":[{"href":"https:\/\/shop.kustom.ch\/it\/wp-json\/wp\/v2\/types\/product"}],"wp:featuredmedia":[{"embeddable":true,"href":"https:\/\/shop.kustom.ch\/it\/wp-json\/wp\/v2\/media\/672336"}],"wp:attachment":[{"href":"https:\/\/shop.kustom.ch\/it\/wp-json\/wp\/v2\/media?parent=611247"}],"wp:term":[{"taxonomy":"product_brand","embeddable":true,"href":"https:\/\/shop.kustom.ch\/it\/wp-json\/wp\/v2\/product_brand?post=611247"},{"taxonomy":"product_cat","embeddable":true,"href":"https:\/\/shop.kustom.ch\/it\/wp-json\/wp\/v2\/product_cat?post=611247"},{"taxonomy":"product_tag","embeddable":true,"href":"https:\/\/shop.kustom.ch\/it\/wp-json\/wp\/v2\/product_tag?post=611247"}],"curies":[{"name":"wp","href":"https:\/\/api.w.org\/{rel}","templated":true}]}}