{"id":611157,"date":"2025-03-06T04:23:07","date_gmt":"2025-03-06T03:23:07","guid":{"rendered":"https:\/\/shop.kustom.ch\/?post_type=product&#038;p=611157"},"modified":"2026-04-01T07:33:48","modified_gmt":"2026-04-01T06:33:48","slug":"fhb-original-dieter-regenhose-fhb-protect","status":"publish","type":"product","link":"https:\/\/shop.kustom.ch\/it\/prodotto\/fhb-original-dieter-regenhose-fhb-protect\/","title":{"rendered":"DIETER pantaloni da pioggia FHB Protect"},"content":{"rendered":"<p>FHB proteggere:<br \/>\nIl tessuto ad alte prestazioni \u00e8 impermeabile (10.000 mm di colonna d'acqua), antivento e traspirante (5.000 g\/m\u00b2\/24 h), con cuciture completamente nastrate all'interno per impedire all'acqua di penetrare.<br \/>\nIn forma:<br \/>\nTaglio ampio, ideale da indossare sopra i pantaloni da lavoro.<br \/>\nEntrata e uscita rapida:<br \/>\nGrazie alle cerniere YKK extra-lunghe in fondo alle gambe dei pantaloni, i pantaloni antipioggia possono essere indossati e tolti rapidamente e facilmente sopra le scarpe, consentendo di rimanere flessibili e di reagire ai cambiamenti delle condizioni atmosferiche.<br \/>\nRegolazione della larghezza:<br \/>\nLa vita pu\u00f2 essere regolata alla larghezza ideale con una coulisse elastica e fissata con un fermacorda, mentre il fondo dei pantaloni pu\u00f2 essere stretto con una pattina e una chiusura in velcro per impedire all'acqua di penetrare. Materiale: poliestere 100%<\/p>","protected":false},"excerpt":{"rendered":"<p>FHB protect: Das High-Performance-Gewebe ist wasserdicht (Wassers\u00e4ule 10.000 mm), winddicht und atmungsaktiv (5.000 g\/m\u00b2\/24 Std.).Von innen vollst\u00e4ndig versiegelte N\u00e4hte verhindern das Eindringen von Wasser. Passform: Locker geschnitten.Ideal zum Tragen \u00fcber der Arbeitshose. Schnelles Rein und Raus: Durch die extra langen YKK-Reissverschl\u00fcsse unten am Hosenbein l\u00e4sst sich die Regenhose schnell und einfach \u00fcber die Schuhe an- [&hellip;]<\/p>\n","protected":false},"featured_media":671963,"template":"","meta":[],"product_brand":[],"product_cat":[4185],"product_tag":[],"class_list":{"0":"post-611157","1":"product","2":"type-product","3":"status-publish","4":"has-post-thumbnail","6":"product_cat-hosen","7":"pa_brand-fhb","8":"pa_brand-type-workwear","9":"pa_filter-color-schwarz","11":"first","12":"instock","13":"sale","14":"taxable","15":"shipping-taxable","16":"purchasable","17":"product-type-variable","18":"add-to-wishlist-before_image"},"exclude_global_add_ons":[],"addons":[],"acf":[],"_links":{"self":[{"href":"https:\/\/shop.kustom.ch\/it\/wp-json\/wp\/v2\/product\/611157"}],"collection":[{"href":"https:\/\/shop.kustom.ch\/it\/wp-json\/wp\/v2\/product"}],"about":[{"href":"https:\/\/shop.kustom.ch\/it\/wp-json\/wp\/v2\/types\/product"}],"wp:featuredmedia":[{"embeddable":true,"href":"https:\/\/shop.kustom.ch\/it\/wp-json\/wp\/v2\/media\/671963"}],"wp:attachment":[{"href":"https:\/\/shop.kustom.ch\/it\/wp-json\/wp\/v2\/media?parent=611157"}],"wp:term":[{"taxonomy":"product_brand","embeddable":true,"href":"https:\/\/shop.kustom.ch\/it\/wp-json\/wp\/v2\/product_brand?post=611157"},{"taxonomy":"product_cat","embeddable":true,"href":"https:\/\/shop.kustom.ch\/it\/wp-json\/wp\/v2\/product_cat?post=611157"},{"taxonomy":"product_tag","embeddable":true,"href":"https:\/\/shop.kustom.ch\/it\/wp-json\/wp\/v2\/product_tag?post=611157"}],"curies":[{"name":"wp","href":"https:\/\/api.w.org\/{rel}","templated":true}]}}