{"id":611147,"date":"2025-03-06T04:23:05","date_gmt":"2025-03-06T03:23:05","guid":{"rendered":"https:\/\/shop.kustom.ch\/?post_type=product&#038;p=611147"},"modified":"2026-04-01T07:42:20","modified_gmt":"2026-04-01T06:42:20","slug":"fhb-original-boris-regenjacke-fhb-protect","status":"publish","type":"product","link":"https:\/\/shop.kustom.ch\/it\/prodotto\/fhb-original-boris-regenjacke-fhb-protect\/","title":{"rendered":"Giacca antipioggia BORIS FHB Protect"},"content":{"rendered":"<p>FHB proteggere:<br \/>\nIl tessuto ad alte prestazioni \u00e8 impermeabile (10.000 mm di colonna d'acqua), antivento e traspirante (5.000 g\/m\u00b2\/24 h), con cuciture completamente nastrate all'interno per impedire all'acqua di penetrare.<br \/>\nVestibilit\u00e0 ampia:<br \/>\nBoris ha un taglio libero.<br \/>\nLa giacca antipioggia veste comodamente e non limita i movimenti.<br \/>\nCome parte di un sistema di stratificazione, Boris pu\u00f2 essere indossato con uno o due strati intermedi al di sotto.<br \/>\nQuesto permette di mantenere la flessibilit\u00e0 e di reagire alle mutevoli condizioni atmosferiche, mentre il taglio ergonomico della giacca si basa sull'anatomia del corpo.<br \/>\nLe maniche sono leggermente preformate e seguono la postura naturale del corpo.<br \/>\nLe maniche sono leggermente pi\u00f9 lunghe, in modo da coprire i polsi anche quando le braccia sono distese.<br \/>\nAnche il dorso \u00e8 leggermente pi\u00f9 lungo e copre la zona della schiena in modo pulito anche quando si \u00e8 piegati o inginocchiati.<br \/>\nCappuccio con visiera:<br \/>\nIl cappuccio \u00e8 regolabile e pu\u00f2 essere adattato al campo visivo.<br \/>\nInsieme al colletto antibufera a chiusura alta, offre una buona protezione per la testa in caso di tempo avverso e si pu\u00f2 anche indossare un cappello o un cappuccio dello strato intermedio sotto l'ampio parapioggia.<br \/>\nRegolazione della larghezza:<br \/>\nL'orlo pu\u00f2 essere regolato alla larghezza ideale con una coulisse e fissato con un tappo.<br \/>\nLe maniche sono dotate di una linguetta con chiusura a velcro per regolarne l'ampiezza, mentre il cappuccio pu\u00f2 essere regolato in larghezza e in altezza.<br \/>\nBorse:<br \/>\n2 tasche anteriori con zip.<br \/>\n1 tasca portacellulare con zip.1 tasca interna con zip.<br \/>\nChiusure a zip:<br \/>\nZip frontale YKK a tutta lunghezza, molto scorrevole, con patta antitempesta, cerniere nascoste per impedire all'acqua di penetrare e una zip estesa per facilitare l'azionamento della zip anche quando si indossano i guanti.<br \/>\nLa cerniera \u00e8 morbidamente sagomata e ha un interno antiscivolo. Materiale: poliestere 100%<\/p>","protected":false},"excerpt":{"rendered":"<p>FHB protect: Das High-Performance-Gewebe ist wasserdicht (Wassers\u00e4ule 10.000 mm), winddicht und atmungsaktiv (5.000 g\/m\u00b2\/24 Std.).Von innen vollst\u00e4ndig versiegelte N\u00e4hte verhindern das Eindringen von Wasser. Lockere Passform: Boris ist locker geschnitten. Die Regenjacke sitzt bequem und schr\u00e4nkt dich in deiner Bewegung nicht ein. Als Teil eines Schichtensystems kann Boris mit einer oder zwei Zwischenschichten darunter getragen [&hellip;]<\/p>\n","protected":false},"featured_media":671922,"template":"","meta":[],"product_brand":[],"product_cat":[4186],"product_tag":[],"class_list":{"0":"post-611147","1":"product","2":"type-product","3":"status-publish","4":"has-post-thumbnail","6":"product_cat-jacken","7":"pa_brand-fhb","8":"pa_brand-type-workwear","9":"pa_filter-color-schwarz","11":"first","12":"instock","13":"sale","14":"taxable","15":"shipping-taxable","16":"purchasable","17":"product-type-variable","18":"add-to-wishlist-before_image"},"exclude_global_add_ons":[],"addons":[],"acf":[],"_links":{"self":[{"href":"https:\/\/shop.kustom.ch\/it\/wp-json\/wp\/v2\/product\/611147"}],"collection":[{"href":"https:\/\/shop.kustom.ch\/it\/wp-json\/wp\/v2\/product"}],"about":[{"href":"https:\/\/shop.kustom.ch\/it\/wp-json\/wp\/v2\/types\/product"}],"wp:featuredmedia":[{"embeddable":true,"href":"https:\/\/shop.kustom.ch\/it\/wp-json\/wp\/v2\/media\/671922"}],"wp:attachment":[{"href":"https:\/\/shop.kustom.ch\/it\/wp-json\/wp\/v2\/media?parent=611147"}],"wp:term":[{"taxonomy":"product_brand","embeddable":true,"href":"https:\/\/shop.kustom.ch\/it\/wp-json\/wp\/v2\/product_brand?post=611147"},{"taxonomy":"product_cat","embeddable":true,"href":"https:\/\/shop.kustom.ch\/it\/wp-json\/wp\/v2\/product_cat?post=611147"},{"taxonomy":"product_tag","embeddable":true,"href":"https:\/\/shop.kustom.ch\/it\/wp-json\/wp\/v2\/product_tag?post=611147"}],"curies":[{"name":"wp","href":"https:\/\/api.w.org\/{rel}","templated":true}]}}