{"id":611034,"date":"2025-03-06T04:21:57","date_gmt":"2025-03-06T03:21:57","guid":{"rendered":"https:\/\/shop.kustom.ch\/?post_type=product&#038;p=611034"},"modified":"2026-04-01T07:41:03","modified_gmt":"2026-04-01T06:41:03","slug":"fhb-original-matthias-arbeitsjacke-11","status":"publish","type":"product","link":"https:\/\/shop.kustom.ch\/it\/prodotto\/fhb-original-matthias-arbeitsjacke-11\/","title":{"rendered":"Giacca da lavoro MATTHIAS 1+1"},"content":{"rendered":"<p>In forma:<br \/>\nMatthias ha un taglio sciolto e dritto.<br \/>\nLa schiena \u00e8 leggermente pi\u00f9 lunga e copre la zona lombare anche quando si \u00e8 piegati o inginocchiati, il che \u00e8 particolarmente comodo nelle giornate pi\u00f9 fredde.<br \/>\nCopertura antipioggia:<br \/>\nIl tessuto particolarmente resistente all'abrasione \u00e8 impermeabile (colonna d'acqua 10.000 mm), antivento e traspirante, con cuciture completamente nastrate all'interno per impedire all'acqua di penetrare, in modo da poter lavorare per ore con qualsiasi condizione atmosferica senza bagnarsi.<br \/>\nCappuccio:<br \/>\nIl cappuccio \u00e8 staccabile o pu\u00f2 essere riposto nel colletto.<br \/>\nCollo alto:<br \/>\nIl colletto a chiusura alta protegge dal vento freddo.<br \/>\nPer il colletto interno viene utilizzato un micropile piacevolmente morbido e riscaldante.<br \/>\n2-in-1:<br \/>\nLa giacca esterna pu\u00f2 essere indossata da sola, cos\u00ec come la giacca interna rimovibile in caldo micropile.<br \/>\nEntrambe le giacche sono collegate con chiusure lampo.<br \/>\nCi\u00f2 significa che possono essere separati e ricongiunti in modo rapido e semplice.<br \/>\nBorse:<br \/>\n2 tasche sul petto e 2 tasche anteriori che possono essere coperte da pattine e chiuse con bottoni a pressione, mentre dietro le due tasche anteriori si trovano tasche laterali aperte con un'ampia apertura. 2 tasche esterne e 2 interne sulla giacca in pile rimovibile.<br \/>\nRegolazione della larghezza:<br \/>\nL'ampiezza della vita e dei polsini pu\u00f2 essere regolata grazie a robusti bottoni a pressione in metallo.<br \/>\nChiusure lampo funzionali:<br \/>\nLa robusta cerniera bidirezionale YKK \u00e8 nascosta da un'aletta antitempesta ed \u00e8 dotata di una cerniera allungata che ne facilita l'azionamento anche quando si indossano i guanti.<br \/>\nLa cerniera ha una forma morbida ed \u00e8 dotata di grip all'interno.<br \/>\nIl vostro logo:<br \/>\nBuone possibilit\u00e0 di personalizzazione sul lato destro del petto, sulla schiena e sulle maniche. Materiale: poliestere 85%, poliuretano 15%<\/p>","protected":false},"excerpt":{"rendered":"<p>Passform: Matthias ist locker und gerade geschnitten. Der R\u00fccken ist leicht verl\u00e4ngert und deckt auch bei gebeugter oder kniender Haltung den R\u00fcckbereich sauber ab, was insbesondere an k\u00e4lteren Tagen sehr angenehm ist. Regenschutz: Das besonders abriebfeste Gewebe ist wasserdicht (Wassers\u00e4ule 10.000 mm), winddicht und atmungsaktiv.Von innen vollst\u00e4ndig versiegelte N\u00e4hte verhindern das Eindringen von Wasser.So kannst [&hellip;]<\/p>\n","protected":false},"featured_media":672241,"template":"","meta":[],"product_brand":[],"product_cat":[4186],"product_tag":[],"class_list":{"0":"post-611034","1":"product","2":"type-product","3":"status-publish","4":"has-post-thumbnail","6":"product_cat-jacken","7":"pa_brand-fhb","8":"pa_brand-type-workwear","9":"pa_filter-color-schwarz","11":"first","12":"instock","13":"sale","14":"taxable","15":"shipping-taxable","16":"purchasable","17":"product-type-variable","18":"add-to-wishlist-before_image"},"exclude_global_add_ons":[],"addons":[],"acf":[],"_links":{"self":[{"href":"https:\/\/shop.kustom.ch\/it\/wp-json\/wp\/v2\/product\/611034"}],"collection":[{"href":"https:\/\/shop.kustom.ch\/it\/wp-json\/wp\/v2\/product"}],"about":[{"href":"https:\/\/shop.kustom.ch\/it\/wp-json\/wp\/v2\/types\/product"}],"wp:featuredmedia":[{"embeddable":true,"href":"https:\/\/shop.kustom.ch\/it\/wp-json\/wp\/v2\/media\/672241"}],"wp:attachment":[{"href":"https:\/\/shop.kustom.ch\/it\/wp-json\/wp\/v2\/media?parent=611034"}],"wp:term":[{"taxonomy":"product_brand","embeddable":true,"href":"https:\/\/shop.kustom.ch\/it\/wp-json\/wp\/v2\/product_brand?post=611034"},{"taxonomy":"product_cat","embeddable":true,"href":"https:\/\/shop.kustom.ch\/it\/wp-json\/wp\/v2\/product_cat?post=611034"},{"taxonomy":"product_tag","embeddable":true,"href":"https:\/\/shop.kustom.ch\/it\/wp-json\/wp\/v2\/product_tag?post=611034"}],"curies":[{"name":"wp","href":"https:\/\/api.w.org\/{rel}","templated":true}]}}