{"id":611004,"date":"2025-03-06T04:21:17","date_gmt":"2025-03-06T03:21:17","guid":{"rendered":"https:\/\/shop.kustom.ch\/?post_type=product&#038;p=611004"},"modified":"2026-04-01T07:05:09","modified_gmt":"2026-04-01T06:05:09","slug":"fhb-original-rainer-pu-stretch-regenjacke-en-343","status":"publish","type":"product","link":"https:\/\/shop.kustom.ch\/it\/prodotto\/fhb-original-rainer-pu-stretch-regenjacke-en-343\/","title":{"rendered":"RAINER Giacca antipioggia elasticizzata in PU"},"content":{"rendered":"<p>Protezione dalla pioggia secondo la norma EN 343 3\/1:<br \/>\nTessuto impermeabile (colonna d'acqua 10.000 mm), cuciture completamente nastrate all'interno che impediscono all'acqua di penetrare.Tessuto antivento 100% per una buona protezione dal freddo.<br \/>\nVestibilit\u00e0 ampia:<br \/>\nRainer ha un taglio libero.<br \/>\nLa giacca antipioggia veste comodamente e non limita i movimenti.<br \/>\nCome parte di un sistema di stratificazione, Rainer pu\u00f2 essere indossato con uno o due strati intermedi al di sotto.<br \/>\nLe maniche sono leggermente pi\u00f9 lunghe, in modo da coprire i polsi anche quando le braccia sono distese.<br \/>\nAnche il dorso \u00e8 leggermente pi\u00f9 lungo e copre la zona della schiena in modo pulito anche quando si \u00e8 piegati o inginocchiati.<br \/>\nCappuccio con visiera:<br \/>\nIl cappuccio \u00e8 regolabile e pu\u00f2 essere adattato al campo visivo.<br \/>\nInsieme al colletto antibufera a chiusura alta, offre una buona protezione per la testa in caso di tempo avverso e si pu\u00f2 anche indossare un cappello o un cappuccio dello strato intermedio sotto l'ampio parapioggia.<br \/>\nRegolazione della larghezza:<br \/>\nL'orlo e il cappuccio possono essere regolati alla larghezza ideale con una coulisse e fissati con stopper.<br \/>\nLe maniche sono dotate di una linguetta con chiusura a velcro per regolarne l'ampiezza.<br \/>\nBorse:<br \/>\n2 ampie tasche anteriori con patta richiudibile.<br \/>\nPassanti nascosti sotto le patelle delle tasche per il fissaggio delle tasche per fondine FHB Max e Moritz.<br \/>\nChiusure a zip:<br \/>\nZip frontale YKK a tutta lunghezza, molto scorrevole, con patta antitempesta.<\/p>","protected":false},"excerpt":{"rendered":"<p>Regenschutz nach EN 343 3\/1: Wasserdichtes Gewebe (Wassers\u00e4ule 10.000 mm).Von innen vollst\u00e4ndig versiegelte N\u00e4hte verhindern das Eindringen von Wasser.100% winddichtes Gewebe f\u00fcr einen guten Schutz vor eindringender K\u00e4lte. Lockere Passform: Rainer ist locker geschnitten. Die Regenjacke sitzt bequem und schr\u00e4nkt dich in deiner Bewegung nicht ein. Als Teil eines Schichtensystems kann Rainer mit einer oder [&hellip;]<\/p>\n","protected":false},"featured_media":672279,"template":"","meta":[],"product_brand":[],"product_cat":[4186],"product_tag":[],"class_list":{"0":"post-611004","1":"product","2":"type-product","3":"status-publish","4":"has-post-thumbnail","6":"product_cat-jacken","7":"pa_brand-fhb","8":"pa_brand-type-workwear","9":"pa_filter-color-anthrazit","10":"pa_filter-color-schwarz","12":"first","13":"instock","14":"sale","15":"taxable","16":"shipping-taxable","17":"purchasable","18":"product-type-variable","19":"add-to-wishlist-before_image"},"exclude_global_add_ons":[],"addons":[],"acf":[],"_links":{"self":[{"href":"https:\/\/shop.kustom.ch\/it\/wp-json\/wp\/v2\/product\/611004"}],"collection":[{"href":"https:\/\/shop.kustom.ch\/it\/wp-json\/wp\/v2\/product"}],"about":[{"href":"https:\/\/shop.kustom.ch\/it\/wp-json\/wp\/v2\/types\/product"}],"wp:featuredmedia":[{"embeddable":true,"href":"https:\/\/shop.kustom.ch\/it\/wp-json\/wp\/v2\/media\/672279"}],"wp:attachment":[{"href":"https:\/\/shop.kustom.ch\/it\/wp-json\/wp\/v2\/media?parent=611004"}],"wp:term":[{"taxonomy":"product_brand","embeddable":true,"href":"https:\/\/shop.kustom.ch\/it\/wp-json\/wp\/v2\/product_brand?post=611004"},{"taxonomy":"product_cat","embeddable":true,"href":"https:\/\/shop.kustom.ch\/it\/wp-json\/wp\/v2\/product_cat?post=611004"},{"taxonomy":"product_tag","embeddable":true,"href":"https:\/\/shop.kustom.ch\/it\/wp-json\/wp\/v2\/product_tag?post=611004"}],"curies":[{"name":"wp","href":"https:\/\/api.w.org\/{rel}","templated":true}]}}