{"id":610956,"date":"2025-03-06T04:20:41","date_gmt":"2025-03-06T03:20:41","guid":{"rendered":"https:\/\/shop.kustom.ch\/?post_type=product&#038;p=610956"},"modified":"2026-04-01T07:05:54","modified_gmt":"2026-04-01T06:05:54","slug":"fhb-original-volker-arbeitsjacke-mit-reflektoren","status":"publish","type":"product","link":"https:\/\/shop.kustom.ch\/it\/prodotto\/fhb-original-volker-arbeitsjacke-mit-reflektoren\/","title":{"rendered":"Giacca da lavoro VOLKER con catarifrangenti"},"content":{"rendered":"<p>In forma:<br \/>\nVolker ha un taglio ampio e dritto.<br \/>\nQuesta comoda giacca da lavoro ha una vestibilit\u00e0 ampia e offre piena libert\u00e0 di movimento.<br \/>\nI polsini in maglia sulle maniche e sull'orlo assicurano una buona vestibilit\u00e0 e finitura della giacca da lavoro, che \u00e8 tagliata leggermente pi\u00f9 lunga e copre la zona posteriore anche quando si \u00e8 piegati o inginocchiati, il che \u00e8 particolarmente comodo nelle giornate pi\u00f9 fredde.<br \/>\nCollo alto:<br \/>\nIl colletto a chiusura alta protegge dal vento freddo.<br \/>\nPer il colletto interno viene utilizzato un pile piacevolmente morbido e riscaldante.<br \/>\nFodera interna:<br \/>\nLa fodera in pelliccia sintetica e il pile sul colletto vi terranno al caldo anche in caso di temperature sgradevoli.<br \/>\nCopertura antipioggia:<br \/>\nIl tessuto particolarmente resistente \u00e8 idrorepellente e traspirante.<br \/>\nNon vi inzupperete immediatamente in caso di pioggia improvvisa e breve.<br \/>\nBorse:<br \/>\n2 ampie tasche anteriori, che possono essere coperte con pattine e chiuse con velcro.1 ampia tasca sul petto con cerniera.1 tasca sul braccio sinistro con cerniera.1 tasca portapenne con 3 scomparti sul davanti destro.1 tasca interna con cerniera.<br \/>\nChiusure lampo funzionali:<br \/>\nZip anteriore YKK molto robusta e scorrevole, con cerniera estesa per facilitare l'uso della zip anche quando si indossano i guanti.<br \/>\nLa cerniera ha una forma morbida ed \u00e8 dotata di grip all'interno.<br \/>\nIl vostro logo:<br \/>\nBuona possibilit\u00e0 di decorazione sulla schiena, sul lato destro del petto e sulla manica destra. Materiale: poliestere 100%<\/p>","protected":false},"excerpt":{"rendered":"<p>Passform: Volker ist weit und gerade geschnitten. Die bequeme Arbeitsjacke sitzt locker und gibt dir volle Bewegungsfreiheit. Strickbund am \u00c4rmel und Saum sorgen f\u00fcr einen guten Sitz und Abschluss der Arbeitsjacke.Die Jacke ist etwas l\u00e4nger geschnitten und deckt auch bei gebeugter oder kniender Haltung den R\u00fcckbereich sauber ab, was insbesondere an k\u00e4lteren Tagen sehr angenehm [&hellip;]<\/p>\n","protected":false},"featured_media":672332,"template":"","meta":[],"product_brand":[],"product_cat":[4186],"product_tag":[],"class_list":{"0":"post-610956","1":"product","2":"type-product","3":"status-publish","4":"has-post-thumbnail","6":"product_cat-jacken","7":"pa_brand-fhb","8":"pa_brand-type-workwear","9":"pa_filter-color-anthrazit","10":"pa_filter-color-marine","11":"pa_filter-color-schwarz","13":"first","14":"instock","15":"sale","16":"taxable","17":"shipping-taxable","18":"purchasable","19":"product-type-variable","20":"add-to-wishlist-before_image"},"exclude_global_add_ons":[],"addons":[],"acf":[],"_links":{"self":[{"href":"https:\/\/shop.kustom.ch\/it\/wp-json\/wp\/v2\/product\/610956"}],"collection":[{"href":"https:\/\/shop.kustom.ch\/it\/wp-json\/wp\/v2\/product"}],"about":[{"href":"https:\/\/shop.kustom.ch\/it\/wp-json\/wp\/v2\/types\/product"}],"wp:featuredmedia":[{"embeddable":true,"href":"https:\/\/shop.kustom.ch\/it\/wp-json\/wp\/v2\/media\/672332"}],"wp:attachment":[{"href":"https:\/\/shop.kustom.ch\/it\/wp-json\/wp\/v2\/media?parent=610956"}],"wp:term":[{"taxonomy":"product_brand","embeddable":true,"href":"https:\/\/shop.kustom.ch\/it\/wp-json\/wp\/v2\/product_brand?post=610956"},{"taxonomy":"product_cat","embeddable":true,"href":"https:\/\/shop.kustom.ch\/it\/wp-json\/wp\/v2\/product_cat?post=610956"},{"taxonomy":"product_tag","embeddable":true,"href":"https:\/\/shop.kustom.ch\/it\/wp-json\/wp\/v2\/product_tag?post=610956"}],"curies":[{"name":"wp","href":"https:\/\/api.w.org\/{rel}","templated":true}]}}