{"id":610826,"date":"2025-03-06T04:19:39","date_gmt":"2025-03-06T03:19:39","guid":{"rendered":"https:\/\/shop.kustom.ch\/?post_type=product&#038;p=610826"},"modified":"2026-04-01T07:10:52","modified_gmt":"2026-04-01T06:10:52","slug":"fhb-original-klaus-zunfthose-zwirn-doppel-pilot","status":"publish","type":"product","link":"https:\/\/shop.kustom.ch\/it\/prodotto\/fhb-original-klaus-zunfthose-zwirn-doppel-pilot\/","title":{"rendered":"Pantaloni della gilda KLAUS doppio pilota attorcigliato"},"content":{"rendered":"<p>In forma:<br \/>\nI pantaloni della gilda hanno una vestibilit\u00e0 comoda e ampia e sono tagliati leggermente pi\u00f9 larghi sulle cosce in modo da non limitare i movimenti, anche con un regolo pieghevole nella tasca laterale. La fascia in vita \u00e8 pi\u00f9 larga rispetto ai pantaloni normali, il che garantisce una buona vestibilit\u00e0 dei pantaloni e il loro mantenimento quando ci si muove.<br \/>\nLe alette con ganci e occhielli dietro le cerniere assicurano una vestibilit\u00e0 stabile ed evitano che scivolino durante il movimento.<br \/>\nCirconferenza della larghezza del piede:<br \/>\n48 cm<br \/>\nTasche per ginocchiere:<br \/>\nTasche per ginocchiere in poliammide 100% resistente (CORDURA\u00ae).Le ginocchiere possono essere facilmente inserite dal basso.I pantaloni soddisfano i requisiti di protezione delle ginocchia per il lavoro in posizione inginocchiata di tipo 2, livello di prestazione 1 secondo DIN EN 14404:2004+A1:2010 in combinazione con le ginocchiere FHB Caspar certificate per questo scopo.<br \/>\nBorse:<br \/>\nTasche a soffietto su entrambi i lati dei pantaloni.<br \/>\nIn questo modo il regolo pieghevole e la matita sono sempre a portata di mano con la mano destra o sinistra.<br \/>\nLe borse a tasca fissa con apertura a volume ampio sono realizzate in tessuto foderato resistente.<br \/>\n1 tasca posteriore con bottone, i passanti per la cintura hanno la giusta distanza per le tasche delle fondine FHB Max e Moritz.<br \/>\nChiusure a zip:<br \/>\nLe cerniere dorate ed extra-large di YKK con estremit\u00e0 massicce sono particolarmente robuste e durevoli.<br \/>\nElaborazione:<br \/>\nLe robuste cuciture doppie rinforzano i pantaloni per una maggiore durata.<br \/>\nGli angoli in pelle sintetica con doppia cucitura proteggono gli angoli delle tasche da strappi anche in presenza di carichi elevati, inoltre utilizziamo un filato particolarmente resistente agli strappi con un rivestimento in cotone e un'anima in poliestere, mentre i bordi delle tasche in resistente CORDURA\u00ae rinforzano l'apertura della tasca e proteggono dall'usura precoce.<br \/>\nFamiglia di prodotti:<br \/>\nKlaus fa parte di un'ampia famiglia di prodotti che comprende pantaloni e gilet da uomo e da donna con lo stesso design e lo stesso materiale esterno.<br \/>\nCos\u00ec potete vestire voi stessi o un intero team da un unico stampo.<br \/>\nIl vostro logo:<br \/>\nOttime opzioni di finitura per posizionare perfettamente il vostro logo. Materiale: cotone 100%<\/p>","protected":false},"excerpt":{"rendered":"<p>Passform: Die Zunfthose ist bequem geschnitten und sitzt angenehm locker.An den Oberschenkeln ist die Zunfthose etwas weiter geschnitten, damit sie dich auch mit Zollstock in der seitlichen Tasche nicht in der Bewegung einschr\u00e4nkt.Der Hosenbund ist breiter als bei normalen Hosen, was daf\u00fcr sorgt, dass die Hose gut sitzt und auch in der Bewegung da bleibt, [&hellip;]<\/p>\n","protected":false},"featured_media":672174,"template":"","meta":[],"product_brand":[],"product_cat":[4185],"product_tag":[],"class_list":{"0":"post-610826","1":"product","2":"type-product","3":"status-publish","4":"has-post-thumbnail","6":"product_cat-hosen","7":"pa_brand-fhb","8":"pa_brand-type-workwear","9":"pa_filter-color-grau","10":"pa_filter-color-schwarz","11":"pa_filter-color-weiss","13":"first","14":"instock","15":"sale","16":"taxable","17":"shipping-taxable","18":"purchasable","19":"product-type-variable","20":"add-to-wishlist-before_image"},"exclude_global_add_ons":[],"addons":[],"acf":[],"_links":{"self":[{"href":"https:\/\/shop.kustom.ch\/it\/wp-json\/wp\/v2\/product\/610826"}],"collection":[{"href":"https:\/\/shop.kustom.ch\/it\/wp-json\/wp\/v2\/product"}],"about":[{"href":"https:\/\/shop.kustom.ch\/it\/wp-json\/wp\/v2\/types\/product"}],"wp:featuredmedia":[{"embeddable":true,"href":"https:\/\/shop.kustom.ch\/it\/wp-json\/wp\/v2\/media\/672174"}],"wp:attachment":[{"href":"https:\/\/shop.kustom.ch\/it\/wp-json\/wp\/v2\/media?parent=610826"}],"wp:term":[{"taxonomy":"product_brand","embeddable":true,"href":"https:\/\/shop.kustom.ch\/it\/wp-json\/wp\/v2\/product_brand?post=610826"},{"taxonomy":"product_cat","embeddable":true,"href":"https:\/\/shop.kustom.ch\/it\/wp-json\/wp\/v2\/product_cat?post=610826"},{"taxonomy":"product_tag","embeddable":true,"href":"https:\/\/shop.kustom.ch\/it\/wp-json\/wp\/v2\/product_tag?post=610826"}],"curies":[{"name":"wp","href":"https:\/\/api.w.org\/{rel}","templated":true}]}}