{"id":610716,"date":"2025-03-06T04:18:26","date_gmt":"2025-03-06T03:18:26","guid":{"rendered":"https:\/\/shop.kustom.ch\/?post_type=product&#038;p=610716"},"modified":"2026-04-01T07:27:39","modified_gmt":"2026-04-01T06:27:39","slug":"fhb-original-edelgard-roehren-zunfthose","status":"publish","type":"product","link":"https:\/\/shop.kustom.ch\/it\/prodotto\/fhb-original-edelgard-roehren-zunfthose\/","title":{"rendered":"Pantaloni della corporazione EDELGARD"},"content":{"rendered":"<p>In forma:<br \/>\nTaglio dritto a forma di tubo.<br \/>\nDi taglio pi\u00f9 stretto rispetto ai classici pantaloni gilda, questi pantaloni gilda aderiscono al corpo ma non sono aderenti alla pelle.<br \/>\nCirconferenza della larghezza del piede:<br \/>\n36 cm<br \/>\nBorse:<br \/>\n2 tasche per il righello1 tasca posteriore2 tasche aperte a fessura sul davantiBordi in similpelle nera sulle tasche<br \/>\nChiusure a zip:<br \/>\nChiusure lampo funzionali di alta qualit\u00e0 di YKK in elegante nero opaco, particolarmente scorrevoli e robuste.<br \/>\nRegolazione della larghezza:<br \/>\nLa misura della vita dei pantaloni pu\u00f2 essere regolata individualmente con 2 cinghie con fibbia.<br \/>\nPassanti per cintura:<br \/>\nPassanti per cintura larghi 2 cm I passanti per cintura hanno la giusta distanza per le tasche delle fondine FHB Max e Moritz.<br \/>\nElaborazione:<br \/>\nLa doppia impuntura sulla cucitura del sedile rinforza il pantalone e migliora la resistenza agli strappi. Materiale: cotone 100%<\/p>","protected":false},"excerpt":{"rendered":"<p>Passform: Gerader Schnitt in R\u00f6hren-Form. Schmaler geschnitten als klassische Zunfthosen.Die Zunfthose sitzt k\u00f6rpernah, aber nicht hauteng. Fussweitenumfang: 36 cm Taschen: 2 Zollstocktaschen1 Ges\u00e4sstasche2 offene Einschubtaschen vorneSchwarze Taschen-Kunstleder-Paspelierung Reissverschl\u00fcsse: Hochwertige Funktionsreissverschl\u00fcsse von YKK in edlem mattschwarz \u0096 besonders leichtg\u00e4ngig und robust. Weitenregulierung: Die Bundweite der Hose l\u00e4sst sich mit 2 Schnallgurten individuell einstellen. G\u00fcrtelschlaufen: 2 cm [&hellip;]<\/p>\n","protected":false},"featured_media":671979,"template":"","meta":[],"product_brand":[],"product_cat":[4185],"product_tag":[],"class_list":{"0":"post-610716","1":"product","2":"type-product","3":"status-publish","4":"has-post-thumbnail","6":"product_cat-hosen","7":"pa_brand-fhb","8":"pa_brand-type-workwear","9":"pa_filter-color-schwarz","11":"first","12":"instock","13":"sale","14":"taxable","15":"shipping-taxable","16":"purchasable","17":"product-type-variable","18":"add-to-wishlist-before_image"},"exclude_global_add_ons":[],"addons":[],"acf":[],"_links":{"self":[{"href":"https:\/\/shop.kustom.ch\/it\/wp-json\/wp\/v2\/product\/610716"}],"collection":[{"href":"https:\/\/shop.kustom.ch\/it\/wp-json\/wp\/v2\/product"}],"about":[{"href":"https:\/\/shop.kustom.ch\/it\/wp-json\/wp\/v2\/types\/product"}],"wp:featuredmedia":[{"embeddable":true,"href":"https:\/\/shop.kustom.ch\/it\/wp-json\/wp\/v2\/media\/671979"}],"wp:attachment":[{"href":"https:\/\/shop.kustom.ch\/it\/wp-json\/wp\/v2\/media?parent=610716"}],"wp:term":[{"taxonomy":"product_brand","embeddable":true,"href":"https:\/\/shop.kustom.ch\/it\/wp-json\/wp\/v2\/product_brand?post=610716"},{"taxonomy":"product_cat","embeddable":true,"href":"https:\/\/shop.kustom.ch\/it\/wp-json\/wp\/v2\/product_cat?post=610716"},{"taxonomy":"product_tag","embeddable":true,"href":"https:\/\/shop.kustom.ch\/it\/wp-json\/wp\/v2\/product_tag?post=610716"}],"curies":[{"name":"wp","href":"https:\/\/api.w.org\/{rel}","templated":true}]}}