{"id":610574,"date":"2025-03-06T04:16:56","date_gmt":"2025-03-06T03:16:56","guid":{"rendered":"https:\/\/shop.kustom.ch\/?post_type=product&#038;p=610574"},"modified":"2026-04-01T07:19:50","modified_gmt":"2026-04-01T06:19:50","slug":"fhb-original-jakob-zunftweste-zwirn-doppel-pilot","status":"publish","type":"product","link":"https:\/\/shop.kustom.ch\/it\/prodotto\/fhb-original-jakob-zunftweste-zwirn-doppel-pilot\/","title":{"rendered":"JAKOB gilet gilda ritorto doppio pilota"},"content":{"rendered":"<p>In forma:<br \/>\nVestibilit\u00e0 ampia, taglio dritto, scollatura e giromanica sono tagliati in modo da garantire piena libert\u00e0 di movimento durante il lavoro.<br \/>\nSchiena lunga:<br \/>\nLa cosiddetta protezione dei reni del gilet della gilda protegge efficacemente i reni e la parte bassa della schiena dal freddo e dal vento.<br \/>\nUn gilet della gilda con la schiena lunga \u00e8 particolarmente comodo da indossare nelle giornate pi\u00f9 fresche.<br \/>\nIl retro \u00e8 realizzato con la stessa qualit\u00e0 di tessuto pesante della parte anteriore.<br \/>\nRegolazione della larghezza:<br \/>\n2 cinturini posteriori con fibbia per regolare individualmente la larghezza del gilet.<br \/>\nPulsanti:<br \/>\nDoppiopetto tradizionale, otto bottoni, finta madreperla.<br \/>\nBorse:<br \/>\n2 tasche esterne aperte.1 tasca interna con chiusura a velcro.<br \/>\nElaborazione:<br \/>\nCuciture particolarmente robuste per una maggiore durata.<br \/>\nI bottoni vengono cuciti sugli steli e poi avvolti in tensione con uno speciale filato elastico termoindurente, l'Ascolite.<br \/>\nQuesto processo di Ascolite \u00e8 stato sviluppato per risolvere il problema dei bottoni che si staccano e per aumentare la durata dei gilet delle corporazioni.<br \/>\nFamiglia di prodotti:<br \/>\nJakob fa parte di un'ampia famiglia di prodotti che comprende pantaloni e gilet da uomo e da donna con lo stesso design e lo stesso materiale esterno.<br \/>\nCos\u00ec potete vestire voi stessi o un intero team da un unico stampo.<br \/>\nIl vostro logo:<br \/>\nOttime opzioni di finitura per posizionare perfettamente il vostro logo. Materiale: cotone 100%<\/p>","protected":false},"excerpt":{"rendered":"<p>Passform: Lockere Passform, gerader Schnitt.Halsausschnitt und Armloch sind so geschnitten, dass du w\u00e4hrend der Arbeit volle Bewegungsfreiheit hast. Langer R\u00fccken: Der sogenannte Nierenschutz der Zunftweste schirmt die Nieren und den unteren R\u00fccken effektiv vor K\u00e4lte und Wind ab. Eine Zunftweste mit langem R\u00fccken ist besonders an k\u00fchleren Tagen angenehm zu tragen. Der R\u00fccken ist aus [&hellip;]<\/p>\n","protected":false},"featured_media":672118,"template":"","meta":[],"product_brand":[],"product_cat":[4208],"product_tag":[],"class_list":{"0":"post-610574","1":"product","2":"type-product","3":"status-publish","4":"has-post-thumbnail","6":"product_cat-westen","7":"pa_brand-fhb","8":"pa_brand-type-workwear","9":"pa_filter-color-grau","10":"pa_filter-color-schwarz","12":"first","13":"instock","14":"sale","15":"taxable","16":"shipping-taxable","17":"purchasable","18":"product-type-variable","19":"add-to-wishlist-before_image"},"exclude_global_add_ons":[],"addons":[],"acf":[],"_links":{"self":[{"href":"https:\/\/shop.kustom.ch\/it\/wp-json\/wp\/v2\/product\/610574"}],"collection":[{"href":"https:\/\/shop.kustom.ch\/it\/wp-json\/wp\/v2\/product"}],"about":[{"href":"https:\/\/shop.kustom.ch\/it\/wp-json\/wp\/v2\/types\/product"}],"wp:featuredmedia":[{"embeddable":true,"href":"https:\/\/shop.kustom.ch\/it\/wp-json\/wp\/v2\/media\/672118"}],"wp:attachment":[{"href":"https:\/\/shop.kustom.ch\/it\/wp-json\/wp\/v2\/media?parent=610574"}],"wp:term":[{"taxonomy":"product_brand","embeddable":true,"href":"https:\/\/shop.kustom.ch\/it\/wp-json\/wp\/v2\/product_brand?post=610574"},{"taxonomy":"product_cat","embeddable":true,"href":"https:\/\/shop.kustom.ch\/it\/wp-json\/wp\/v2\/product_cat?post=610574"},{"taxonomy":"product_tag","embeddable":true,"href":"https:\/\/shop.kustom.ch\/it\/wp-json\/wp\/v2\/product_tag?post=610574"}],"curies":[{"name":"wp","href":"https:\/\/api.w.org\/{rel}","templated":true}]}}