{"id":610503,"date":"2025-03-06T04:16:14","date_gmt":"2025-03-06T03:16:14","guid":{"rendered":"https:\/\/shop.kustom.ch\/?post_type=product&#038;p=610503"},"modified":"2026-04-01T07:39:07","modified_gmt":"2026-04-01T06:39:07","slug":"fhb-original-detlef-zunftweste-zwirn-doppel-pilot","status":"publish","type":"product","link":"https:\/\/shop.kustom.ch\/it\/prodotto\/fhb-original-detlef-zunftweste-zwirn-doppel-pilot\/","title":{"rendered":"Gilet gilda DETLEF ritorto doppio pilota"},"content":{"rendered":"<p>In forma:<br \/>\nVestibilit\u00e0 ampia, taglio dritto, schiena corta, scollatura e giromanica sono tagliati in modo da garantire piena libert\u00e0 di movimento durante il lavoro.<br \/>\nRegolazione della larghezza:<br \/>\n1 cinturino con fibbia posteriore per regolare individualmente la larghezza del gilet.<br \/>\nPulsanti:<br \/>\nDoppiopetto tradizionale, otto bottoni, finta madreperla.<br \/>\nBorse:<br \/>\n2 tasche esterne aperte.1 tasca interna con chiusura a velcro.<br \/>\nElaborazione:<br \/>\nCuciture particolarmente robuste per una maggiore durata.<br \/>\nI bottoni vengono cuciti sugli steli e poi avvolti in tensione con uno speciale filato elastico termoindurente, l'Ascolite.<br \/>\nQuesto processo di Ascolite \u00e8 stato sviluppato per risolvere il problema dei bottoni che si staccano e per aumentare la durata dei gilet delle corporazioni.<br \/>\nFamiglia di prodotti:<br \/>\nDetlef fa parte di un'ampia famiglia di prodotti che comprende pantaloni e gilet da uomo e da donna con lo stesso design e lo stesso materiale esterno.<br \/>\nCos\u00ec potete vestire voi stessi o un intero team da un unico stampo.<br \/>\nIl vostro logo:<br \/>\nOttime opzioni di finitura per posizionare perfettamente il vostro logo. Materiale: cotone 100%<\/p>","protected":false},"excerpt":{"rendered":"<p>Passform: Lockere Passform, gerader Schnitt.Kurzer R\u00fccken.Halsausschnitt und Armloch sind so geschnitten, dass du w\u00e4hrend der Arbeit volle Bewegungsfreiheit hast. Weitenregulierung: 1 R\u00fcckenschnallgurt, um die Weite der Weste individuell anpassen zu k\u00f6nnen. Kn\u00f6pfe: Traditionell zweireihig, achtkn\u00f6pfig.Perlmuttimitatkn\u00f6pfe. Taschen: 2 offene Steck-Aussentaschen.1 Innentasche mit Klettverschluss. Verarbeitung: Besonders robuste N\u00e4hte f\u00fcr eine extra lange Lebensdauer. Die Kn\u00f6pfe werden auf [&hellip;]<\/p>\n","protected":false},"featured_media":671960,"template":"","meta":[],"product_brand":[],"product_cat":[4208],"product_tag":[],"class_list":{"0":"post-610503","1":"product","2":"type-product","3":"status-publish","4":"has-post-thumbnail","6":"product_cat-westen","7":"pa_brand-fhb","8":"pa_brand-type-workwear","9":"pa_filter-color-grau","10":"pa_filter-color-schwarz","11":"pa_filter-color-weiss","13":"first","14":"instock","15":"sale","16":"taxable","17":"shipping-taxable","18":"purchasable","19":"product-type-variable","20":"add-to-wishlist-before_image"},"exclude_global_add_ons":[],"addons":[],"acf":[],"_links":{"self":[{"href":"https:\/\/shop.kustom.ch\/it\/wp-json\/wp\/v2\/product\/610503"}],"collection":[{"href":"https:\/\/shop.kustom.ch\/it\/wp-json\/wp\/v2\/product"}],"about":[{"href":"https:\/\/shop.kustom.ch\/it\/wp-json\/wp\/v2\/types\/product"}],"wp:featuredmedia":[{"embeddable":true,"href":"https:\/\/shop.kustom.ch\/it\/wp-json\/wp\/v2\/media\/671960"}],"wp:attachment":[{"href":"https:\/\/shop.kustom.ch\/it\/wp-json\/wp\/v2\/media?parent=610503"}],"wp:term":[{"taxonomy":"product_brand","embeddable":true,"href":"https:\/\/shop.kustom.ch\/it\/wp-json\/wp\/v2\/product_brand?post=610503"},{"taxonomy":"product_cat","embeddable":true,"href":"https:\/\/shop.kustom.ch\/it\/wp-json\/wp\/v2\/product_cat?post=610503"},{"taxonomy":"product_tag","embeddable":true,"href":"https:\/\/shop.kustom.ch\/it\/wp-json\/wp\/v2\/product_tag?post=610503"}],"curies":[{"name":"wp","href":"https:\/\/api.w.org\/{rel}","templated":true}]}}