{"id":610465,"date":"2025-03-06T04:15:43","date_gmt":"2025-03-06T03:15:43","guid":{"rendered":"https:\/\/shop.kustom.ch\/?post_type=product&#038;p=610465"},"modified":"2026-04-01T07:39:37","modified_gmt":"2026-04-01T06:39:37","slug":"fhb-original-torge-arbeitshose","status":"publish","type":"product","link":"https:\/\/shop.kustom.ch\/it\/prodotto\/fhb-original-torge-arbeitshose\/","title":{"rendered":"Pantaloni da lavoro TORGE"},"content":{"rendered":"<p>In forma:<br \/>\nVestibilit\u00e0 extra confortevole con ampio spazio e libert\u00e0 di movimento.<br \/>\nTorge ha un taglio dritto e si adagia sul corpo, mentre la fascia in vita pi\u00f9 alta sul retro migliora il comfort di vestibilit\u00e0 e assicura che la schiena sia comodamente coperta anche dalle ginocchia.<br \/>\nCirconferenza della larghezza del piede:<br \/>\n44 cm<br \/>\nBorse:<br \/>\n1 tasca applicata per cellulare sulla parte anteriore sinistra.<br \/>\n\u00c8 alto 13 cm e largo 8,5 cm ed \u00e8 quindi adatto anche agli smartphone pi\u00f9 grandi.<br \/>\nLa tasca per il cellulare pu\u00f2 essere chiusa con una pattina.<br \/>\nChiusura in velcro.1 tasca applicata per coltelli sul davanti a destra.1 tasca applicata per righelli e penne a destra.2 tasche posteriori aperte e spaziose.2 tasche aperte a fessura sul davanti.2 passanti per attrezzi sul retro sotto i passanti della cintura, ad esempio per il martello.A causa della speciale costruzione delle tasche, tutte le borse sono realizzate anche con il tessuto esterno in pelle inglese incredibilmente resistente (520g\/m\u00b2).<br \/>\nPassanti per cintura:<br \/>\nPassanti per cintura extra larghi 2 cm, i passanti per cintura hanno la giusta distanza per le tasche delle fondine FHB Max e Moritz.<br \/>\nElaborazione:<br \/>\nLe cuciture a tripla impuntura rinforzano i pantaloni e migliorano la resistenza agli strappi. Materiale: cotone 100%<\/p>","protected":false},"excerpt":{"rendered":"<p>Passform: Extra bequeme Passform mit reichlich Spielraum und Bewegungsfreiheit. Torge ist gerade geschnitten und sitzt locker am K\u00f6rper.Der h\u00f6her gezogene Bund hinten verbessert das Tragegef\u00fchl und sorgt daf\u00fcr, dass der R\u00fccken auch im Knien angenehm bedeckt ist. Fussweitenumfang: 44 cm Taschen: 1 aufgesetzte Handytasche vorne links. Sie ist 13 cm hoch und 8,5 cm breit [&hellip;]<\/p>\n","protected":false},"featured_media":672325,"template":"","meta":[],"product_brand":[],"product_cat":[4185],"product_tag":[],"class_list":{"0":"post-610465","1":"product","2":"type-product","3":"status-publish","4":"has-post-thumbnail","6":"product_cat-hosen","7":"pa_brand-fhb","8":"pa_brand-type-workwear","9":"pa_filter-color-schwarz","11":"first","12":"instock","13":"sale","14":"taxable","15":"shipping-taxable","16":"purchasable","17":"product-type-variable","18":"add-to-wishlist-before_image"},"exclude_global_add_ons":[],"addons":[],"acf":[],"_links":{"self":[{"href":"https:\/\/shop.kustom.ch\/it\/wp-json\/wp\/v2\/product\/610465"}],"collection":[{"href":"https:\/\/shop.kustom.ch\/it\/wp-json\/wp\/v2\/product"}],"about":[{"href":"https:\/\/shop.kustom.ch\/it\/wp-json\/wp\/v2\/types\/product"}],"wp:featuredmedia":[{"embeddable":true,"href":"https:\/\/shop.kustom.ch\/it\/wp-json\/wp\/v2\/media\/672325"}],"wp:attachment":[{"href":"https:\/\/shop.kustom.ch\/it\/wp-json\/wp\/v2\/media?parent=610465"}],"wp:term":[{"taxonomy":"product_brand","embeddable":true,"href":"https:\/\/shop.kustom.ch\/it\/wp-json\/wp\/v2\/product_brand?post=610465"},{"taxonomy":"product_cat","embeddable":true,"href":"https:\/\/shop.kustom.ch\/it\/wp-json\/wp\/v2\/product_cat?post=610465"},{"taxonomy":"product_tag","embeddable":true,"href":"https:\/\/shop.kustom.ch\/it\/wp-json\/wp\/v2\/product_tag?post=610465"}],"curies":[{"name":"wp","href":"https:\/\/api.w.org\/{rel}","templated":true}]}}