{"id":608690,"date":"2025-03-05T05:05:15","date_gmt":"2025-03-05T04:05:15","guid":{"rendered":"https:\/\/shop.kustom.ch\/?post_type=product&#038;p=608690"},"modified":"2026-04-01T07:22:36","modified_gmt":"2026-04-01T06:22:36","slug":"fhb-original-hinnerk-seemanns-troyer","status":"publish","type":"product","link":"https:\/\/shop.kustom.ch\/it\/prodotto\/fhb-original-hinnerk-seemanns-troyer\/","title":{"rendered":"Troietta da marinaio HINNERK"},"content":{"rendered":"<p>Rilassato:<br \/>\nLa giacca da marinaio casual ha una vestibilit\u00e0 aderente e un colletto a doppia maglia.<br \/>\nLa vestibilit\u00e0 \u00e8 comoda e rilassata, per una libert\u00e0 di movimento ottimale.<br \/>\nIl troyer \u00e8 tagliato leggermente pi\u00f9 lungo nella parte inferiore rispetto al normale.<br \/>\nIl colletto si adatta perfettamente al collo (senza stringere) e protegge dal freddo.<br \/>\nCaldo:<br \/>\nIl troyer \u00e8 realizzato in un tessuto a maglia pesante ed eccezionalmente caldo con lana vergine 80%.<br \/>\nHa la particolarit\u00e0 di rimanere piacevolmente caldo anche quando \u00e8 umido, il che lo rende ideale per lavorare all'aperto.<br \/>\nLa lana vergine \u00e8 naturalmente inibitrice degli odori, traspirante e ha un effetto termoregolatore.<br \/>\nQuesto significa che potete indossare la troyer quasi tutto l'anno.<br \/>\nPu\u00f2 essere indossato pi\u00f9 volte senza dover essere necessariamente lavato.<br \/>\n\u00c8 sufficiente arieggiare la stanza durante la notte.<br \/>\nRobusto:<br \/>\nIl poliacrilico 20% \u00e8 incorporato nel tessuto a maglia, il che ne aumenta significativamente la durata e la tenuta della forma.<br \/>\nIl tessuto a maglia \u00e8 resistente all'acqua di mare e pu\u00f2 sopportare il contatto con l'acqua salata.<br \/>\nCarattere forte:<br \/>\nIl nostro popolare troyer da marinaio, con il caratteristico motivo a maglia, \u00e8 accuratamente rifinito nei dettagli con splendidi dettagli di cucitura a maglia.<br \/>\nAdatto all'uso quotidiano:<br \/>\nGrazie al suo design minimalista e senza tempo, Hinnerk \u00e8 ideale da abbinare a jeans e stivali nel tempo libero. Materiale: 80% lana vergine, 20% poliacrilico<\/p>","protected":false},"excerpt":{"rendered":"<p>Entspannt: Der l\u00e4ssige Seemannstroyer hat eine k\u00f6rpernahe Passform mit doppelt gestricktem Stehkragen. Er sitzt angenehm locker und entspannt f\u00fcr eine optimale Bewegungsfreiheit. Der Troyer ist nach unten etwas l\u00e4nger geschnitten als normal. Dadurch wird auch bei gebeugter oder kniender Haltung der R\u00fcckenbereich sauber abgedeckt, was insbesondere an k\u00e4lteren Tagen sehr angenehm ist.Der Kragen schmiegt sich [&hellip;]<\/p>\n","protected":false},"featured_media":672100,"template":"","meta":[],"product_brand":[],"product_cat":[4191],"product_tag":[],"class_list":{"0":"post-608690","1":"product","2":"type-product","3":"status-publish","4":"has-post-thumbnail","6":"product_cat-longsleeves-sweatshirts","7":"pa_brand-fhb","8":"pa_brand-type-workwear","9":"pa_filter-color-anthrazit","10":"pa_filter-color-braun","11":"pa_filter-color-grau","12":"pa_filter-color-marine","13":"pa_filter-color-schwarz","15":"first","16":"instock","17":"sale","18":"taxable","19":"shipping-taxable","20":"purchasable","21":"product-type-variable","22":"add-to-wishlist-before_image"},"exclude_global_add_ons":[],"addons":[],"acf":[],"_links":{"self":[{"href":"https:\/\/shop.kustom.ch\/it\/wp-json\/wp\/v2\/product\/608690"}],"collection":[{"href":"https:\/\/shop.kustom.ch\/it\/wp-json\/wp\/v2\/product"}],"about":[{"href":"https:\/\/shop.kustom.ch\/it\/wp-json\/wp\/v2\/types\/product"}],"wp:featuredmedia":[{"embeddable":true,"href":"https:\/\/shop.kustom.ch\/it\/wp-json\/wp\/v2\/media\/672100"}],"wp:attachment":[{"href":"https:\/\/shop.kustom.ch\/it\/wp-json\/wp\/v2\/media?parent=608690"}],"wp:term":[{"taxonomy":"product_brand","embeddable":true,"href":"https:\/\/shop.kustom.ch\/it\/wp-json\/wp\/v2\/product_brand?post=608690"},{"taxonomy":"product_cat","embeddable":true,"href":"https:\/\/shop.kustom.ch\/it\/wp-json\/wp\/v2\/product_cat?post=608690"},{"taxonomy":"product_tag","embeddable":true,"href":"https:\/\/shop.kustom.ch\/it\/wp-json\/wp\/v2\/product_tag?post=608690"}],"curies":[{"name":"wp","href":"https:\/\/api.w.org\/{rel}","templated":true}]}}