{"id":608526,"date":"2025-03-05T05:02:24","date_gmt":"2025-03-05T04:02:24","guid":{"rendered":"https:\/\/shop.kustom.ch\/?post_type=product&#038;p=608526"},"modified":"2026-04-01T07:13:49","modified_gmt":"2026-04-01T06:13:49","slug":"fhb-original-hans-zunft-shorts-genuacord","status":"publish","type":"product","link":"https:\/\/shop.kustom.ch\/it\/prodotto\/fhb-original-hans-zunft-shorts-genuacord\/","title":{"rendered":"Pantaloncini della corporazione HANS Genuacord"},"content":{"rendered":"<p>In forma:<br \/>\nL'elastico in vita \u00e8 pi\u00f9 largo rispetto ai pantaloni normali, per garantire una buona vestibilit\u00e0 dei pantaloni e la loro tenuta anche durante i movimenti.<br \/>\nLe alette con ganci e occhielli dietro le cerniere assicurano una vestibilit\u00e0 stabile ed evitano che scivolino durante il movimento.<br \/>\nLunghezza del passo:<br \/>\nHans ha un'altezza media dal ginocchio di 25 cm nella taglia 50.<br \/>\nBorse:<br \/>\nRegolo pieghevole e tasca portapenne su entrambi i lati dei pantaloni.<br \/>\nIn questo modo il regolo pieghevole e la matita sono sempre a portata di mano con la mano destra o sinistra.<br \/>\nTasche anteriori su entrambi i lati dei pantaloni con aperture ampie e facilmente accessibili.<br \/>\nLe ampie tasche sono realizzate con una fodera robusta e resistente (300 g\/m\u00b2).1 tasca posteriore con bottone.I passanti per la cintura hanno la distanza adeguata per le tasche delle fondine FHB Max e Moritz.<br \/>\nChiusure a zip:<br \/>\nLe cerniere extra-large di YKK con estremit\u00e0 solide sono particolarmente robuste e durevoli.<br \/>\nElaborazione:<br \/>\nLe robuste cuciture doppie rinforzano i pantaloni per una maggiore durata.<br \/>\nGli angoli in ecopelle con doppia cucitura proteggono gli angoli della borsa da strappi anche in presenza di carichi elevati, inoltre utilizziamo un filato particolarmente resistente agli strappi con un rivestimento in cotone e un'anima in poliestere. i bordi della borsa in ecopelle resistente rinforzano l'apertura della borsa e proteggono dall'usura precoce.<br \/>\nFamiglia di prodotti:<br \/>\nHans fa parte di un'ampia famiglia di prodotti che comprende pantaloni e gilet da uomo e da donna con lo stesso design e lo stesso materiale esterno.<br \/>\nCos\u00ec potete vestire voi stessi o un intero team da un unico stampo.<br \/>\nIl vostro logo:<br \/>\nOttime opzioni di finitura per posizionare perfettamente il vostro logo. Materiale: cotone 70%, poliestere 30%<\/p>","protected":false},"excerpt":{"rendered":"<p>Passform: Die Zunftshorts ist bequem geschnitten und sitzt angenehm locker.Der hinten leicht h\u00f6her gezogen Bund erh\u00f6ht den Tragekomfort.Der Hosenbund ist breiter als bei normalen Hosen, was daf\u00fcr sorgt, dass die Hose gut sitzt und auch in der Bewegung da bleibt, wo sie hingeh\u00f6rt. Zudem ist der Bund formstabil und sitzt immer so wie am ersten [&hellip;]<\/p>\n","protected":false},"featured_media":672069,"template":"","meta":[],"product_brand":[],"product_cat":[4185],"product_tag":[],"class_list":{"0":"post-608526","1":"product","2":"type-product","3":"status-publish","4":"has-post-thumbnail","6":"product_cat-hosen","7":"pa_brand-fhb","8":"pa_brand-type-workwear","9":"pa_filter-color-beige","10":"pa_filter-color-schwarz","12":"first","13":"instock","14":"sale","15":"taxable","16":"shipping-taxable","17":"purchasable","18":"product-type-variable","19":"add-to-wishlist-before_image"},"exclude_global_add_ons":[],"addons":[],"acf":[],"_links":{"self":[{"href":"https:\/\/shop.kustom.ch\/it\/wp-json\/wp\/v2\/product\/608526"}],"collection":[{"href":"https:\/\/shop.kustom.ch\/it\/wp-json\/wp\/v2\/product"}],"about":[{"href":"https:\/\/shop.kustom.ch\/it\/wp-json\/wp\/v2\/types\/product"}],"wp:featuredmedia":[{"embeddable":true,"href":"https:\/\/shop.kustom.ch\/it\/wp-json\/wp\/v2\/media\/672069"}],"wp:attachment":[{"href":"https:\/\/shop.kustom.ch\/it\/wp-json\/wp\/v2\/media?parent=608526"}],"wp:term":[{"taxonomy":"product_brand","embeddable":true,"href":"https:\/\/shop.kustom.ch\/it\/wp-json\/wp\/v2\/product_brand?post=608526"},{"taxonomy":"product_cat","embeddable":true,"href":"https:\/\/shop.kustom.ch\/it\/wp-json\/wp\/v2\/product_cat?post=608526"},{"taxonomy":"product_tag","embeddable":true,"href":"https:\/\/shop.kustom.ch\/it\/wp-json\/wp\/v2\/product_tag?post=608526"}],"curies":[{"name":"wp","href":"https:\/\/api.w.org\/{rel}","templated":true}]}}