{"id":608458,"date":"2025-03-05T05:01:34","date_gmt":"2025-03-05T04:01:34","guid":{"rendered":"https:\/\/shop.kustom.ch\/?post_type=product&#038;p=608458"},"modified":"2026-04-01T07:23:44","modified_gmt":"2026-04-01T06:23:44","slug":"fhb-original-hilde-zunftweste-genuacord","status":"publish","type":"product","link":"https:\/\/shop.kustom.ch\/it\/prodotto\/fhb-original-hilde-zunftweste-genuacord\/","title":{"rendered":"Gilet HILDE Genuacord"},"content":{"rendered":"<p>In forma:<br \/>\nVestibilit\u00e0 ampia, leggermente affusolata, schiena corta, nuova vestibilit\u00e0 con maggiore funzionalit\u00e0.<br \/>\nHilde ha ora un taglio leggermente pi\u00f9 ampio per una libert\u00e0 di movimento illimitata e una scollatura ergonomica.<br \/>\nLa scollatura di Hilde \u00e8 stata ottimizzata ed \u00e8 ora pi\u00f9 bassa sul collo, il che significa che il gilet non sfrega quando ci si muove.<br \/>\nRegolazione della larghezza:<br \/>\n2 cinturini posteriori con fibbia per regolare individualmente la larghezza del gilet.<br \/>\nPulsanti:<br \/>\nDoppiopetto tradizionale, otto bottoni, finta madreperla.<br \/>\nBorse:<br \/>\n1 tasca anteriore per cellulare con cerniera.1 cerniera YKK di alta qualit\u00e0 con catena intrecciata (all'interno): Protegge dallo sporco e dalle schegge che non si incastrano.2 tasche esterne aperte.1 tasca interna con zip.<br \/>\n:<br \/>\nElaborazione:<br \/>\nI bottoni vengono cuciti su un'impugnatura e poi avvolti in tensione con uno speciale filo elastico termoindurente noto come Ascolite.<br \/>\nQuesto processo di Ascolite \u00e8 stato sviluppato per risolvere il problema dei bottoni che si staccano e per aumentare la durata dei gilet delle corporazioni.<br \/>\nFamiglia di prodotti:<br \/>\nHilde fa parte di un'ampia famiglia di prodotti che comprende gilet e pantaloni da uomo e da donna con lo stesso design e lo stesso materiale esterno.<br \/>\nCos\u00ec potete vestire voi stessi o un intero team da un unico stampo.<br \/>\nIl vostro logo:<br \/>\nOttime opzioni di finitura per posizionare perfettamente il vostro logo. Materiale: cotone 70%, poliestere 30%<\/p>","protected":false},"excerpt":{"rendered":"<p>Passform: Lockere Passform, leicht tailliert.Kurzer R\u00fccken.Neue Passform mit mehr Funktionalit\u00e4t. Hilde ist jetzt etwas weiter geschnitten, f\u00fcr eine uneingeschr\u00e4nkte Bewegungsfreiheit.Ergonomischer Halsausschnitt. Der Ausschnitt wurde bei Hilde optimiert und ist jetzt halsferner, wodurch die Weste in der Bewegung nicht reibt. Weitenregulierung: 2 R\u00fcckenschnallgurte, um die Weite der Weste individuell anpassen zu k\u00f6nnen. Kn\u00f6pfe: Traditionell zweireihig, achtkn\u00f6pfig.Perlmuttimitatkn\u00f6pfe. [&hellip;]<\/p>\n","protected":false},"featured_media":672098,"template":"","meta":[],"product_brand":[],"product_cat":[4208],"product_tag":[],"class_list":{"0":"post-608458","1":"product","2":"type-product","3":"status-publish","4":"has-post-thumbnail","6":"product_cat-westen","7":"pa_brand-fhb","8":"pa_brand-type-workwear","9":"pa_filter-color-beige","10":"pa_filter-color-schwarz","12":"first","13":"instock","14":"sale","15":"taxable","16":"shipping-taxable","17":"purchasable","18":"product-type-variable","19":"add-to-wishlist-before_image"},"exclude_global_add_ons":[],"addons":[],"acf":[],"_links":{"self":[{"href":"https:\/\/shop.kustom.ch\/it\/wp-json\/wp\/v2\/product\/608458"}],"collection":[{"href":"https:\/\/shop.kustom.ch\/it\/wp-json\/wp\/v2\/product"}],"about":[{"href":"https:\/\/shop.kustom.ch\/it\/wp-json\/wp\/v2\/types\/product"}],"wp:featuredmedia":[{"embeddable":true,"href":"https:\/\/shop.kustom.ch\/it\/wp-json\/wp\/v2\/media\/672098"}],"wp:attachment":[{"href":"https:\/\/shop.kustom.ch\/it\/wp-json\/wp\/v2\/media?parent=608458"}],"wp:term":[{"taxonomy":"product_brand","embeddable":true,"href":"https:\/\/shop.kustom.ch\/it\/wp-json\/wp\/v2\/product_brand?post=608458"},{"taxonomy":"product_cat","embeddable":true,"href":"https:\/\/shop.kustom.ch\/it\/wp-json\/wp\/v2\/product_cat?post=608458"},{"taxonomy":"product_tag","embeddable":true,"href":"https:\/\/shop.kustom.ch\/it\/wp-json\/wp\/v2\/product_tag?post=608458"}],"curies":[{"name":"wp","href":"https:\/\/api.w.org\/{rel}","templated":true}]}}