{"id":608279,"date":"2025-03-05T04:58:58","date_gmt":"2025-03-05T03:58:58","guid":{"rendered":"https:\/\/shop.kustom.ch\/?post_type=product&#038;p=608279"},"modified":"2026-04-01T07:35:48","modified_gmt":"2026-04-01T06:35:48","slug":"fhb-original-greta-zunfthose-genuacord","status":"publish","type":"product","link":"https:\/\/shop.kustom.ch\/it\/prodotto\/fhb-original-greta-zunfthose-genuacord\/","title":{"rendered":"Pantaloni della gilda GRETA Genuacord"},"content":{"rendered":"<p>In forma:<br \/>\nL'elastico in vita \u00e8 pi\u00f9 largo rispetto ai pantaloni normali, il che garantisce una buona vestibilit\u00e0 dei pantaloni e la loro tenuta anche in movimento.<br \/>\nLe alette con ganci e occhielli dietro le cerniere assicurano una vestibilit\u00e0 stabile ed evitano che scivolino durante il movimento.<br \/>\nCirconferenza della larghezza del piede:<br \/>\n38 cm<br \/>\nRegolazione della larghezza:<br \/>\nLa misura della vita dei pantaloni pu\u00f2 essere regolata individualmente con 2 cinghie con fibbia.<br \/>\nBorse:<br \/>\nTasche a soffietto su entrambi i lati dei pantaloni.<br \/>\nIn questo modo il regolo pieghevole e la matita sono sempre a portata di mano con la mano destra o sinistra.<br \/>\nTasche anteriori su entrambi i lati dei pantaloni con aperture ampie e facilmente accessibili.<br \/>\nLe ampie tasche sono realizzate con una fodera robusta e resistente (300 g\/m\u00b2).1 tasca posteriore.I passanti per la cintura hanno la distanza appropriata per le tasche delle fondine FHB Max e Moritz.<br \/>\nChiusure a zip:<br \/>\nLe cerniere YKK argentate ed extra-large con estremit\u00e0 massicce sono particolarmente robuste e durevoli.<br \/>\nElaborazione:<br \/>\nLe robuste cuciture doppie rinforzano i pantaloni per una maggiore durata.<br \/>\nGli angoli in ecopelle con doppia cucitura proteggono gli angoli della borsa da strappi anche in presenza di carichi elevati, inoltre utilizziamo un filato particolarmente resistente agli strappi con un rivestimento in cotone e un'anima in poliestere. i bordi della borsa in ecopelle resistente rinforzano l'apertura della borsa e proteggono dall'usura precoce.<br \/>\nFamiglia di prodotti:<br \/>\nGreta fa parte di un'ampia famiglia di prodotti che comprende pantaloni e gilet da uomo e da donna con lo stesso design e lo stesso materiale esterno.<br \/>\nCos\u00ec potete vestire voi stessi o un intero team da un unico stampo.<br \/>\nIl vostro logo:<br \/>\nOttime opzioni di finitura per posizionare perfettamente il vostro logo. Materiale: cotone 70%, poliestere 30%<\/p>","protected":false},"excerpt":{"rendered":"<p>Passform: Die Zunfthose ist bequem geschnitten und sitzt angenehm locker.Der Hosenbund ist breiter als bei normalen Hosen, was daf\u00fcr sorgt, dass die Hose gut sitzt und auch in der Bewegung da bleibt, wo sie hingeh\u00f6rt. Zudem ist der Bund formstabil und sitzt immer so wie am ersten Tag.Die Klappen mit Haken und \u00d6sen hinter den [&hellip;]<\/p>\n","protected":false},"featured_media":672061,"template":"","meta":[],"product_brand":[],"product_cat":[4185],"product_tag":[],"class_list":{"0":"post-608279","1":"product","2":"type-product","3":"status-publish","4":"has-post-thumbnail","6":"product_cat-hosen","7":"pa_brand-fhb","8":"pa_brand-type-workwear","9":"pa_filter-color-schwarz","11":"first","12":"instock","13":"sale","14":"taxable","15":"shipping-taxable","16":"purchasable","17":"product-type-variable","18":"add-to-wishlist-before_image"},"exclude_global_add_ons":[],"addons":[],"acf":[],"_links":{"self":[{"href":"https:\/\/shop.kustom.ch\/it\/wp-json\/wp\/v2\/product\/608279"}],"collection":[{"href":"https:\/\/shop.kustom.ch\/it\/wp-json\/wp\/v2\/product"}],"about":[{"href":"https:\/\/shop.kustom.ch\/it\/wp-json\/wp\/v2\/types\/product"}],"wp:featuredmedia":[{"embeddable":true,"href":"https:\/\/shop.kustom.ch\/it\/wp-json\/wp\/v2\/media\/672061"}],"wp:attachment":[{"href":"https:\/\/shop.kustom.ch\/it\/wp-json\/wp\/v2\/media?parent=608279"}],"wp:term":[{"taxonomy":"product_brand","embeddable":true,"href":"https:\/\/shop.kustom.ch\/it\/wp-json\/wp\/v2\/product_brand?post=608279"},{"taxonomy":"product_cat","embeddable":true,"href":"https:\/\/shop.kustom.ch\/it\/wp-json\/wp\/v2\/product_cat?post=608279"},{"taxonomy":"product_tag","embeddable":true,"href":"https:\/\/shop.kustom.ch\/it\/wp-json\/wp\/v2\/product_tag?post=608279"}],"curies":[{"name":"wp","href":"https:\/\/api.w.org\/{rel}","templated":true}]}}