{"id":608079,"date":"2025-03-05T04:56:13","date_gmt":"2025-03-05T03:56:13","guid":{"rendered":"https:\/\/shop.kustom.ch\/?post_type=product&#038;p=608079"},"modified":"2026-04-01T07:18:43","modified_gmt":"2026-04-01T06:18:43","slug":"fhb-original-lars-arbeitsjacke","status":"publish","type":"product","link":"https:\/\/shop.kustom.ch\/it\/prodotto\/fhb-original-lars-arbeitsjacke\/","title":{"rendered":"Giacca da lavoro LARS"},"content":{"rendered":"<p>In forma:<br \/>\nLars ha un taglio libero.<br \/>\nIl taglio ergonomico della giacca \u00e8 stato modellato sull'anatomia del corpo.<br \/>\nAd esempio, le maniche sono leggermente preformate e si adattano alla postura naturale del corpo.<br \/>\nLa schiena \u00e8 leggermente pi\u00f9 lunga e copre la zona lombare anche quando si \u00e8 piegati o inginocchiati, il che \u00e8 particolarmente comodo nelle giornate pi\u00f9 fredde.<br \/>\nCollo alto:<br \/>\nIl colletto a chiusura alta protegge dal vento freddo.<br \/>\nPer il colletto interno viene utilizzato un micropile piacevolmente morbido e riscaldante.<br \/>\nLa protezione per il mento (zip garage) sul colletto alto impedisce alla zip chiusa di graffiarsi.<br \/>\nBorse:<br \/>\n2 grandi tasche laterali con ampia apertura.<br \/>\nLe tasche sono dotate di chiusura a zip e di sacchetti resistenti in robusto materiale di rivestimento.<br \/>\n1 tasca sul petto chiudibile con cerniera YKK.2 tasche con patta e chiusura a velcro nella zona del petto.<br \/>\nLe patelle sono a scomparsa.2 tasche interne.<br \/>\nSul lato sinistro per uno smartphone e sul lato destro per un tablet.Tasca portapenne sul braccio sinistro per 4 penne.<br \/>\nRegolazione della larghezza:<br \/>\nIl girovita pu\u00f2 essere regolato alla larghezza ideale con una coulisse e chiuso con stopper.<br \/>\nQuesto garantisce una buona vestibilit\u00e0 della giacca e l'assenza di spiacevoli infiltrazioni di freddo, mentre i polsini sono dotati di una linguetta con chiusura a velcro per regolarne l'ampiezza.<br \/>\nChiusure lampo funzionali:<br \/>\nZip frontale YKK molto scorrevole, nascosta da una pattina antitempesta, zip allungata per facilitare l'azionamento della zip anche quando si indossano i guanti.<br \/>\nLa cerniera ha una forma morbida ed \u00e8 dotata di grip all'interno.<br \/>\nCucitura della spalla:<br \/>\nIl<br \/>\n:<br \/>\nLa cucitura della spalla di Lars \u00e8 appoggiata di lato.<br \/>\nIl vantaggio: se si trasporta una borsa o una trave di legno sulla spalla, non c'\u00e8 un punto di pressione scomodo.<br \/>\nIl vostro logo:<br \/>\nBuone possibilit\u00e0 di personalizzazione su entrambi i lati del petto, sulla schiena e sulle maniche. Materiale: poliestere 100%<\/p>","protected":false},"excerpt":{"rendered":"<p>Passform: Lars ist locker geschnitten. Der ergonomische Schnitt der Jacke wurde der Anatomie des K\u00f6rpers nachempfunden. So sind die \u00c4rmel leicht vorgeformt und entsprechend der nat\u00fcrlichen Haltung des K\u00f6rpers. Der R\u00fccken ist leicht verl\u00e4ngert und deckt auch bei gebeugter oder kniender Haltung den R\u00fcckbereich sauber ab, was insbesondere an k\u00e4lteren Tagen sehr angenehm ist. Hochschliessender [&hellip;]<\/p>\n","protected":false},"featured_media":672186,"template":"","meta":[],"product_brand":[],"product_cat":[4186],"product_tag":[],"class_list":{"0":"post-608079","1":"product","2":"type-product","3":"status-publish","4":"has-post-thumbnail","6":"product_cat-jacken","7":"pa_brand-fhb","8":"pa_brand-type-workwear","9":"pa_filter-color-anthrazit-schwarz","10":"pa_filter-color-beige-schwarz","11":"pa_filter-color-grau-schwarz","12":"pa_filter-color-gruen-schwarz","13":"pa_filter-color-marine-schwarz","14":"pa_filter-color-oliv-schwarz","15":"pa_filter-color-rot-schwarz","16":"pa_filter-color-royalblau-schwarz","17":"pa_filter-color-schwarz","18":"pa_filter-color-weiss-anthrazit","20":"first","21":"instock","22":"sale","23":"taxable","24":"shipping-taxable","25":"purchasable","26":"product-type-variable","27":"add-to-wishlist-before_image"},"exclude_global_add_ons":[],"addons":[],"acf":[],"_links":{"self":[{"href":"https:\/\/shop.kustom.ch\/it\/wp-json\/wp\/v2\/product\/608079"}],"collection":[{"href":"https:\/\/shop.kustom.ch\/it\/wp-json\/wp\/v2\/product"}],"about":[{"href":"https:\/\/shop.kustom.ch\/it\/wp-json\/wp\/v2\/types\/product"}],"wp:featuredmedia":[{"embeddable":true,"href":"https:\/\/shop.kustom.ch\/it\/wp-json\/wp\/v2\/media\/672186"}],"wp:attachment":[{"href":"https:\/\/shop.kustom.ch\/it\/wp-json\/wp\/v2\/media?parent=608079"}],"wp:term":[{"taxonomy":"product_brand","embeddable":true,"href":"https:\/\/shop.kustom.ch\/it\/wp-json\/wp\/v2\/product_brand?post=608079"},{"taxonomy":"product_cat","embeddable":true,"href":"https:\/\/shop.kustom.ch\/it\/wp-json\/wp\/v2\/product_cat?post=608079"},{"taxonomy":"product_tag","embeddable":true,"href":"https:\/\/shop.kustom.ch\/it\/wp-json\/wp\/v2\/product_tag?post=608079"}],"curies":[{"name":"wp","href":"https:\/\/api.w.org\/{rel}","templated":true}]}}