{"id":607383,"date":"2025-03-05T04:48:28","date_gmt":"2025-03-05T03:48:28","guid":{"rendered":"https:\/\/shop.kustom.ch\/?post_type=product&#038;p=607383"},"modified":"2026-04-01T07:21:54","modified_gmt":"2026-04-01T06:21:54","slug":"fhb-original-eckhard-latzhose","status":"publish","type":"product","link":"https:\/\/shop.kustom.ch\/it\/prodotto\/fhb-original-eckhard-latzhose\/","title":{"rendered":"Salopette ECKHARD"},"content":{"rendered":"<p>In forma:<br \/>\nVestibilit\u00e0 extra confortevole e casual con ampio spazio e libert\u00e0 di movimento.<br \/>\nEckhard ha un taglio dritto e si adatta al corpo, con fianchi pi\u00f9 alti rispetto ai normali pantaloni a vita per proteggere i reni.<br \/>\nT-shirt e felpa sono quindi sempre ben infilate nella salopette.<br \/>\nLa zeppa inserita lateralmente \u00e8 particolarmente elasticizzata e si allunga comodamente quando li si indossa, rendendoli molto pi\u00f9 comodi quando ci si muove al lavoro e durante la pausa pranzo.<br \/>\nApparecchi ortodontici:<br \/>\nLe bretelle elastiche sono regolabili in lunghezza per garantire una vestibilit\u00e0 sempre confortevole e la robusta fibbia YKK in plastica \u00e8 particolarmente piatta, aderisce saldamente e non si muove quando ci si muove.<br \/>\nIl nastro portante \u00e8 particolarmente stabile dimensionalmente e non si deforma anche dopo frequenti lavaggi.<br \/>\nL'estremit\u00e0 della cinghia pu\u00f2 essere fatta passare attraverso una linguetta sul retro della pettorina per fissarla in posizione.<br \/>\nCi\u00f2 significa che \u00e8 sempre nascosto.<br \/>\nBorse:<br \/>\nSulla parte anteriore della pettorina si trova un'ampia tasca con patta e chiusura a velcro e uno scomparto separato per 2 penne, mentre le due ampie tasche posteriori sono coperte da una patta.<br \/>\n2 tasche laterali a fessura sul davanti con ampia apertura.<br \/>\nBorsa a tasche fisse in tessuto esterno resistente (300 g\/m\u00b2).Tasche per righelli a destra e a sinistra.Tasca per cellulare a destra.I passanti per la cintura hanno la giusta distanza per le borse con fondina FHB Max e Moritz.<br \/>\nTasche per ginocchiere:<br \/>\nLe ginocchiere FHB possono essere semplicemente infilate nelle tasche preformate dal basso.<br \/>\nElaborazione:<br \/>\nLe cuciture triple sul cavallo rinforzano i pantaloni e ne prolungano la durata.<br \/>\nBarre bianche a contrasto per rinforzare gli angoli della tasca.<br \/>\nDimensioni super grandi:<br \/>\nLe misure super-grandi sono disponibili a magazzino come standard.<br \/>\nCi\u00f2 significa che non ci sono tempi di attesa.<br \/>\nAnche qui vale lo stesso discorso: tutte le taglie - un unico prezzo.<br \/>\nAccorciamento dei pantaloni:<br \/>\nPu\u00f2 essere realizzato su misura per accorciare i pantaloni con un sovrapprezzo. Materiale: 65% cotone, 35% poliestere<\/p>","protected":false},"excerpt":{"rendered":"<p>Passform: Extra bequeme, l\u00e4ssige Passform mit reichlich Spielraum und Bewegungsfreiheit. Eckhard ist gerade geschnitten und sitzt locker am K\u00f6rper.Seitlich ist die Hose h\u00f6hergezogen als eine normale Bundhose, quasi als Nierenschutz. T-Shirt und Sweatshirt stecken somit immer ordentlich in der Latzhose. Der seitlich eingesetzte Keil ist besonders elastisch und dehnt sich komfortabel beim Anziehen, in der [&hellip;]<\/p>\n","protected":false},"featured_media":671969,"template":"","meta":[],"product_brand":[],"product_cat":[4185],"product_tag":[],"class_list":{"0":"post-607383","1":"product","2":"type-product","3":"status-publish","4":"has-post-thumbnail","6":"product_cat-hosen","7":"pa_brand-fhb","8":"pa_brand-type-workwear","9":"pa_filter-color-anthrazit-schwarz","10":"pa_filter-color-beige-schwarz","11":"pa_filter-color-grau-schwarz","12":"pa_filter-color-gruen-schwarz","13":"pa_filter-color-marine-schwarz","14":"pa_filter-color-oliv-schwarz","15":"pa_filter-color-rot-schwarz","16":"pa_filter-color-royalblau-schwarz","17":"pa_filter-color-schwarz","18":"pa_filter-color-weiss-anthrazit","20":"first","21":"instock","22":"sale","23":"taxable","24":"shipping-taxable","25":"purchasable","26":"product-type-variable","27":"add-to-wishlist-before_image"},"exclude_global_add_ons":[],"addons":[],"acf":[],"_links":{"self":[{"href":"https:\/\/shop.kustom.ch\/it\/wp-json\/wp\/v2\/product\/607383"}],"collection":[{"href":"https:\/\/shop.kustom.ch\/it\/wp-json\/wp\/v2\/product"}],"about":[{"href":"https:\/\/shop.kustom.ch\/it\/wp-json\/wp\/v2\/types\/product"}],"wp:featuredmedia":[{"embeddable":true,"href":"https:\/\/shop.kustom.ch\/it\/wp-json\/wp\/v2\/media\/671969"}],"wp:attachment":[{"href":"https:\/\/shop.kustom.ch\/it\/wp-json\/wp\/v2\/media?parent=607383"}],"wp:term":[{"taxonomy":"product_brand","embeddable":true,"href":"https:\/\/shop.kustom.ch\/it\/wp-json\/wp\/v2\/product_brand?post=607383"},{"taxonomy":"product_cat","embeddable":true,"href":"https:\/\/shop.kustom.ch\/it\/wp-json\/wp\/v2\/product_cat?post=607383"},{"taxonomy":"product_tag","embeddable":true,"href":"https:\/\/shop.kustom.ch\/it\/wp-json\/wp\/v2\/product_tag?post=607383"}],"curies":[{"name":"wp","href":"https:\/\/api.w.org\/{rel}","templated":true}]}}