{"id":607202,"date":"2025-03-05T04:46:20","date_gmt":"2025-03-05T03:46:20","guid":{"rendered":"https:\/\/shop.kustom.ch\/?post_type=product&#038;p=607202"},"modified":"2026-04-01T07:06:17","modified_gmt":"2026-04-01T06:06:17","slug":"fhb-original-theo-bermuda","status":"publish","type":"product","link":"https:\/\/shop.kustom.ch\/it\/prodotto\/fhb-original-theo-bermuda\/","title":{"rendered":"THEO Bermuda"},"content":{"rendered":"<p>In forma:<br \/>\nVestibilit\u00e0 extra confortevole e casual con ampio spazio e libert\u00e0 di movimento.<br \/>\nTheo ha un taglio rilassato e si adagia sulle cosce, mentre l'ampio passante per la cintura sul retro assicura una buona vestibilit\u00e0 dei pantaloni.<br \/>\nElaborazione:<br \/>\nLe cuciture triple sul cavallo rinforzano i pantaloni e ne prolungano la durata.<br \/>\nBarre bianche a contrasto per rinforzare gli angoli della tasca.<br \/>\nBorse:<br \/>\n2 tasche laterali a fessura sul davanti con ampie aperture per le tasche.<br \/>\nBorsa a tasche fisse in tessuto esterno resistente (300 g\/m\u00b2).2 spaziose tasche posteriori con soffietto e chiusura in velcro.Tasche per regoli pieghevoli a destra e a sinistraTasca per cellulare a destraI passanti per la cintura hanno la giusta distanza per le tasche delle fondine FHB Max e Moritz.<br \/>\nDimensioni super grandi:<br \/>\nLe misure super-grandi sono disponibili a magazzino come standard.<br \/>\nCi\u00f2 significa che non ci sono tempi di attesa.<br \/>\nAnche qui vale lo stesso principio: tutte le taglie - un unico prezzo. Materiale: 65% cotone, 35% poliestere<\/p>","protected":false},"excerpt":{"rendered":"<p>Passform: Extra bequeme, l\u00e4ssige Passform mit reichlich Spielraum und Bewegungsfreiheit. Theo ist entspannt geschnitten und sitzt locker an den Oberschenkeln.Die breite G\u00fcrtelschlaufe hinten f\u00f6rdert den guten Sitz der Hose. Verarbeitung: 3-fach-gesteppte Schrittn\u00e4hte verst\u00e4rken die Hose und verl\u00e4ngern die Lebensdauer. Weisse Kontrastriegel zur Verst\u00e4rkung an den Taschenecken. Taschen: 2 seitliche Schubtaschen vorne mit breitem Volumentascheneingriff. Feste [&hellip;]<\/p>\n","protected":false},"featured_media":672301,"template":"","meta":[],"product_brand":[],"product_cat":[4185],"product_tag":[],"class_list":{"0":"post-607202","1":"product","2":"type-product","3":"status-publish","4":"has-post-thumbnail","6":"product_cat-hosen","7":"pa_brand-fhb","8":"pa_brand-type-workwear","9":"pa_filter-color-anthrazit-schwarz","10":"pa_filter-color-beige-schwarz","11":"pa_filter-color-grau-schwarz","12":"pa_filter-color-gruen-schwarz","13":"pa_filter-color-marine-schwarz","14":"pa_filter-color-oliv-schwarz","15":"pa_filter-color-rot-schwarz","16":"pa_filter-color-royalblau-schwarz","17":"pa_filter-color-schwarz","18":"pa_filter-color-weiss-anthrazit","20":"first","21":"instock","22":"sale","23":"taxable","24":"shipping-taxable","25":"purchasable","26":"product-type-variable","27":"add-to-wishlist-before_image"},"exclude_global_add_ons":[],"addons":[],"acf":[],"_links":{"self":[{"href":"https:\/\/shop.kustom.ch\/it\/wp-json\/wp\/v2\/product\/607202"}],"collection":[{"href":"https:\/\/shop.kustom.ch\/it\/wp-json\/wp\/v2\/product"}],"about":[{"href":"https:\/\/shop.kustom.ch\/it\/wp-json\/wp\/v2\/types\/product"}],"wp:featuredmedia":[{"embeddable":true,"href":"https:\/\/shop.kustom.ch\/it\/wp-json\/wp\/v2\/media\/672301"}],"wp:attachment":[{"href":"https:\/\/shop.kustom.ch\/it\/wp-json\/wp\/v2\/media?parent=607202"}],"wp:term":[{"taxonomy":"product_brand","embeddable":true,"href":"https:\/\/shop.kustom.ch\/it\/wp-json\/wp\/v2\/product_brand?post=607202"},{"taxonomy":"product_cat","embeddable":true,"href":"https:\/\/shop.kustom.ch\/it\/wp-json\/wp\/v2\/product_cat?post=607202"},{"taxonomy":"product_tag","embeddable":true,"href":"https:\/\/shop.kustom.ch\/it\/wp-json\/wp\/v2\/product_tag?post=607202"}],"curies":[{"name":"wp","href":"https:\/\/api.w.org\/{rel}","templated":true}]}}