{"id":606763,"date":"2025-03-05T04:41:33","date_gmt":"2025-03-05T03:41:33","guid":{"rendered":"https:\/\/shop.kustom.ch\/?post_type=product&#038;p=606763"},"modified":"2026-04-01T07:10:00","modified_gmt":"2026-04-01T06:10:00","slug":"fhb-original-bruno-arbeitshose","status":"publish","type":"product","link":"https:\/\/shop.kustom.ch\/it\/prodotto\/fhb-original-bruno-arbeitshose\/","title":{"rendered":"Pantaloni da lavoro BRUNO"},"content":{"rendered":"<p>In forma:<br \/>\nVestibilit\u00e0 extra confortevole e casual con ampio spazio e libert\u00e0 di movimento.<br \/>\nBruno ha un taglio dritto e si adatta al corpo, mentre l'ampio passante per la cintura sul retro garantisce una buona vestibilit\u00e0 dei pantaloni.<br \/>\nTasche per ginocchiere:<br \/>\nLe ginocchiere FHB possono essere semplicemente infilate nelle tasche preformate dal basso.<br \/>\nElaborazione:<br \/>\nLe cuciture triple sul cavallo rinforzano i pantaloni e ne prolungano la durata.<br \/>\nBarre bianche a contrasto per rinforzare gli angoli della tasca.<br \/>\nBorse:<br \/>\n2 tasche laterali a fessura sul davanti con ampie aperture per le tasche.<br \/>\nBorsa a tasca fissa in resistente tessuto esterno di qualit\u00e0 full-twist (300 g\/m\u00b2).2 spaziose tasche posteriori con patta e soffietto.<br \/>\nI lembi elastici sono fissi.<br \/>\nTasche per righello a destra e a sinistraTasca per cellulare a destraI passanti della cintura hanno la giusta distanza per le tasche delle fondine FHB Max e Moritz.<br \/>\nDimensioni super grandi:<br \/>\nLe misure super-grandi sono disponibili a magazzino come standard.<br \/>\nCi\u00f2 significa che non ci sono tempi di attesa.<br \/>\nAnche qui vale lo stesso discorso: tutte le taglie - un unico prezzo.<br \/>\nAllungamento e accorciamento dei pantaloni:<br \/>\nI pantaloni possono essere allungati di una taglia intermedia senza doverli cucire.<br \/>\nA tal fine, \u00e8 sufficiente aprire una cucitura nell'orlo, ad esempio con un cutter.<br \/>\nFatto.<br \/>\nGrazie alla doppia finitura, i pantaloni allungati hanno anche un orlo perfetto.<br \/>\nNon deve essere cucito e pu\u00f2 essere realizzato su misura per accorciare i pantaloni con un sovrapprezzo. Materiale: 65% cotone, 35% poliestere<\/p>","protected":false},"excerpt":{"rendered":"<p>Passform: Extra bequeme, l\u00e4ssige Passform mit reichlich Spielraum und Bewegungsfreiheit. Bruno ist gerade geschnitten und sitzt locker am K\u00f6rper.Die breite G\u00fcrtelschlaufe hinten f\u00f6rdert den guten Sitz der Hose. Kniepolstertaschen: Die FHB-Kniepolster k\u00f6nnen einfach von unten in die vorgeformten Kniepolstertaschen eingeschoben werden. Verarbeitung: 3fach-gesteppten Schrittn\u00e4hte verst\u00e4rken die Hose und verl\u00e4ngern die Lebensdauer. Weisse Kontrastriegel zur Verst\u00e4rkung [&hellip;]<\/p>\n","protected":false},"featured_media":671923,"template":"","meta":[],"product_brand":[],"product_cat":[4185],"product_tag":[],"class_list":{"0":"post-606763","1":"product","2":"type-product","3":"status-publish","4":"has-post-thumbnail","6":"product_cat-hosen","7":"pa_brand-fhb","8":"pa_brand-type-workwear","9":"pa_filter-color-anthrazit-schwarz","10":"pa_filter-color-beige-schwarz","11":"pa_filter-color-grau-schwarz","12":"pa_filter-color-gruen-schwarz","13":"pa_filter-color-marine-schwarz","14":"pa_filter-color-oliv-schwarz","15":"pa_filter-color-rot-schwarz","16":"pa_filter-color-royalblau-schwarz","17":"pa_filter-color-schwarz","18":"pa_filter-color-weiss-anthrazit","20":"first","21":"instock","22":"sale","23":"taxable","24":"shipping-taxable","25":"purchasable","26":"product-type-variable","27":"add-to-wishlist-before_image"},"exclude_global_add_ons":[],"addons":[],"acf":[],"_links":{"self":[{"href":"https:\/\/shop.kustom.ch\/it\/wp-json\/wp\/v2\/product\/606763"}],"collection":[{"href":"https:\/\/shop.kustom.ch\/it\/wp-json\/wp\/v2\/product"}],"about":[{"href":"https:\/\/shop.kustom.ch\/it\/wp-json\/wp\/v2\/types\/product"}],"wp:featuredmedia":[{"embeddable":true,"href":"https:\/\/shop.kustom.ch\/it\/wp-json\/wp\/v2\/media\/671923"}],"wp:attachment":[{"href":"https:\/\/shop.kustom.ch\/it\/wp-json\/wp\/v2\/media?parent=606763"}],"wp:term":[{"taxonomy":"product_brand","embeddable":true,"href":"https:\/\/shop.kustom.ch\/it\/wp-json\/wp\/v2\/product_brand?post=606763"},{"taxonomy":"product_cat","embeddable":true,"href":"https:\/\/shop.kustom.ch\/it\/wp-json\/wp\/v2\/product_cat?post=606763"},{"taxonomy":"product_tag","embeddable":true,"href":"https:\/\/shop.kustom.ch\/it\/wp-json\/wp\/v2\/product_tag?post=606763"}],"curies":[{"name":"wp","href":"https:\/\/api.w.org\/{rel}","templated":true}]}}