{"id":606588,"date":"2025-03-05T04:39:22","date_gmt":"2025-03-05T03:39:22","guid":{"rendered":"https:\/\/shop.kustom.ch\/?post_type=product&#038;p=606588"},"modified":"2026-04-01T07:06:41","modified_gmt":"2026-04-01T06:06:41","slug":"fhb-original-frank-arbeitsjacke-herren","status":"publish","type":"product","link":"https:\/\/shop.kustom.ch\/it\/prodotto\/fhb-original-frank-arbeitsjacke-herren\/","title":{"rendered":"Giacca da lavoro FRANK"},"content":{"rendered":"<p>In forma:<br \/>\nFrank ha un taglio libero.<br \/>\nIl taglio ergonomico della giacca \u00e8 stato modellato sull'anatomia del corpo.<br \/>\nAd esempio, le maniche sono leggermente preformate e si adattano alla postura naturale del corpo.<br \/>\nLa schiena \u00e8 leggermente pi\u00f9 lunga e copre la zona lombare anche quando si \u00e8 piegati o inginocchiati, il che \u00e8 particolarmente comodo nelle giornate pi\u00f9 fredde.<br \/>\nInserti elasticizzati:<br \/>\nVestibilit\u00e0 e mobilit\u00e0 perfette grazie agli inserti Frinlock 3D nella zona delle spalle e sull'orlo della giacca.<br \/>\nCollo alto:<br \/>\nIl colletto a chiusura alta protegge dal vento freddo.<br \/>\nLa protezione per il mento (zip garage) sul colletto alto impedisce alla zip chiusa di graffiarsi.<br \/>\nBorse:<br \/>\n2 grandi tasche laterali con ampia apertura.<br \/>\nLe tasche sono dotate di chiusura a zip e di sacchetti resistenti in robusto tessuto esterno.<br \/>\n1 tasca sul petto chiudibile con cerniera YKK.2 tasche con patta e chiusura a velcro nella zona del petto.<br \/>\nI lembi sono retrattili e sul braccio sinistro \u00e8 presente una tasca per 4 penne.<br \/>\nRegolazione della larghezza:<br \/>\nI polsini sono dotati di una linguetta con chiusura a velcro per regolare la larghezza.<br \/>\nChiusure lampo funzionali:<br \/>\nZip frontale YKK molto scorrevole, nascosta da una pattina antitempesta, zip allungata per facilitare l'azionamento della zip anche quando si indossano i guanti.<br \/>\nLa cerniera ha una forma morbida ed \u00e8 dotata di grip all'interno.<br \/>\nFamiglia di prodotti:<br \/>\nFrank fa parte di un'ampia famiglia di pantaloni e giacche da lavoro per uomo e donna con lo stesso design e materiale esterno.<br \/>\nIl vostro logo:<br \/>\nOttime finiture su entrambi i lati del petto, sulla schiena e sulle maniche. Materiale: 50% cotone, 50% poliestere<\/p>","protected":false},"excerpt":{"rendered":"<p>Passform: Frank ist locker geschnitten. Der ergonomische Schnitt der Jacke wurde der Anatomie des K\u00f6rpers nachempfunden. So sind die \u00c4rmel leicht vorgeformt und entsprechend der nat\u00fcrlichen Haltung des K\u00f6rpers. Der R\u00fccken ist leicht verl\u00e4ngert und deckt auch bei gebeugter oder kniender Haltung den R\u00fcckenbereich sauber ab, was insbesondere an k\u00e4lteren Tagen sehr angenehm ist. Elastische [&hellip;]<\/p>\n","protected":false},"featured_media":672028,"template":"","meta":[],"product_brand":[],"product_cat":[4186],"product_tag":[],"class_list":{"0":"post-606588","1":"product","2":"type-product","3":"status-publish","4":"has-post-thumbnail","6":"product_cat-jacken","7":"pa_brand-fhb","8":"pa_brand-type-workwear","9":"pa_filter-color-anthrazit-schwarz","10":"pa_filter-color-beige-schwarz","11":"pa_filter-color-grau-schwarz","12":"pa_filter-color-gruen-schwarz","13":"pa_filter-color-marine-schwarz","14":"pa_filter-color-oliv-schwarz","15":"pa_filter-color-rot-schwarz","16":"pa_filter-color-royalblau-schwarz","17":"pa_filter-color-schwarz","18":"pa_filter-color-weiss-anthrazit","20":"first","21":"instock","22":"sale","23":"taxable","24":"shipping-taxable","25":"purchasable","26":"product-type-variable","27":"add-to-wishlist-before_image"},"exclude_global_add_ons":[],"addons":[],"acf":[],"_links":{"self":[{"href":"https:\/\/shop.kustom.ch\/it\/wp-json\/wp\/v2\/product\/606588"}],"collection":[{"href":"https:\/\/shop.kustom.ch\/it\/wp-json\/wp\/v2\/product"}],"about":[{"href":"https:\/\/shop.kustom.ch\/it\/wp-json\/wp\/v2\/types\/product"}],"wp:featuredmedia":[{"embeddable":true,"href":"https:\/\/shop.kustom.ch\/it\/wp-json\/wp\/v2\/media\/672028"}],"wp:attachment":[{"href":"https:\/\/shop.kustom.ch\/it\/wp-json\/wp\/v2\/media?parent=606588"}],"wp:term":[{"taxonomy":"product_brand","embeddable":true,"href":"https:\/\/shop.kustom.ch\/it\/wp-json\/wp\/v2\/product_brand?post=606588"},{"taxonomy":"product_cat","embeddable":true,"href":"https:\/\/shop.kustom.ch\/it\/wp-json\/wp\/v2\/product_cat?post=606588"},{"taxonomy":"product_tag","embeddable":true,"href":"https:\/\/shop.kustom.ch\/it\/wp-json\/wp\/v2\/product_tag?post=606588"}],"curies":[{"name":"wp","href":"https:\/\/api.w.org\/{rel}","templated":true}]}}