{"id":606335,"date":"2025-03-05T04:35:35","date_gmt":"2025-03-05T03:35:35","guid":{"rendered":"https:\/\/shop.kustom.ch\/?post_type=product&#038;p=606335"},"modified":"2026-04-01T07:07:35","modified_gmt":"2026-04-01T06:07:35","slug":"fhb-original-hugo-arbeitshose-kinder","status":"publish","type":"product","link":"https:\/\/shop.kustom.ch\/it\/prodotto\/fhb-original-hugo-arbeitshose-kinder\/","title":{"rendered":"Pantaloni da lavoro HUGO"},"content":{"rendered":"<p>In forma:<br \/>\nIl taglio funzionale si adatta ai movimenti naturali del corpo.<br \/>\n\u00c8 adattato ergonomicamente al corpo per garantire la massima libert\u00e0 di movimento.<br \/>\nTasche pratiche:<br \/>\n1 tasca per il righello a destra1 tasca per il volume richiudibile a sinistra2 tasche posteriori<br \/>\nRegolazione della larghezza:<br \/>\nLa fascia in vita \u00e8 regolabile e pu\u00f2 quindi essere facilmente adattata a diverse forme del corpo e crescere con il bambino per un certo periodo di tempo.<br \/>\nEstensione dei pantaloni:<br \/>\nI pantaloni possono essere allungati di 4 cm senza cuciture, permettendo cos\u00ec di crescere rapidamente.<br \/>\nPer farlo, \u00e8 sufficiente disfare una cucitura dell'orlo.<br \/>\nFatto.<br \/>\nRinforzo del ginocchio particolarmente robusto:<br \/>\nRinforzo del ginocchio in poliammide 100% (CORDURA\u00ae) CORDURA\u00ae \u00e8 un tessuto ad alta resistenza, particolarmente durevole e resistente all'abrasione grazie a una speciale tecnica di tessitura e al rivestimento.<br \/>\nIl materiale \u00e8 inoltre altamente idrorepellente.<br \/>\nPiccoli e grandi:<br \/>\nIl design e i materiali corrispondono ai pantaloni da lavoro per adulti Florian (per uomo) e Alma (per donna). Materiale: 50% cotone, 50% poliestere<\/p>","protected":false},"excerpt":{"rendered":"<p>Passform: Die funktionelle Schnittkonstruktion ist nach den nat\u00fcrlichen Bewegungen des K\u00f6rpers geformt. Sie ist ergonomisch an den K\u00f6rper angepasst, f\u00fcr eine maximale Bewegungsfreiheit. Praktische Taschen: 1 Zollstocktasche rechts1 verschliessbare Volumentasche links2 Ges\u00e4sstaschen Weitenregulierung: Der Hosenbund ist verstellbar und kann so leicht an die unterschiedlichen K\u00f6rperformen angepasst werden und f\u00fcr eine bestimmte Zeit mitwachsen. Hosenverl\u00e4ngerung: Die [&hellip;]<\/p>\n","protected":false},"featured_media":672110,"template":"","meta":[],"product_brand":[],"product_cat":[4185],"product_tag":[],"class_list":{"0":"post-606335","1":"product","2":"type-product","3":"status-publish","4":"has-post-thumbnail","6":"product_cat-hosen","7":"pa_brand-fhb","8":"pa_brand-type-workwear","9":"pa_filter-color-anthrazit-schwarz","10":"pa_filter-color-gruen-schwarz","11":"pa_filter-color-marine-schwarz","12":"pa_filter-color-rot-schwarz","14":"first","15":"instock","16":"sale","17":"taxable","18":"shipping-taxable","19":"purchasable","20":"product-type-variable","21":"add-to-wishlist-before_image"},"exclude_global_add_ons":[],"addons":[],"acf":[],"_links":{"self":[{"href":"https:\/\/shop.kustom.ch\/it\/wp-json\/wp\/v2\/product\/606335"}],"collection":[{"href":"https:\/\/shop.kustom.ch\/it\/wp-json\/wp\/v2\/product"}],"about":[{"href":"https:\/\/shop.kustom.ch\/it\/wp-json\/wp\/v2\/types\/product"}],"wp:featuredmedia":[{"embeddable":true,"href":"https:\/\/shop.kustom.ch\/it\/wp-json\/wp\/v2\/media\/672110"}],"wp:attachment":[{"href":"https:\/\/shop.kustom.ch\/it\/wp-json\/wp\/v2\/media?parent=606335"}],"wp:term":[{"taxonomy":"product_brand","embeddable":true,"href":"https:\/\/shop.kustom.ch\/it\/wp-json\/wp\/v2\/product_brand?post=606335"},{"taxonomy":"product_cat","embeddable":true,"href":"https:\/\/shop.kustom.ch\/it\/wp-json\/wp\/v2\/product_cat?post=606335"},{"taxonomy":"product_tag","embeddable":true,"href":"https:\/\/shop.kustom.ch\/it\/wp-json\/wp\/v2\/product_tag?post=606335"}],"curies":[{"name":"wp","href":"https:\/\/api.w.org\/{rel}","templated":true}]}}