{"id":606012,"date":"2025-03-05T04:31:54","date_gmt":"2025-03-05T03:31:54","guid":{"rendered":"https:\/\/shop.kustom.ch\/?post_type=product&#038;p=606012"},"modified":"2026-04-01T07:09:14","modified_gmt":"2026-04-01T06:09:14","slug":"fhb-original-pascal-latzhose","status":"publish","type":"product","link":"https:\/\/shop.kustom.ch\/it\/prodotto\/fhb-original-pascal-latzhose\/","title":{"rendered":"Salopette PASCAL"},"content":{"rendered":"<p>In forma:<br \/>\nIl design sportivo e moderno si modella sui movimenti naturali delle gambe e si adatta ergonomicamente al corpo.<br \/>\nI pantaloni sono tagliati pi\u00f9 in alto ai lati rispetto ai normali pantaloni con cintura, come protezione per i reni.<br \/>\nT-shirt e felpe sono sempre ben riposte nella salopette, mentre la zeppa incorporata sul lato \u00e8 particolarmente elastica e si allunga quando la si indossa, quando ci si muove al lavoro e anche quando si \u00e8 seduti pi\u00f9 comodamente durante la pausa pranzo.<br \/>\nA tal fine, \u00e8 sufficiente aprire una cucitura nell'orlo, ad esempio con un coltello da taglio.<br \/>\nFatto.<br \/>\nApparecchi ortodontici:<br \/>\nLe bretelle elastiche sono regolabili in lunghezza e quindi assicurano sempre una vestibilit\u00e0 confortevole.La robusta chiusura a spina in plastica della YKK \u00e8 particolarmente piatta, ha una vestibilit\u00e0 stabile e quindi non si agita quando ci si muove.La cinghia \u00e8 particolarmente stabile dal punto di vista dimensionale e non diventa ondulata.L'estremit\u00e0 della cinghia pu\u00f2 essere fatta passare attraverso una linguetta sul retro della pettorina e quindi fissata in posizione.<br \/>\nCi\u00f2 significa che \u00e8 sempre nascosto.<br \/>\nBorse:<br \/>\nTasca per cellulare, penna e metro pieghevole su entrambi i lati dei pantaloni.<br \/>\nIn questo modo gli oggetti sono sempre facilmente raggiungibili con la mano destra o sinistra.<br \/>\nIl sottofondo in Cordura delle tasche laterali impedisce agli attrezzi di sfregare attraverso il materiale esterno.<br \/>\nAmpio taschino con cerniera YKK di alta qualit\u00e0 sul davanti della pettorina e scomparto separato per 2 penne.<br \/>\nIl fondo dello scomparto per le penne \u00e8 rinforzato in Cordura e le due ampie tasche posteriori con piega a volume sono coperte da una patta e le tasche sono realizzate in tessuto esterno resistente (250g\/m\u00b2).<br \/>\nI passanti per la cintura hanno la giusta distanza per le fondine FHB Max e Moritz.<br \/>\nTasche per ginocchiere:<br \/>\nTasche per ginocchiere in poliammide resistente 100% (Cordura) Le ginocchiere possono essere facilmente inserite dall'alto e i pantaloni soddisfano i requisiti di protezione delle ginocchia per lavori in posizione inginocchiata di tipo 2, livello di prestazione 1 secondo DIN EN 14404:2004+A1:2010 in combinazione con le ginocchiere FHB Caspar certificate per questo scopo.<br \/>\nElaborazione:<br \/>\nLe cuciture a tripla impuntura rinforzano i pantaloni e migliorano la resistenza agli strappi. Materiale: cotone 50%, poliestere 50%<\/p>","protected":false},"excerpt":{"rendered":"<p>Passform: Die sportlich-moderne Schnittkonstruktion ist den nat\u00fcrlichen Bewegungen der Beine geformt und dem K\u00f6rper ergonomisch angepasst. Seitlich ist die Hose h\u00f6her geschnitten als eine normale Bundhose, quasi als Nierenschutz. T-Shirt und Sweatshirt sind so immer ordentlich in der Latzhose verstaut.Der seitlich eingearbeitete Keil ist besonders elastisch und dehnt sich beim Anziehen, in der Bewegung beim [&hellip;]<\/p>\n","protected":false},"featured_media":672258,"template":"","meta":[],"product_brand":[],"product_cat":[4185],"product_tag":[],"class_list":{"0":"post-606012","1":"product","2":"type-product","3":"status-publish","4":"has-post-thumbnail","6":"product_cat-hosen","7":"pa_brand-fhb","8":"pa_brand-type-workwear","9":"pa_filter-color-anthrazit-schwarz","10":"pa_filter-color-beige-schwarz","11":"pa_filter-color-grau-schwarz","12":"pa_filter-color-gruen-schwarz","13":"pa_filter-color-marine-schwarz","14":"pa_filter-color-oliv-schwarz","15":"pa_filter-color-rot-schwarz","16":"pa_filter-color-royalblau-schwarz","17":"pa_filter-color-schwarz","18":"pa_filter-color-weiss-anthrazit","20":"first","21":"instock","22":"sale","23":"taxable","24":"shipping-taxable","25":"purchasable","26":"product-type-variable","27":"add-to-wishlist-before_image"},"exclude_global_add_ons":[],"addons":[],"acf":[],"_links":{"self":[{"href":"https:\/\/shop.kustom.ch\/it\/wp-json\/wp\/v2\/product\/606012"}],"collection":[{"href":"https:\/\/shop.kustom.ch\/it\/wp-json\/wp\/v2\/product"}],"about":[{"href":"https:\/\/shop.kustom.ch\/it\/wp-json\/wp\/v2\/types\/product"}],"wp:featuredmedia":[{"embeddable":true,"href":"https:\/\/shop.kustom.ch\/it\/wp-json\/wp\/v2\/media\/672258"}],"wp:attachment":[{"href":"https:\/\/shop.kustom.ch\/it\/wp-json\/wp\/v2\/media?parent=606012"}],"wp:term":[{"taxonomy":"product_brand","embeddable":true,"href":"https:\/\/shop.kustom.ch\/it\/wp-json\/wp\/v2\/product_brand?post=606012"},{"taxonomy":"product_cat","embeddable":true,"href":"https:\/\/shop.kustom.ch\/it\/wp-json\/wp\/v2\/product_cat?post=606012"},{"taxonomy":"product_tag","embeddable":true,"href":"https:\/\/shop.kustom.ch\/it\/wp-json\/wp\/v2\/product_tag?post=606012"}],"curies":[{"name":"wp","href":"https:\/\/api.w.org\/{rel}","templated":true}]}}