{"id":605570,"date":"2025-03-05T04:27:06","date_gmt":"2025-03-05T03:27:06","guid":{"rendered":"https:\/\/shop.kustom.ch\/?post_type=product&#038;p=605570"},"modified":"2026-04-01T07:12:21","modified_gmt":"2026-04-01T06:12:21","slug":"fhb-original-wulf-bermuda","status":"publish","type":"product","link":"https:\/\/shop.kustom.ch\/it\/prodotto\/fhb-original-wulf-bermuda\/","title":{"rendered":"WULF Bermuda"},"content":{"rendered":"<p>In forma:<br \/>\nI pantaloncini da lavoro hanno un taglio comodo e una vestibilit\u00e0 piacevolmente ampia, mentre la fascia in vita pi\u00f9 alta sul retro li rende pi\u00f9 comodi da indossare e assicura che la schiena sia comodamente coperta anche sulle ginocchia.<br \/>\nI soffietti laterali elasticizzati in vita assicurano un elevato livello di comfort.<br \/>\nDi conseguenza, i pantaloni si adattano sempre in modo confortevole anche quando ci si muove e non stringono.<br \/>\nI pantaloni sono dotati di un inserto elasticizzato e traspirante nel cavallo per una grande libert\u00e0 di movimento.<br \/>\nIn questo modo si evita anche che i pantaloni si strappino durante i movimenti veloci.<br \/>\nBorse:<br \/>\nTasca per cellulare, penna e metro pieghevole su entrambi i lati dei pantaloni.<br \/>\nIn questo modo gli oggetti sono sempre facilmente raggiungibili con la mano destra o sinistra.<br \/>\nIl sottofondo in Cordura delle tasche laterali impedisce agli attrezzi di sfregare attraverso il materiale esterno.<br \/>\nLe buste sono realizzate in tessuto esterno resistente (250 g\/m\u00b2).<br \/>\nI passanti per la cintura hanno la giusta distanza per le fondine FHB Max e Moritz.<br \/>\nElaborazione:<br \/>\nLe cuciture a tripla impuntura rinforzano i pantaloni e migliorano la resistenza agli strappi. Materiale: cotone 50%, poliestere 50%<\/p>","protected":false},"excerpt":{"rendered":"<p>Passform: Die Arbeitsshorts ist bequem geschnitten und sitzt angenehm locker.Der h\u00f6her gezogene Bund hinten verbessert das Tragegef\u00fchl und sorgt daf\u00fcr, dass der R\u00fccken auch im Knien angenehm bedeckt ist. Die elastischen Seitenkeile im Taillenbund sorgen f\u00fcr einen hohen Tragekomfort. Dadurch sitzt die Hose auch in der Bewegung immer angenehm und kneift nicht. Die Hose hat [&hellip;]<\/p>\n","protected":false},"featured_media":672352,"template":"","meta":[],"product_brand":[],"product_cat":[4185],"product_tag":[],"class_list":{"0":"post-605570","1":"product","2":"type-product","3":"status-publish","4":"has-post-thumbnail","6":"product_cat-hosen","7":"pa_brand-fhb","8":"pa_brand-type-workwear","9":"pa_filter-color-anthrazit-schwarz","10":"pa_filter-color-beige-schwarz","11":"pa_filter-color-grau-schwarz","12":"pa_filter-color-gruen-schwarz","13":"pa_filter-color-marine-schwarz","14":"pa_filter-color-oliv-schwarz","15":"pa_filter-color-rot-schwarz","16":"pa_filter-color-royalblau-schwarz","17":"pa_filter-color-schwarz","18":"pa_filter-color-weiss-anthrazit","20":"first","21":"instock","22":"sale","23":"taxable","24":"shipping-taxable","25":"purchasable","26":"product-type-variable","27":"add-to-wishlist-before_image"},"exclude_global_add_ons":[],"addons":[],"acf":[],"_links":{"self":[{"href":"https:\/\/shop.kustom.ch\/it\/wp-json\/wp\/v2\/product\/605570"}],"collection":[{"href":"https:\/\/shop.kustom.ch\/it\/wp-json\/wp\/v2\/product"}],"about":[{"href":"https:\/\/shop.kustom.ch\/it\/wp-json\/wp\/v2\/types\/product"}],"wp:featuredmedia":[{"embeddable":true,"href":"https:\/\/shop.kustom.ch\/it\/wp-json\/wp\/v2\/media\/672352"}],"wp:attachment":[{"href":"https:\/\/shop.kustom.ch\/it\/wp-json\/wp\/v2\/media?parent=605570"}],"wp:term":[{"taxonomy":"product_brand","embeddable":true,"href":"https:\/\/shop.kustom.ch\/it\/wp-json\/wp\/v2\/product_brand?post=605570"},{"taxonomy":"product_cat","embeddable":true,"href":"https:\/\/shop.kustom.ch\/it\/wp-json\/wp\/v2\/product_cat?post=605570"},{"taxonomy":"product_tag","embeddable":true,"href":"https:\/\/shop.kustom.ch\/it\/wp-json\/wp\/v2\/product_tag?post=605570"}],"curies":[{"name":"wp","href":"https:\/\/api.w.org\/{rel}","templated":true}]}}