{"id":605171,"date":"2025-03-05T04:22:31","date_gmt":"2025-03-05T03:22:31","guid":{"rendered":"https:\/\/shop.kustom.ch\/?post_type=product&#038;p=605171"},"modified":"2026-04-01T07:33:33","modified_gmt":"2026-04-01T06:33:33","slug":"fhb-original-olli-zunfthose-leicht-und-elastisch","status":"publish","type":"product","link":"https:\/\/shop.kustom.ch\/it\/prodotto\/fhb-original-olli-zunfthose-leicht-und-elastisch\/","title":{"rendered":"Pantaloni della corporazione OLLI leggeri ed elasticizzati"},"content":{"rendered":"<p>FHB OLLI, ultraleggero, traspirante ma robusto grazie al tessuto FHB completamente ritorto (1.),<br \/>\nelasticizzato e resistente nella zona del sedile, del cavallo e delle ginocchia grazie a<br \/>\nMateriale Cordura elasticizzato (2a), inserti elasticizzati 3D-Frinlock aderenti al corpo<br \/>\nper il comfort, l'area delle tasche (penna, coltello e metro pieghevole) e la corda d'urto.<br \/>\nin poliammide 100% (Cordura), tasca per cellulare con chiusura a zip, tasca elastica per il volume con bottone magnetico rimovibile, 2 tasche posteriori con patta senza bottone,<br \/>\nProtezione del ginocchio certificata DIN EN 14404 Protezione del ginocchio di tipo 2, livello di prestazione 1<br \/>\nsolo in combinazione con la protezione del ginocchio FHB Casper<\/p>","protected":false},"excerpt":{"rendered":"<p>FHB OLLI, ultraleicht, atmungsaktiv und trotzdem robust durch FHB-Vollzwirn-Gewebe (1.), elastisch und widerstandsf\u00e4hig im Ges\u00e4\u00df-, Schritt- und Kniebereich durch Cordura-Stretch-Material (2.), k\u00f6rperbetont, elastische 3D-Frinlock-Eins\u00e4tze f\u00fcr Komfort-Passform, Taschenbereich (Stift-, Messer- und Zollstock) sowie Sto\u00dfband aus 100% Polyamid (Cordura), mit RV verschlie\u00dfbare Handytasche, dehnbare Volumentasche mit herausnehmbarem Magnetknopft, 2 Ges\u00e4\u00dfpattentaschen ohne Knopf, Zertifizierter Knieschutz DIN EN 14404 [&hellip;]<\/p>\n","protected":false},"featured_media":605183,"template":"","meta":[],"product_brand":[],"product_cat":[4185],"product_tag":[],"class_list":{"0":"post-605171","1":"product","2":"type-product","3":"status-publish","4":"has-post-thumbnail","6":"product_cat-hosen","7":"pa_brand-fhb","8":"pa_brand-type-workwear","9":"pa_filter-color-schwarz","11":"first","12":"instock","13":"sale","14":"taxable","15":"shipping-taxable","16":"purchasable","17":"product-type-variable","18":"add-to-wishlist-before_image"},"exclude_global_add_ons":[],"addons":[],"acf":[],"_links":{"self":[{"href":"https:\/\/shop.kustom.ch\/it\/wp-json\/wp\/v2\/product\/605171"}],"collection":[{"href":"https:\/\/shop.kustom.ch\/it\/wp-json\/wp\/v2\/product"}],"about":[{"href":"https:\/\/shop.kustom.ch\/it\/wp-json\/wp\/v2\/types\/product"}],"wp:featuredmedia":[{"embeddable":true,"href":"https:\/\/shop.kustom.ch\/it\/wp-json\/wp\/v2\/media\/605183"}],"wp:attachment":[{"href":"https:\/\/shop.kustom.ch\/it\/wp-json\/wp\/v2\/media?parent=605171"}],"wp:term":[{"taxonomy":"product_brand","embeddable":true,"href":"https:\/\/shop.kustom.ch\/it\/wp-json\/wp\/v2\/product_brand?post=605171"},{"taxonomy":"product_cat","embeddable":true,"href":"https:\/\/shop.kustom.ch\/it\/wp-json\/wp\/v2\/product_cat?post=605171"},{"taxonomy":"product_tag","embeddable":true,"href":"https:\/\/shop.kustom.ch\/it\/wp-json\/wp\/v2\/product_tag?post=605171"}],"curies":[{"name":"wp","href":"https:\/\/api.w.org\/{rel}","templated":true}]}}