{"id":604690,"date":"2025-03-05T04:15:50","date_gmt":"2025-03-05T03:15:50","guid":{"rendered":"https:\/\/shop.kustom.ch\/?post_type=product&#038;p=604690"},"modified":"2026-04-01T07:08:41","modified_gmt":"2026-04-01T06:08:41","slug":"fhb-original-mio-arbeitshose-elastisch","status":"publish","type":"product","link":"https:\/\/shop.kustom.ch\/it\/prodotto\/fhb-original-mio-arbeitshose-elastisch\/","title":{"rendered":"Pantaloni da lavoro elasticizzati MIO"},"content":{"rendered":"<p>Pantaloni da lavoro FHB MIO elasticizzati, ultraleggeri, traspiranti ma robusti grazie al tessuto FHB completamente ritorto (1.), elasticizzati e resistenti nella zona della seduta, del cavallo e delle ginocchia grazie al materiale elasticizzato Cordura (2.), inserti 3D-Frinlock elasticizzati e aderenti al corpo<br \/>\nper una vestibilit\u00e0 comoda, area tascabile (penna, coltello e riga pieghevole) e cordino antiurto in poliammide 100% (Cordura), tasca per cellulare con chiusura a zip, tasca elastica per il volume<br \/>\ncon bottone magnetico rimovibile, 2 tasche posteriori con patta senza bottone<\/p>","protected":false},"excerpt":{"rendered":"<p>FHB MIO Arbeitshose elastisch, ultraleicht, atmungsaktiv und trotzdem robust durch FHB-Vollzwirn-Gewebe (1.), elastisch und widerstandsf\u00e4hig im Ges\u00e4\u00df-, Schritt- und Kniebereich durch Cordura-Stretch-Material (2.), k\u00f6rperbetont, elastische 3D-Frinlock-Eins\u00e4tze f\u00fcr Komfort-Passform, Taschenbereich (Stift-, Messer- und Zollstock) sowie Sto\u00dfband aus 100% Polyamid (Cordura), mit RV verschlie\u00dfbare Handytasche, dehnbare Volumentasche mit herausnehmbarem Magnetknopf, 2 Ges\u00e4\u00dfpattentaschen ohne Knopf<\/p>","protected":false},"featured_media":604704,"template":"","meta":[],"product_brand":[],"product_cat":[4185],"product_tag":[],"class_list":{"0":"post-604690","1":"product","2":"type-product","3":"status-publish","4":"has-post-thumbnail","6":"product_cat-hosen","7":"pa_brand-fhb","8":"pa_brand-type-workwear","9":"pa_filter-color-beige","10":"pa_filter-color-blau","11":"pa_filter-color-grau","12":"pa_filter-color-gruen","13":"pa_filter-color-rot","14":"pa_filter-color-schwarz","15":"pa_filter-color-weiss","17":"first","18":"instock","19":"sale","20":"taxable","21":"shipping-taxable","22":"purchasable","23":"product-type-variable","24":"add-to-wishlist-before_image"},"exclude_global_add_ons":[],"addons":[],"acf":[],"_links":{"self":[{"href":"https:\/\/shop.kustom.ch\/it\/wp-json\/wp\/v2\/product\/604690"}],"collection":[{"href":"https:\/\/shop.kustom.ch\/it\/wp-json\/wp\/v2\/product"}],"about":[{"href":"https:\/\/shop.kustom.ch\/it\/wp-json\/wp\/v2\/types\/product"}],"wp:featuredmedia":[{"embeddable":true,"href":"https:\/\/shop.kustom.ch\/it\/wp-json\/wp\/v2\/media\/604704"}],"wp:attachment":[{"href":"https:\/\/shop.kustom.ch\/it\/wp-json\/wp\/v2\/media?parent=604690"}],"wp:term":[{"taxonomy":"product_brand","embeddable":true,"href":"https:\/\/shop.kustom.ch\/it\/wp-json\/wp\/v2\/product_brand?post=604690"},{"taxonomy":"product_cat","embeddable":true,"href":"https:\/\/shop.kustom.ch\/it\/wp-json\/wp\/v2\/product_cat?post=604690"},{"taxonomy":"product_tag","embeddable":true,"href":"https:\/\/shop.kustom.ch\/it\/wp-json\/wp\/v2\/product_tag?post=604690"}],"curies":[{"name":"wp","href":"https:\/\/api.w.org\/{rel}","templated":true}]}}