{"id":604600,"date":"2025-03-05T04:14:30","date_gmt":"2025-03-05T03:14:30","guid":{"rendered":"https:\/\/shop.kustom.ch\/?post_type=product&#038;p=604600"},"modified":"2026-04-01T07:06:44","modified_gmt":"2026-04-01T06:06:44","slug":"fhb-original-herdis-zunftweste-aus-canvas-damen","status":"publish","type":"product","link":"https:\/\/shop.kustom.ch\/it\/prodotto\/fhb-original-herdis-zunftweste-aus-canvas-damen\/","title":{"rendered":"Gilet HERDIS in tela gilda donna"},"content":{"rendered":"<p>Gilet classico, pi\u00f9 leggero, con una nuova vestibilit\u00e0 e maggiore funzionalit\u00e0, si abbina perfettamente a Olli, Rene, Lou e Maxi, scollatura ergonomica, tasca interna con chiusura a zip, 2 tasche esterne a soffietto, una tasca esterna per cellulare con chiusura a zip, 8 bottoni in finta madreperla, doppio petto, 1 cinturino posteriore con fibbia<\/p>","protected":false},"excerpt":{"rendered":"<p>klassische, leichtere Zunftweste in neuer Passform und mit mehr Funktionalit\u00e4t, passt perfekt zu Olli, Rene, Lou und Maxi, ergonomischer Halsausschnitt, mit Rei\u00dfverschluss verschlie\u00dfbare Innentasche, 2 Steck-Au\u00dfentaschen, eine mit Rei\u00dfverschluss verschlie\u00dfbare Handy-Au\u00dfentasche, 8 Perlmuttimitatkn\u00f6pfe, zweireihig, 1 R\u00fcckenschnallgurt<\/p>","protected":false},"featured_media":604602,"template":"","meta":[],"product_brand":[],"product_cat":[4208],"product_tag":[],"class_list":{"0":"post-604600","1":"product","2":"type-product","3":"status-publish","4":"has-post-thumbnail","6":"product_cat-westen","7":"pa_brand-fhb","8":"pa_brand-type-workwear","9":"pa_filter-color-schwarz","11":"first","12":"instock","13":"sale","14":"taxable","15":"shipping-taxable","16":"purchasable","17":"product-type-variable","18":"add-to-wishlist-before_image"},"exclude_global_add_ons":[],"addons":[],"acf":[],"_links":{"self":[{"href":"https:\/\/shop.kustom.ch\/it\/wp-json\/wp\/v2\/product\/604600"}],"collection":[{"href":"https:\/\/shop.kustom.ch\/it\/wp-json\/wp\/v2\/product"}],"about":[{"href":"https:\/\/shop.kustom.ch\/it\/wp-json\/wp\/v2\/types\/product"}],"wp:featuredmedia":[{"embeddable":true,"href":"https:\/\/shop.kustom.ch\/it\/wp-json\/wp\/v2\/media\/604602"}],"wp:attachment":[{"href":"https:\/\/shop.kustom.ch\/it\/wp-json\/wp\/v2\/media?parent=604600"}],"wp:term":[{"taxonomy":"product_brand","embeddable":true,"href":"https:\/\/shop.kustom.ch\/it\/wp-json\/wp\/v2\/product_brand?post=604600"},{"taxonomy":"product_cat","embeddable":true,"href":"https:\/\/shop.kustom.ch\/it\/wp-json\/wp\/v2\/product_cat?post=604600"},{"taxonomy":"product_tag","embeddable":true,"href":"https:\/\/shop.kustom.ch\/it\/wp-json\/wp\/v2\/product_tag?post=604600"}],"curies":[{"name":"wp","href":"https:\/\/api.w.org\/{rel}","templated":true}]}}