{"id":604058,"date":"2025-03-05T04:09:09","date_gmt":"2025-03-05T03:09:09","guid":{"rendered":"https:\/\/shop.kustom.ch\/?post_type=product&#038;p=604058"},"modified":"2026-04-01T07:20:03","modified_gmt":"2026-04-01T06:20:03","slug":"fhb-original-sebastian-zunfthose-canvas-und-cordura","status":"publish","type":"product","link":"https:\/\/shop.kustom.ch\/it\/prodotto\/fhb-original-sebastian-zunfthose-canvas-und-cordura\/","title":{"rendered":"Pantaloni della corporazione SEBASTIAN in tela e cordura"},"content":{"rendered":"<p>In forma:<br \/>\nLa nuova struttura a taglio funzionale si modella secondo i movimenti naturali del corpo ed \u00e8 quindi ergonomicamente adattata al corpo.<br \/>\nLa fascia in vita pi\u00f9 alta sul retro migliora il comfort di vestibilit\u00e0 e garantisce una comoda copertura della schiena anche sulle ginocchia.<br \/>\nI soffietti laterali elasticizzati in vita assicurano un elevato livello di comfort.<br \/>\nDi conseguenza, i pantaloni si adattano sempre in modo confortevole anche quando ci si muove e non stringono.<br \/>\nI pantaloni hanno un inserto a tutta lunghezza nella zona del cavallo.<br \/>\nQuesto garantisce la massima libert\u00e0 di movimento e impedisce in modo affidabile che i pantaloni si strappino durante i movimenti veloci.<br \/>\nI pantaloni possono essere allungati di una taglia intermedia senza doverli cucire.<br \/>\nA tal fine, \u00e8 sufficiente aprire una cucitura nell'orlo, ad esempio con un cutter.<br \/>\nFatto.<br \/>\nBorse:<br \/>\nTasca per cellulare, penna e metro pieghevole su entrambi i lati dei pantaloni.<br \/>\nIn questo modo gli oggetti sono sempre facilmente raggiungibili con la mano destra o sinistra.<br \/>\nIl sottofondo in Cordura delle tasche laterali impedisce agli attrezzi di sfregare attraverso il materiale esterno.<br \/>\nTasca ad ampio volume Le borse a tasca fissa sono realizzate in tessuto esterno resistente (320 g\/m\u00b2).<br \/>\nI passanti per la cintura hanno la giusta distanza per le fondine FHB Max e Moritz.<br \/>\nTasche per ginocchiere:<br \/>\nTasche per ginocchiere in poliammide resistente 100% (Cordura) Le ginocchiere possono essere facilmente inserite dall'alto e i pantaloni soddisfano i requisiti di protezione delle ginocchia per lavori in posizione inginocchiata di tipo 2, livello di prestazione 1 secondo DIN EN 14404:2004+A1:2010 in combinazione con le ginocchiere FHB Caspar certificate per questo scopo.<br \/>\nElaborazione:<br \/>\nLe cuciture doppie sul sedile rinforzano i pantaloni e migliorano la resistenza agli strappi. Materiale: cotone 65%, poliestere 35%<\/p>","protected":false},"excerpt":{"rendered":"<p>Passform: Die neue funktionelle Schnittkonstruktion ist nach den nat\u00fcrlichen Bewegungen des K\u00f6rpers geformt und somit ergonomisch an den K\u00f6rper angepasst. Der h\u00f6her gezogene Bund hinten verbessert das Tragegef\u00fchl und sorgt daf\u00fcr, dass der R\u00fccken auch im Knien angenehm bedeckt ist. Die elastischen Seitenkeile im Taillenbund sorgen f\u00fcr einen hohen Tragekomfort. Dadurch sitzt die Hose auch [&hellip;]<\/p>\n","protected":false},"featured_media":672293,"template":"","meta":[],"product_brand":[],"product_cat":[4185],"product_tag":[],"class_list":{"0":"post-604058","1":"product","2":"type-product","3":"status-publish","4":"has-post-thumbnail","6":"product_cat-hosen","7":"pa_brand-fhb","8":"pa_brand-type-workwear","9":"pa_filter-color-anthrazit","10":"pa_filter-color-beige","11":"pa_filter-color-schwarz","13":"first","14":"instock","15":"sale","16":"taxable","17":"shipping-taxable","18":"purchasable","19":"product-type-variable","20":"add-to-wishlist-before_image"},"exclude_global_add_ons":[],"addons":[],"acf":[],"_links":{"self":[{"href":"https:\/\/shop.kustom.ch\/it\/wp-json\/wp\/v2\/product\/604058"}],"collection":[{"href":"https:\/\/shop.kustom.ch\/it\/wp-json\/wp\/v2\/product"}],"about":[{"href":"https:\/\/shop.kustom.ch\/it\/wp-json\/wp\/v2\/types\/product"}],"wp:featuredmedia":[{"embeddable":true,"href":"https:\/\/shop.kustom.ch\/it\/wp-json\/wp\/v2\/media\/672293"}],"wp:attachment":[{"href":"https:\/\/shop.kustom.ch\/it\/wp-json\/wp\/v2\/media?parent=604058"}],"wp:term":[{"taxonomy":"product_brand","embeddable":true,"href":"https:\/\/shop.kustom.ch\/it\/wp-json\/wp\/v2\/product_brand?post=604058"},{"taxonomy":"product_cat","embeddable":true,"href":"https:\/\/shop.kustom.ch\/it\/wp-json\/wp\/v2\/product_cat?post=604058"},{"taxonomy":"product_tag","embeddable":true,"href":"https:\/\/shop.kustom.ch\/it\/wp-json\/wp\/v2\/product_tag?post=604058"}],"curies":[{"name":"wp","href":"https:\/\/api.w.org\/{rel}","templated":true}]}}