{"id":604041,"date":"2025-03-05T04:08:29","date_gmt":"2025-03-05T03:08:29","guid":{"rendered":"https:\/\/shop.kustom.ch\/?post_type=product&#038;p=604041"},"modified":"2026-04-01T07:43:07","modified_gmt":"2026-04-01T06:43:07","slug":"fhb-original-anna-zunfthose-elastisch","status":"publish","type":"product","link":"https:\/\/shop.kustom.ch\/it\/prodotto\/fhb-original-anna-zunfthose-elastisch\/","title":{"rendered":"Pantaloni ANNA guild elasticizzati"},"content":{"rendered":"<p>Pantaloni gilda elasticizzati da donna FHB ANNA, tessuto elasticizzato sviluppato appositamente per FHB nel perfetto rapporto di fusione che garantisce un perfetto comfort di vestibilit\u00e0, collezione originale di pantaloni gilda tubolari, larghezza del piede 36 cm, 2 tasche a soffietto, profili in similpelle nera, 1 tasca posteriore, cerniere YKK nere opache: denti simmetrici, zincate, lucide ed extra robuste grazie ai solidi pezzi iniziali e finali<\/p>","protected":false},"excerpt":{"rendered":"<p>FHB ANNA Zunfthose elastisch Damen, extra f\u00fcr FHB entwickeltes, elastisches Gewebe im perfekten Mischungsverh\u00e4ltnis gew\u00e4hrleistet den perfekten Tragekomfort, R\u00f6hren-Zunfthose Ursprungskollektion, Fu\u00dfweitenumfang 36cm, 2 Zollstocktaschen, schwarze Taschenkunstlederpaspelierung, 1 Ges\u00e4\u00dftasche, matt-schwarze YKK-Rei\u00dfverschl\u00fcsse: symmetrische Z\u00e4hne, galvanisiert, poliert und extra stark durch massive Anfangs- und Endst\u00fccke<\/p>","protected":false},"featured_media":604051,"template":"","meta":[],"product_brand":[],"product_cat":[4185],"product_tag":[],"class_list":{"0":"post-604041","1":"product","2":"type-product","3":"status-publish","4":"has-post-thumbnail","6":"product_cat-hosen","7":"pa_brand-fhb","8":"pa_brand-type-workwear","9":"pa_filter-color-schwarz","11":"first","12":"instock","13":"sale","14":"taxable","15":"shipping-taxable","16":"purchasable","17":"product-type-variable","18":"add-to-wishlist-before_image"},"exclude_global_add_ons":[],"addons":[],"acf":[],"_links":{"self":[{"href":"https:\/\/shop.kustom.ch\/it\/wp-json\/wp\/v2\/product\/604041"}],"collection":[{"href":"https:\/\/shop.kustom.ch\/it\/wp-json\/wp\/v2\/product"}],"about":[{"href":"https:\/\/shop.kustom.ch\/it\/wp-json\/wp\/v2\/types\/product"}],"wp:featuredmedia":[{"embeddable":true,"href":"https:\/\/shop.kustom.ch\/it\/wp-json\/wp\/v2\/media\/604051"}],"wp:attachment":[{"href":"https:\/\/shop.kustom.ch\/it\/wp-json\/wp\/v2\/media?parent=604041"}],"wp:term":[{"taxonomy":"product_brand","embeddable":true,"href":"https:\/\/shop.kustom.ch\/it\/wp-json\/wp\/v2\/product_brand?post=604041"},{"taxonomy":"product_cat","embeddable":true,"href":"https:\/\/shop.kustom.ch\/it\/wp-json\/wp\/v2\/product_cat?post=604041"},{"taxonomy":"product_tag","embeddable":true,"href":"https:\/\/shop.kustom.ch\/it\/wp-json\/wp\/v2\/product_tag?post=604041"}],"curies":[{"name":"wp","href":"https:\/\/api.w.org\/{rel}","templated":true}]}}