{"id":604010,"date":"2025-03-05T04:08:22","date_gmt":"2025-03-05T03:08:22","guid":{"rendered":"https:\/\/shop.kustom.ch\/?post_type=product&#038;p=604010"},"modified":"2026-04-01T07:07:12","modified_gmt":"2026-04-01T06:07:12","slug":"fhb-original-albert-zunfthose-elastisch","status":"publish","type":"product","link":"https:\/\/shop.kustom.ch\/it\/prodotto\/fhb-original-albert-zunfthose-elastisch\/","title":{"rendered":"Pantaloni ALBERT guild elasticizzati"},"content":{"rendered":"<p>In forma:<br \/>\nTaglio dritto a forma di tubo.<br \/>\nDi taglio pi\u00f9 stretto rispetto ai classici pantaloni gilda, questi pantaloni gilda aderiscono al corpo ma non sono aderenti alla pelle.<br \/>\nIl tessuto esterno elasticizzato garantisce la massima libert\u00e0 di movimento e quindi non limita il lavoro.<br \/>\nCirconferenza della larghezza del piede:<br \/>\n38 cm<br \/>\nBorse:<br \/>\n2 tasche a filetto.1 tasca posteriore con bottone.2 tasche aperte a fessura sul davanti.Profili in similpelle nera sulle tasche.<br \/>\nChiusure a zip:<br \/>\nChiusure lampo di alta qualit\u00e0 YKK in elegante nero opaco, particolarmente scorrevoli e robuste.<br \/>\nRegolazione della larghezza:<br \/>\nLa misura della vita dei pantaloni pu\u00f2 essere regolata individualmente con 2 cinghie con fibbia.<br \/>\nPassanti per cintura:<br \/>\nPassanti per cintura larghi 2 cm I passanti per cintura hanno la giusta distanza per le tasche delle fondine FHB Max e Moritz.<br \/>\nElaborazione:<br \/>\nLa cucitura a scomparsa sulla seduta conferisce ai pantaloni una maggiore stabilit\u00e0 e garantisce il mantenimento della forma e una migliore resistenza agli strappi. Materiale: cotone 48%, poliestere 48%, 4% EOL<\/p>","protected":false},"excerpt":{"rendered":"<p>Passform: Gerader Schnitt in R\u00f6hren-Form. Schmaler geschnitten als klassische Zunfthosen.Die Zunfthose sitzt k\u00f6rpernah, aber nicht hauteng. Der elastische Oberstoff sorgt f\u00fcr eine maximale Bewegungsfreiheit und schr\u00e4nkt dich somit bei der Arbeit nicht ein. Fussweitenumfang: 38 cm Taschen: 2 Zollstocktaschen.1 Ges\u00e4sstasche mit Knopf.2 offene Einschubtaschen vorne.Schwarze Taschen-Kunstleder-Paspelierung. Reissverschl\u00fcsse: Hochwertige Reissverschl\u00fcsse von YKK in edlem mattschwarz \u0096 [&hellip;]<\/p>\n","protected":false},"featured_media":671861,"template":"","meta":[],"product_brand":[],"product_cat":[4185],"product_tag":[],"class_list":{"0":"post-604010","1":"product","2":"type-product","3":"status-publish","4":"has-post-thumbnail","6":"product_cat-hosen","7":"pa_brand-fhb","8":"pa_brand-type-workwear","9":"pa_filter-color-schwarz","11":"first","12":"instock","13":"sale","14":"taxable","15":"shipping-taxable","16":"purchasable","17":"product-type-variable","18":"add-to-wishlist-before_image"},"exclude_global_add_ons":[],"addons":[],"acf":[],"_links":{"self":[{"href":"https:\/\/shop.kustom.ch\/it\/wp-json\/wp\/v2\/product\/604010"}],"collection":[{"href":"https:\/\/shop.kustom.ch\/it\/wp-json\/wp\/v2\/product"}],"about":[{"href":"https:\/\/shop.kustom.ch\/it\/wp-json\/wp\/v2\/types\/product"}],"wp:featuredmedia":[{"embeddable":true,"href":"https:\/\/shop.kustom.ch\/it\/wp-json\/wp\/v2\/media\/671861"}],"wp:attachment":[{"href":"https:\/\/shop.kustom.ch\/it\/wp-json\/wp\/v2\/media?parent=604010"}],"wp:term":[{"taxonomy":"product_brand","embeddable":true,"href":"https:\/\/shop.kustom.ch\/it\/wp-json\/wp\/v2\/product_brand?post=604010"},{"taxonomy":"product_cat","embeddable":true,"href":"https:\/\/shop.kustom.ch\/it\/wp-json\/wp\/v2\/product_cat?post=604010"},{"taxonomy":"product_tag","embeddable":true,"href":"https:\/\/shop.kustom.ch\/it\/wp-json\/wp\/v2\/product_tag?post=604010"}],"curies":[{"name":"wp","href":"https:\/\/api.w.org\/{rel}","templated":true}]}}