{"id":603971,"date":"2025-03-05T04:07:41","date_gmt":"2025-03-05T03:07:41","guid":{"rendered":"https:\/\/shop.kustom.ch\/?post_type=product&#038;p=603971"},"modified":"2026-04-01T07:18:17","modified_gmt":"2026-04-01T06:18:17","slug":"fhb-original-wim-zunft-shorts-rips-moleskin","status":"publish","type":"product","link":"https:\/\/shop.kustom.ch\/it\/prodotto\/fhb-original-wim-zunft-shorts-rips-moleskin\/","title":{"rendered":"Pantaloncini WIM guild a coste in fustagno"},"content":{"rendered":"<p>In forma:<br \/>\nI pantaloncini della gilda hanno un taglio comodo e ampio e le alette con ganci e occhielli dietro le cerniere assicurano una vestibilit\u00e0 stabile ed evitano che scivolino durante i movimenti.<br \/>\nLunghezza del passo:<br \/>\nWim ha un cavallo medio di 25 cm per la taglia 50.<br \/>\nBorse:<br \/>\nRegolo pieghevole e tasca portapenne su entrambi i lati dei pantaloni.<br \/>\nIn questo modo il regolo pieghevole e la matita sono sempre a portata di mano con la mano destra o sinistra.<br \/>\nLe borse a tasca fissa con apertura a volume ampio sono realizzate in tessuto foderato resistente (300 g\/m\u00b2).<br \/>\n1 tasca posteriore con bottone, i passanti per la cintura hanno la giusta distanza per le tasche delle fondine FHB Max e Moritz.<br \/>\nChiusure a zip:<br \/>\nLe cerniere extra-large di YKK con estremit\u00e0 solide sono particolarmente robuste e durevoli.<br \/>\nElaborazione:<br \/>\nLe robuste cuciture doppie rinforzano i pantaloni per una maggiore durata.<br \/>\nGli angoli in pelle sintetica con doppia cucitura proteggono gli angoli della borsa da strappi anche in caso di carichi pesanti.<br \/>\nIl vostro logo:<br \/>\nOttime opzioni di finitura per posizionare perfettamente il vostro logo. Materiale: cotone 100%<\/p>","protected":false},"excerpt":{"rendered":"<p>Passform: Die Zunftshorts ist bequem und locker geschnitten.Die Klappen mit Haken und \u00d6sen hinter den Reissverschl\u00fcssen sorgen f\u00fcr einen stabilen Sitz und verhindern ein Verrutschen in der Bewegung. Schrittl\u00e4nge: Wim hat eine mittlere Schrittl\u00e4nge von 25 cm bei Gr\u00f6sse 50. Taschen: Zollstock- und Stifttasche auf beiden Seiten der Hose. So sind Zollstock und Stift mit [&hellip;]<\/p>\n","protected":false},"featured_media":672351,"template":"","meta":[],"product_brand":[],"product_cat":[4185],"product_tag":[],"class_list":{"0":"post-603971","1":"product","2":"type-product","3":"status-publish","4":"has-post-thumbnail","6":"product_cat-hosen","7":"pa_brand-fhb","8":"pa_brand-type-workwear","9":"pa_filter-color-grau","10":"pa_filter-color-schwarz","12":"first","13":"instock","14":"sale","15":"taxable","16":"shipping-taxable","17":"purchasable","18":"product-type-variable","19":"add-to-wishlist-before_image"},"exclude_global_add_ons":[],"addons":[],"acf":[],"_links":{"self":[{"href":"https:\/\/shop.kustom.ch\/it\/wp-json\/wp\/v2\/product\/603971"}],"collection":[{"href":"https:\/\/shop.kustom.ch\/it\/wp-json\/wp\/v2\/product"}],"about":[{"href":"https:\/\/shop.kustom.ch\/it\/wp-json\/wp\/v2\/types\/product"}],"wp:featuredmedia":[{"embeddable":true,"href":"https:\/\/shop.kustom.ch\/it\/wp-json\/wp\/v2\/media\/672351"}],"wp:attachment":[{"href":"https:\/\/shop.kustom.ch\/it\/wp-json\/wp\/v2\/media?parent=603971"}],"wp:term":[{"taxonomy":"product_brand","embeddable":true,"href":"https:\/\/shop.kustom.ch\/it\/wp-json\/wp\/v2\/product_brand?post=603971"},{"taxonomy":"product_cat","embeddable":true,"href":"https:\/\/shop.kustom.ch\/it\/wp-json\/wp\/v2\/product_cat?post=603971"},{"taxonomy":"product_tag","embeddable":true,"href":"https:\/\/shop.kustom.ch\/it\/wp-json\/wp\/v2\/product_tag?post=603971"}],"curies":[{"name":"wp","href":"https:\/\/api.w.org\/{rel}","templated":true}]}}