{"id":603960,"date":"2025-03-05T04:07:38","date_gmt":"2025-03-05T03:07:38","guid":{"rendered":"https:\/\/shop.kustom.ch\/?post_type=product&#038;p=603960"},"modified":"2026-04-01T07:39:48","modified_gmt":"2026-04-01T06:39:48","slug":"fhb-original-jo-zunft-shorts-kurz-rips-moleskin","status":"publish","type":"product","link":"https:\/\/shop.kustom.ch\/it\/prodotto\/fhb-original-jo-zunft-shorts-kurz-rips-moleskin\/","title":{"rendered":"Pantaloncini JO guild corti in fustagno a coste"},"content":{"rendered":"<p>In forma:<br \/>\nL'elastico in vita \u00e8 pi\u00f9 largo rispetto ai pantaloni normali, il che garantisce una buona vestibilit\u00e0 dei pantaloni e la loro tenuta anche in movimento.<br \/>\nLe alette con ganci e occhielli dietro le cerniere assicurano una vestibilit\u00e0 stabile ed evitano che scivolino durante il movimento.<br \/>\nLunghezza del passo:<br \/>\nJo ha un cavallo corto di 17 cm nella taglia 50.<br \/>\nBorse:<br \/>\nRegolo pieghevole e tasca portapenne su entrambi i lati dei pantaloni.<br \/>\nIn questo modo il regolo pieghevole e la matita sono sempre a portata di mano con la mano destra o sinistra.<br \/>\nLe borse a tasca fissa con apertura a volume ampio sono realizzate in tessuto foderato resistente (300 g\/m\u00b2).<br \/>\n1 tasca posteriore con bottone, i passanti per la cintura hanno la giusta distanza per le tasche delle fondine FHB Max e Moritz.<br \/>\nChiusure a zip:<br \/>\nLe cerniere dorate ed extra-large di YKK con estremit\u00e0 massicce sono particolarmente robuste e durevoli.<br \/>\nElaborazione:<br \/>\nLe robuste cuciture doppie rinforzano i pantaloni per una maggiore durata.<br \/>\nGli angoli in pelle sintetica con doppia cucitura proteggono gli angoli della borsa da strappi anche in caso di carichi pesanti.<br \/>\nIl vostro logo:<br \/>\nOttime opzioni di finitura per posizionare perfettamente il vostro logo. Materiale: cotone 100%<\/p>","protected":false},"excerpt":{"rendered":"<p>Passform: Die Zunftshorts ist bequem geschnitten und sitzt locker und angenehm.Der Hosenbund ist breiter als bei normalen Hosen, was daf\u00fcr sorgt, dass die Hose gut sitzt und auch in der Bewegung da bleibt, wo sie hingeh\u00f6rt. Zudem ist der Bund formstabil und sitzt immer so wie am ersten Tag.Die Klappen mit Haken und \u00d6sen hinter [&hellip;]<\/p>\n","protected":false},"featured_media":672141,"template":"","meta":[],"product_brand":[],"product_cat":[4185],"product_tag":[],"class_list":{"0":"post-603960","1":"product","2":"type-product","3":"status-publish","4":"has-post-thumbnail","6":"product_cat-hosen","7":"pa_brand-fhb","8":"pa_brand-type-workwear","9":"pa_filter-color-schwarz","11":"first","12":"instock","13":"sale","14":"taxable","15":"shipping-taxable","16":"purchasable","17":"product-type-variable","18":"add-to-wishlist-before_image"},"exclude_global_add_ons":[],"addons":[],"acf":[],"_links":{"self":[{"href":"https:\/\/shop.kustom.ch\/it\/wp-json\/wp\/v2\/product\/603960"}],"collection":[{"href":"https:\/\/shop.kustom.ch\/it\/wp-json\/wp\/v2\/product"}],"about":[{"href":"https:\/\/shop.kustom.ch\/it\/wp-json\/wp\/v2\/types\/product"}],"wp:featuredmedia":[{"embeddable":true,"href":"https:\/\/shop.kustom.ch\/it\/wp-json\/wp\/v2\/media\/672141"}],"wp:attachment":[{"href":"https:\/\/shop.kustom.ch\/it\/wp-json\/wp\/v2\/media?parent=603960"}],"wp:term":[{"taxonomy":"product_brand","embeddable":true,"href":"https:\/\/shop.kustom.ch\/it\/wp-json\/wp\/v2\/product_brand?post=603960"},{"taxonomy":"product_cat","embeddable":true,"href":"https:\/\/shop.kustom.ch\/it\/wp-json\/wp\/v2\/product_cat?post=603960"},{"taxonomy":"product_tag","embeddable":true,"href":"https:\/\/shop.kustom.ch\/it\/wp-json\/wp\/v2\/product_tag?post=603960"}],"curies":[{"name":"wp","href":"https:\/\/api.w.org\/{rel}","templated":true}]}}