{"id":603892,"date":"2025-03-05T04:06:52","date_gmt":"2025-03-05T03:06:52","guid":{"rendered":"https:\/\/shop.kustom.ch\/?post_type=product&#038;p=603892"},"modified":"2026-04-01T07:28:21","modified_gmt":"2026-04-01T06:28:21","slug":"fhb-original-bob-zunfthose-rips-moleskin","status":"publish","type":"product","link":"https:\/\/shop.kustom.ch\/it\/prodotto\/fhb-original-bob-zunfthose-rips-moleskin\/","title":{"rendered":"Pantaloni BOB Guild a coste in fustagno"},"content":{"rendered":"<p>In forma:<br \/>\nI pantaloni della gilda hanno una vestibilit\u00e0 comoda e ampia e sono tagliati leggermente pi\u00f9 larghi sulle cosce in modo da non limitare i movimenti, anche con un regolo pieghevole nella tasca laterale. La fascia in vita \u00e8 pi\u00f9 larga rispetto ai pantaloni normali, il che garantisce una buona vestibilit\u00e0 dei pantaloni e il loro mantenimento quando ci si muove.<br \/>\nLe alette con ganci e occhielli dietro le cerniere assicurano una vestibilit\u00e0 stabile ed evitano che scivolino durante il movimento.<br \/>\nCirconferenza della larghezza del piede:<br \/>\n48 cm<br \/>\nBorse:<br \/>\n1 tasca porta metro pieghevole a destra.Tasche voluminose con ampia apertura.Le borse a tasca fissa sono realizzate in tessuto foderato resistente (300 g\/m\u00b2).<br \/>\n1 tasca posteriore con bottone, i passanti per la cintura hanno la giusta distanza per le tasche delle fondine FHB Max e Moritz.<br \/>\nChiusure a zip:<br \/>\nLe cerniere dorate ed extra-large di YKK con estremit\u00e0 massicce sono particolarmente robuste e durevoli.<br \/>\nElaborazione:<br \/>\nLe robuste cuciture doppie rinforzano i pantaloni per una maggiore durata.<br \/>\nGli angoli in pelle sintetica con doppia cucitura proteggono gli angoli della borsa da strappi anche in caso di carichi pesanti.<br \/>\nIl vostro logo:<br \/>\nOttime opzioni di finitura per posizionare perfettamente il vostro logo. Materiale: cotone 100%<\/p>","protected":false},"excerpt":{"rendered":"<p>Passform: Die Zunfthose ist bequem geschnitten und sitzt angenehm locker.An den Oberschenkeln ist die Zunfthose etwas weiter geschnitten, damit sie dich auch mit Zollstock in der seitlichen Tasche nicht in der Bewegung einschr\u00e4nkt.Der Hosenbund ist breiter als bei normalen Hosen, was daf\u00fcr sorgt, dass die Hose gut sitzt und auch in der Bewegung da bleibt, [&hellip;]<\/p>\n","protected":false},"featured_media":671918,"template":"","meta":[],"product_brand":[],"product_cat":[4185],"product_tag":[],"class_list":{"0":"post-603892","1":"product","2":"type-product","3":"status-publish","4":"has-post-thumbnail","6":"product_cat-hosen","7":"pa_brand-fhb","8":"pa_brand-type-workwear","9":"pa_filter-color-grau","10":"pa_filter-color-schwarz","12":"first","13":"instock","14":"sale","15":"taxable","16":"shipping-taxable","17":"purchasable","18":"product-type-variable","19":"add-to-wishlist-before_image"},"exclude_global_add_ons":[],"addons":[],"acf":[],"_links":{"self":[{"href":"https:\/\/shop.kustom.ch\/it\/wp-json\/wp\/v2\/product\/603892"}],"collection":[{"href":"https:\/\/shop.kustom.ch\/it\/wp-json\/wp\/v2\/product"}],"about":[{"href":"https:\/\/shop.kustom.ch\/it\/wp-json\/wp\/v2\/types\/product"}],"wp:featuredmedia":[{"embeddable":true,"href":"https:\/\/shop.kustom.ch\/it\/wp-json\/wp\/v2\/media\/671918"}],"wp:attachment":[{"href":"https:\/\/shop.kustom.ch\/it\/wp-json\/wp\/v2\/media?parent=603892"}],"wp:term":[{"taxonomy":"product_brand","embeddable":true,"href":"https:\/\/shop.kustom.ch\/it\/wp-json\/wp\/v2\/product_brand?post=603892"},{"taxonomy":"product_cat","embeddable":true,"href":"https:\/\/shop.kustom.ch\/it\/wp-json\/wp\/v2\/product_cat?post=603892"},{"taxonomy":"product_tag","embeddable":true,"href":"https:\/\/shop.kustom.ch\/it\/wp-json\/wp\/v2\/product_tag?post=603892"}],"curies":[{"name":"wp","href":"https:\/\/api.w.org\/{rel}","templated":true}]}}