{"id":603511,"date":"2025-03-05T03:57:24","date_gmt":"2025-03-05T02:57:24","guid":{"rendered":"https:\/\/shop.kustom.ch\/?post_type=product&#038;p=603511"},"modified":"2026-03-31T08:58:12","modified_gmt":"2026-03-31T07:58:12","slug":"smarte-waermeweste","status":"publish","type":"product","link":"https:\/\/shop.kustom.ch\/it\/prodotto\/smarte-waermeweste\/","title":{"rendered":"Gilet termico elegante"},"content":{"rendered":"<p>Il gilet con tecnologia di riscaldamento intelligente Clim8\u00ae riconosce quando la temperatura corporea si abbassa e si riscalda nuovamente. Il gilet \u00e8 trapuntato sulla parte anteriore e posteriore del busto e presenta una maglia in poliestere sui fianchi, che contribuisce a una libert\u00e0 di movimento e a un comfort eccezionali. La tecnologia integrata \u00e8 personalizzabile e funziona con un termostato e un computer che misurano continuamente la temperatura corporea e regolano di conseguenza il calore nel gilet utilizzando elementi alimentati a batteria. Il gilet \u00e8 anche lavabile, rendendo questo capo di Bl\u00e5kl\u00e4der e Clim8\u00ae un successo innovativo! Disponibile anche come modello da donna 3881 Informazioni importanti prima del lavaggio e dell'eventuale finitura: Rimuovere la batteria prima del lavaggio e proteggere la spina del gilet coprendo la lunghezza del cavo con la copertura di plastica attaccata al cavo. Per evitare di danneggiare gli elementi riscaldanti, si consiglia di apporre il proprio logo\/transfer sul colletto e\/o sulla parte inferiore della schiena.<\/p>\n<p>CHIUSURA ANTERIORE: Chiusura a zip in plastica. FUNZIONALIT\u00c0: Sistema di riscaldamento intelligente Clim8 - 3 elementi riscaldanti e un modulo di controllo con indicatore luminoso. Vestibilit\u00e0 normale. CARATTERISTICHE PRINCIPALI: Autista. TESSUTO: Uomo. nero. Vento \/ bagnato \/ freddo. TASCHE: Tasca laterale destra per la batteria. Tasche anteriori con cerniera. ISTRUZIONI DI LAVAGGIO: Informazione importante, prima del lavaggio, rimuovere la batteria e coprire il cavo con il manicotto di plastica attaccato all'estremit\u00e0 del cavo. Appendere ad asciugare<\/p>\n<p>91% poliammide, 9% elastan, ripstop, rivestito, idrorepellente, 80 g\/m\u00b2<\/p>","protected":false},"excerpt":{"rendered":"<p>Die Weste mit der intelligenten Clim8\u00ae Heiztechnologie erkennt, wenn Ihre K\u00f6rpertemperatur f\u00e4llt, und w\u00e4rmt Sie wieder auf. Die Weste ist im vorderen und hinteren Bereich des Oberk\u00f6rpers gesteppt und hat an den Seiten gestricktes Polyester, was zu aussergew\u00f6hnlicher Bewegungsfreiheit und Komfort beitr\u00e4gt. Die integrierte Technologie ist individuell anpassbar und funktioniert mit einem Thermostat und einem [&hellip;]<\/p>\n","protected":false},"featured_media":0,"template":"","meta":[],"product_brand":[],"product_cat":[4208],"product_tag":[],"class_list":{"0":"post-603511","1":"product","2":"type-product","3":"status-publish","5":"product_cat-westen","6":"pa_brand-blaklaeder","7":"pa_brand-type-workwear","8":"pa_filter-color-schwarz","10":"first","11":"instock","12":"sale","13":"taxable","14":"shipping-taxable","15":"purchasable","16":"product-type-variable","17":"add-to-wishlist-before_image"},"exclude_global_add_ons":[],"addons":[],"acf":[],"_links":{"self":[{"href":"https:\/\/shop.kustom.ch\/it\/wp-json\/wp\/v2\/product\/603511"}],"collection":[{"href":"https:\/\/shop.kustom.ch\/it\/wp-json\/wp\/v2\/product"}],"about":[{"href":"https:\/\/shop.kustom.ch\/it\/wp-json\/wp\/v2\/types\/product"}],"wp:attachment":[{"href":"https:\/\/shop.kustom.ch\/it\/wp-json\/wp\/v2\/media?parent=603511"}],"wp:term":[{"taxonomy":"product_brand","embeddable":true,"href":"https:\/\/shop.kustom.ch\/it\/wp-json\/wp\/v2\/product_brand?post=603511"},{"taxonomy":"product_cat","embeddable":true,"href":"https:\/\/shop.kustom.ch\/it\/wp-json\/wp\/v2\/product_cat?post=603511"},{"taxonomy":"product_tag","embeddable":true,"href":"https:\/\/shop.kustom.ch\/it\/wp-json\/wp\/v2\/product_tag?post=603511"}],"curies":[{"name":"wp","href":"https:\/\/api.w.org\/{rel}","templated":true}]}}