{"id":603487,"date":"2025-03-05T03:56:41","date_gmt":"2025-03-05T02:56:41","guid":{"rendered":"https:\/\/shop.kustom.ch\/?post_type=product&#038;p=603487"},"modified":"2026-03-31T08:44:34","modified_gmt":"2026-03-31T07:44:34","slug":"latzhose-4-wege-stretch","status":"publish","type":"product","link":"https:\/\/shop.kustom.ch\/it\/prodotto\/latzhose-4-wege-stretch\/","title":{"rendered":"Salopette 4-way stretch"},"content":{"rendered":"<p>Salopette realizzata in un materiale elasticizzato a 4 vie pi\u00f9 leggero che offre il massimo comfort. Dotata di un ampio taschino sul petto, tasche a fondina staccabili, tasche posteriori con soffietto e tasca per il righello. Le tasche per le ginocchia in CORDURA\u00ae stretch offrono protezione e comfort quando ci si inginocchia. Le estremit\u00e0 delle gambe possono essere allungate a seconda delle necessit\u00e0.<\/p>\n<p>CHIUSURA: possibilit\u00e0 di estensione sul fondo gamba. Fondo gamba con rinforzo in CORDURA\u00ae. DETTAGLI: Tasca per carte d'identit\u00e0 staccabile. Bretelle regolabili con coulisse elastica. Bottoni in metallo. Portacoltelli con bottone. Doppia cucitura sul cavallo. Zip in plastica sul cavallo. Fibbia senza metallo. FUNZIONALIT\u00c0: stretch a 4 vie. CARATTERISTICHE PRINCIPALI: Tinsmith. Uomo. EN 14004. REFLEX: Dettagli riflettenti sulla gamba. TESSUTO: Uomo. grigio. Stretch. Artigianale. TASCHE: Tasca sul petto con patta e portapenne. Tasche posteriori rinforzate con soffietti. Tasca interna in rete. Tasche esterne per ginocchiere. Tasche per chiodi - staccabili con portautensili e una tasca extra con zip. Tasche con soffietto, portapenne e portacoltelli. Patta con bottone magnetico nascosto. Tasche laterali. Tasca rinforzata per regolo pieghevole con portacoltelli e portapenne. ISTRUZIONI DI LAVAGGIO: Non stirare. RINFORZO: tasche per ginocchiere in Cordura\u00ae elasticizzata. CERTIFICAZIONE: EN 14404:2004+A1:2010 insieme alle ginocchiere 4027, 4057, 4058 e 4032.<\/p>\n<p>Poliammide 92%, elastan 8%, doppio tessuto, elasticizzato in 4 direzioni, 230 g\/m\u00b2.<\/p>","protected":false},"excerpt":{"rendered":"<p>Latzhose aus einem leichteren 4-Wege-Stretch-Material, das ultimativen Komfort bietet. Ausgestattet mit einer grossen Brusttasche, abnehmbaren Holstertaschen, Ges\u00e4sstaschen mit Balg und Zollstocktasche. Knietaschen aus CORDURA\u00ae-Stretch bieten Schutz und Komfort beim Knien. Ausserdem k\u00f6nnen die Beinenden nach Bedarf verl\u00e4ngert werden. ABSCHLUSS: Verl\u00e4ngerungsm\u00f6glichkeit am Beinsaum. Beinabschluss mit CORDURA\u00ae-Verst\u00e4rkung. DETAILS: Abnehmbare Ausweistasche. Verstellbare Hosentr\u00e4ger mit Gummizug. Metallkn\u00f6pfe. Messerhalter mit [&hellip;]<\/p>\n","protected":false},"featured_media":0,"template":"","meta":[],"product_brand":[],"product_cat":[10448],"product_tag":[],"class_list":{"0":"post-603487","1":"product","2":"type-product","3":"status-publish","5":"product_cat-latzhose","6":"pa_brand-blaklaeder","7":"pa_brand-type-workwear","8":"pa_filter-color-schwarz","10":"first","11":"instock","12":"sale","13":"taxable","14":"shipping-taxable","15":"purchasable","16":"product-type-variable","17":"add-to-wishlist-before_image"},"exclude_global_add_ons":[],"addons":[],"acf":[],"_links":{"self":[{"href":"https:\/\/shop.kustom.ch\/it\/wp-json\/wp\/v2\/product\/603487"}],"collection":[{"href":"https:\/\/shop.kustom.ch\/it\/wp-json\/wp\/v2\/product"}],"about":[{"href":"https:\/\/shop.kustom.ch\/it\/wp-json\/wp\/v2\/types\/product"}],"wp:attachment":[{"href":"https:\/\/shop.kustom.ch\/it\/wp-json\/wp\/v2\/media?parent=603487"}],"wp:term":[{"taxonomy":"product_brand","embeddable":true,"href":"https:\/\/shop.kustom.ch\/it\/wp-json\/wp\/v2\/product_brand?post=603487"},{"taxonomy":"product_cat","embeddable":true,"href":"https:\/\/shop.kustom.ch\/it\/wp-json\/wp\/v2\/product_cat?post=603487"},{"taxonomy":"product_tag","embeddable":true,"href":"https:\/\/shop.kustom.ch\/it\/wp-json\/wp\/v2\/product_tag?post=603487"}],"curies":[{"name":"wp","href":"https:\/\/api.w.org\/{rel}","templated":true}]}}