{"id":603475,"date":"2025-03-05T03:56:06","date_gmt":"2025-03-05T02:56:06","guid":{"rendered":"https:\/\/shop.kustom.ch\/?post_type=product&#038;p=603475"},"modified":"2026-03-31T08:43:29","modified_gmt":"2026-03-31T07:43:29","slug":"dicke-wollsocken","status":"publish","type":"product","link":"https:\/\/shop.kustom.ch\/it\/prodotto\/dicke-wollsocken\/","title":{"rendered":"Calze di lana spesse"},"content":{"rendered":"<p>Calzino di lana lavorato a maglia in spugna pesante, con rinforzi nelle zone esposte come le dita e il tallone. Grazie alla capacit\u00e0 della lana di regolare la temperatura e di mantenere il calore sia quando \u00e8 bagnata che quando \u00e8 asciutta, \u00e8 il materiale migliore per i lavori all'aperto di lunga durata a basse temperature. \u00c8 il calzino isolante di pi\u00f9 alta qualit\u00e0 di Bl\u00e5kl\u00e4der, in grado di resistere a condizioni di freddo estremo. La lana ha anche una funzione naturale di inibizione degli odori.<\/p>\n<p>FUNZIONALIT\u00c0: Maglia in spugna su tutta la calza. CARATTERISTICHE PRINCIPALI: Unisex. TESSUTO: nero. Vento \/ bagnato \/ freddo. ISTRUZIONI DI LAVAGGIO: 40\u00b0 C. CONFEZIONE: Fornito in paia<\/p>\n<p>78% lana, 13% elastan, 9% poliammide<\/p>","protected":false},"excerpt":{"rendered":"<p>Wollsocke aus schwerem Frottee gestrickt, mit Verst\u00e4rkungen an exponierten Stellen wie Zehen und Ferse. Dank der Eigenschaften der Wolle, die Temperatur zu regulieren und bei N\u00e4sse und Trockenheit warm zu halten, ist sie das beste Material f\u00fcr langfristige Arbeiten im Freien bei niedrigen Temperaturen. Dies ist Bl\u00e5kl\u00e4ders hochwertigste isolierende Socke, die auch extremen K\u00e4ltebedingungen standh\u00e4lt. [&hellip;]<\/p>\n","protected":false},"featured_media":0,"template":"","meta":[],"product_brand":[],"product_cat":[4199],"product_tag":[],"class_list":{"0":"post-603475","1":"product","2":"type-product","3":"status-publish","5":"product_cat-socken","6":"pa_brand-blaklaeder","7":"pa_brand-type-workwear","8":"pa_filter-color-schwarz","10":"first","11":"instock","12":"sale","13":"taxable","14":"shipping-taxable","15":"purchasable","16":"product-type-variable","17":"add-to-wishlist-before_image"},"exclude_global_add_ons":[],"addons":[],"acf":[],"_links":{"self":[{"href":"https:\/\/shop.kustom.ch\/it\/wp-json\/wp\/v2\/product\/603475"}],"collection":[{"href":"https:\/\/shop.kustom.ch\/it\/wp-json\/wp\/v2\/product"}],"about":[{"href":"https:\/\/shop.kustom.ch\/it\/wp-json\/wp\/v2\/types\/product"}],"wp:attachment":[{"href":"https:\/\/shop.kustom.ch\/it\/wp-json\/wp\/v2\/media?parent=603475"}],"wp:term":[{"taxonomy":"product_brand","embeddable":true,"href":"https:\/\/shop.kustom.ch\/it\/wp-json\/wp\/v2\/product_brand?post=603475"},{"taxonomy":"product_cat","embeddable":true,"href":"https:\/\/shop.kustom.ch\/it\/wp-json\/wp\/v2\/product_cat?post=603475"},{"taxonomy":"product_tag","embeddable":true,"href":"https:\/\/shop.kustom.ch\/it\/wp-json\/wp\/v2\/product_tag?post=603475"}],"curies":[{"name":"wp","href":"https:\/\/api.w.org\/{rel}","templated":true}]}}