{"id":603460,"date":"2025-03-05T03:56:02","date_gmt":"2025-03-05T02:56:02","guid":{"rendered":"https:\/\/shop.kustom.ch\/?post_type=product&#038;p=603460"},"modified":"2026-03-31T08:43:28","modified_gmt":"2026-03-31T07:43:28","slug":"wollsocken-2","status":"publish","type":"product","link":"https:\/\/shop.kustom.ch\/it\/prodotto\/wollsocken-2\/","title":{"rendered":"Calzini di lana"},"content":{"rendered":"<p>Calzino in lana con una fantastica vestibilit\u00e0. Rinforzo e spugna isolante nel tallone, nella suola e nella zona della punta per una maggiore durata e comfort. Grazie alla capacit\u00e0 della lana di regolare la temperatura e di mantenere il calore in condizioni di bagnato e asciutto, \u00e8 il materiale migliore per i lavori all'aperto di lunga durata a basse temperature. La lana ha anche una funzione naturale di inibizione degli odori.<\/p>\n<p>FUNZIONALIT\u00c0: Funzione antiodore naturale. CARATTERISTICHE PRINCIPALI: Unisex. TESSUTO: nero. Vento \/ bagnato \/ freddo. ISTRUZIONI DI LAVAGGIO: non lavare a secco. CONFEZIONE: Fornito in coppia<\/p>\n<p>47% lana, 43% poliammide, 10% elastan<\/p>","protected":false},"excerpt":{"rendered":"<p>Wollsocke mit fantastischer Passform. Verst\u00e4rkung und isolierendes Frottee im Fersen-, Sohlen- und Zehenbereich f\u00fcr mehr Haltbarkeit und Komfort. Dank der Eigenschaften der Wolle, die Temperatur zu regulieren und bei N\u00e4sse und Trockenheit warm zu halten, ist sie das beste Material f\u00fcr langfristige Arbeiten im Freien bei niedrigen Temperaturen. Ausserdem hat Wolle eine nat\u00fcrliche geruchshemmende Funktion. [&hellip;]<\/p>\n","protected":false},"featured_media":0,"template":"","meta":[],"product_brand":[],"product_cat":[4199],"product_tag":[],"class_list":{"0":"post-603460","1":"product","2":"type-product","3":"status-publish","5":"product_cat-socken","6":"pa_brand-blaklaeder","7":"pa_brand-type-workwear","8":"pa_filter-color-schwarz","10":"first","11":"instock","12":"sale","13":"taxable","14":"shipping-taxable","15":"purchasable","16":"product-type-variable","17":"add-to-wishlist-before_image"},"exclude_global_add_ons":[],"addons":[],"acf":[],"_links":{"self":[{"href":"https:\/\/shop.kustom.ch\/it\/wp-json\/wp\/v2\/product\/603460"}],"collection":[{"href":"https:\/\/shop.kustom.ch\/it\/wp-json\/wp\/v2\/product"}],"about":[{"href":"https:\/\/shop.kustom.ch\/it\/wp-json\/wp\/v2\/types\/product"}],"wp:attachment":[{"href":"https:\/\/shop.kustom.ch\/it\/wp-json\/wp\/v2\/media?parent=603460"}],"wp:term":[{"taxonomy":"product_brand","embeddable":true,"href":"https:\/\/shop.kustom.ch\/it\/wp-json\/wp\/v2\/product_brand?post=603460"},{"taxonomy":"product_cat","embeddable":true,"href":"https:\/\/shop.kustom.ch\/it\/wp-json\/wp\/v2\/product_cat?post=603460"},{"taxonomy":"product_tag","embeddable":true,"href":"https:\/\/shop.kustom.ch\/it\/wp-json\/wp\/v2\/product_tag?post=603460"}],"curies":[{"name":"wp","href":"https:\/\/api.w.org\/{rel}","templated":true}]}}