{"id":603444,"date":"2025-03-05T03:55:58","date_gmt":"2025-03-05T02:55:58","guid":{"rendered":"https:\/\/shop.kustom.ch\/?post_type=product&#038;p=603444"},"modified":"2026-03-31T08:33:57","modified_gmt":"2026-03-31T07:33:57","slug":"handwerker-arbeitshose-mit-stretch-3","status":"publish","type":"product","link":"https:\/\/shop.kustom.ch\/it\/prodotto\/handwerker-arbeitshose-mit-stretch-3\/","title":{"rendered":"Pantaloni da lavoro artigianali con elastico"},"content":{"rendered":"<p>Pantaloni da lavoro artigianali comodi e leggeri, realizzati in materiale sottile elasticizzato a 2 vie e con inserti elasticizzati a 4 vie che offrono il massimo comfort dove \u00e8 pi\u00f9 necessario. I pantaloni sono dotati di tasche fisse per i chiodi, tasche per la protezione delle ginocchia con CORDURA\u00ae stretch, pratiche tasche con rinforzo, tasca per il righello, tasche anteriori e passante per il portamartello sul lato destro e sinistro. Disponibile anche come modello da donna 7132.<\/p>\n<p>CHIUSURA: estremit\u00e0 delle gambe con rinforzo sul retro. DETTAGLI: Tasca per carte d'identit\u00e0 staccabile. Bottoni in metallo. Portacoltelli con bottone. Zip in plastica sul cavallo. Due passanti sui lati con bottone per il portamartello. Anello a D in vita. FUNZIONALIT\u00c0: 4 vie elasticizzate. Vestibilit\u00e0 regolare. CARATTERISTICHE PRINCIPALI: Tinsmith. EN 14004. REFLEX: Dettagli riflettenti sulla gamba. TESSUTO: Uomo. grigio. Tasche a chiodo. Artigianale. TASCHE: Tasca sulla gamba con soffietto e patta con chiusura a velcro e tasca interna per cellulare in rete. Tasche posteriori rinforzate con soffietti. Tasche esterne per ginocchiere. Tasche porta chiodi - con porta attrezzi e tasca supplementare con cerniera. Tasche laterali. Tasca rinforzata per regolo pieghevole con portacoltelli e portapenne. ISTRUZIONI DI LAVAGGIO: Non candeggiare. RINFORZO: tasche portachiodi rinforzate in CORDURA\u00ae. CERTIFICAZIONE: EN 14404:2004+A1:2010 insieme alle ginocchiere 4027, 4057, 4058 e 4032.<\/p>\n<p>63% poliestere, 33% cotone, 4% elastofin, twill, elasticizzato, 260 g\/m\u00b2<\/p>","protected":false},"excerpt":{"rendered":"<p>Bequeme, leichte Handwerker Arbeitshose aus d\u00fcnnerem 2-Wege-Stretch-Material und mit Eins\u00e4tzen aus 4-Wege-Stretch, die ultimativen Komfort dort bieten, wo er am meisten ben\u00f6tigt wird. Die Hose verf\u00fcgt \u00fcber feste Nageltaschen, Knieprotektorentaschen mit CORDURA\u00ae-Stretch, praktische Taschen mit Verst\u00e4rkung, Zollstocktasche, Fronttaschen und je eine Schlaufe f\u00fcr Hammerhalter auf der linken und rechten Seite. Auch als Damenmodell 7132 erh\u00e4ltlich. [&hellip;]<\/p>\n","protected":false},"featured_media":0,"template":"","meta":[],"product_brand":[],"product_cat":[4185],"product_tag":[],"class_list":{"0":"post-603444","1":"product","2":"type-product","3":"status-publish","5":"product_cat-hosen","6":"pa_brand-blaklaeder","7":"pa_brand-type-workwear","8":"pa_filter-color-schwarz","10":"first","11":"instock","12":"sale","13":"taxable","14":"shipping-taxable","15":"purchasable","16":"product-type-variable","17":"add-to-wishlist-before_image"},"exclude_global_add_ons":[],"addons":[],"acf":[],"_links":{"self":[{"href":"https:\/\/shop.kustom.ch\/it\/wp-json\/wp\/v2\/product\/603444"}],"collection":[{"href":"https:\/\/shop.kustom.ch\/it\/wp-json\/wp\/v2\/product"}],"about":[{"href":"https:\/\/shop.kustom.ch\/it\/wp-json\/wp\/v2\/types\/product"}],"wp:attachment":[{"href":"https:\/\/shop.kustom.ch\/it\/wp-json\/wp\/v2\/media?parent=603444"}],"wp:term":[{"taxonomy":"product_brand","embeddable":true,"href":"https:\/\/shop.kustom.ch\/it\/wp-json\/wp\/v2\/product_brand?post=603444"},{"taxonomy":"product_cat","embeddable":true,"href":"https:\/\/shop.kustom.ch\/it\/wp-json\/wp\/v2\/product_cat?post=603444"},{"taxonomy":"product_tag","embeddable":true,"href":"https:\/\/shop.kustom.ch\/it\/wp-json\/wp\/v2\/product_tag?post=603444"}],"curies":[{"name":"wp","href":"https:\/\/api.w.org\/{rel}","templated":true}]}}