{"id":602704,"date":"2025-03-05T03:40:18","date_gmt":"2025-03-05T02:40:18","guid":{"rendered":"https:\/\/shop.kustom.ch\/?post_type=product&#038;p=602704"},"modified":"2025-05-09T10:20:36","modified_gmt":"2025-05-09T09:20:36","slug":"6102-kewl-towel-ultra","status":"publish","type":"product","link":"https:\/\/shop.kustom.ch\/it\/prodotto\/6102-kewl-towel-ultra\/","title":{"rendered":"6102 Kewl Asciugamano Ultra"},"content":{"rendered":"<p>* Kewl Towel Ultra \u00e8 realizzato in poliestere 100% ed \u00e8 privo di sostanze chimiche.* \u00c8 sufficiente bagnarlo, strizzarlo e farlo scattare per abbassare la temperatura del materiale fino a 30% rispetto alla temperatura della pelle. * Kewl Towel Ultra \u00e8 lavabile in lavatrice a 60\u00b0C.* Dimensioni: 28 x 91 cm* Colore: blu<\/p>\n<p>CARATTERISTICHE PRINCIPALI: Unisex. TESSUTO: blu<\/p>","protected":false},"excerpt":{"rendered":"<p>* Kewl Towel Ultra is made of 100% polyester and is chemical-free.* Simply wet it, wring it, and snap it, to lower the material&#8217;s temperature up to 30% lower then skin temperature. * Kewl Towel Ultra is machine washable in 60\u00b0C.* Size: 28 x 91 cm* Color: Blue HAUPTEIGENSCHAFTEN: Unisex. STOFF: blau<\/p>","protected":false},"featured_media":0,"template":"","meta":[],"product_brand":[],"product_cat":[9643,4209],"product_tag":[],"class_list":{"0":"post-602704","1":"product","2":"type-product","3":"status-publish","5":"product_cat-equipment","6":"product_cat-zubehoer","7":"pa_brand-blaklaeder","8":"pa_brand-type-workwear","9":"pa_filter-color-blau","11":"first","12":"instock","13":"sale","14":"taxable","15":"shipping-taxable","16":"purchasable","17":"product-type-variable","18":"add-to-wishlist-before_image"},"exclude_global_add_ons":[],"addons":[],"acf":[],"_links":{"self":[{"href":"https:\/\/shop.kustom.ch\/it\/wp-json\/wp\/v2\/product\/602704"}],"collection":[{"href":"https:\/\/shop.kustom.ch\/it\/wp-json\/wp\/v2\/product"}],"about":[{"href":"https:\/\/shop.kustom.ch\/it\/wp-json\/wp\/v2\/types\/product"}],"wp:attachment":[{"href":"https:\/\/shop.kustom.ch\/it\/wp-json\/wp\/v2\/media?parent=602704"}],"wp:term":[{"taxonomy":"product_brand","embeddable":true,"href":"https:\/\/shop.kustom.ch\/it\/wp-json\/wp\/v2\/product_brand?post=602704"},{"taxonomy":"product_cat","embeddable":true,"href":"https:\/\/shop.kustom.ch\/it\/wp-json\/wp\/v2\/product_cat?post=602704"},{"taxonomy":"product_tag","embeddable":true,"href":"https:\/\/shop.kustom.ch\/it\/wp-json\/wp\/v2\/product_tag?post=602704"}],"curies":[{"name":"wp","href":"https:\/\/api.w.org\/{rel}","templated":true}]}}