{"id":602325,"date":"2025-03-05T03:28:56","date_gmt":"2025-03-05T02:28:56","guid":{"rendered":"https:\/\/shop.kustom.ch\/?post_type=product&#038;p=602325"},"modified":"2025-05-09T10:24:11","modified_gmt":"2025-05-09T09:24:11","slug":"safety-helmet-peltor-g3000-with-uv-indicator-with-wheel-adjustment","status":"publish","type":"product","link":"https:\/\/shop.kustom.ch\/it\/prodotto\/safety-helmet-peltor-g3000-with-uv-indicator-with-wheel-adjustment\/","title":{"rendered":"Casco di sicurezza Peltor G3000 con indicatore UV con regolazione a rotelle"},"content":{"rendered":"<p>Massima classe di protezione, cio\u00e8 fino a -30\u00b0C, elevata stabilit\u00e0 e protezione dal metallo fuso (MM).Materiale: plastica ABS stabilizzata ai raggi UV e ad alta resistenza agli urti.Assenza di spigoli vivi o dettagli sporgenti. Riduce il rischio che una parte del casco si incastri in rami o altro.Ventilazione migliorata. Un maggior numero di fori di ventilazione distribuiti su una superficie pi\u00f9 ampia garantisce una migliore circolazione dell'aria.Visiera pi\u00f9 corta. Fornisce un campo visivo pi\u00f9 ampio.Interni regolabili verticalmente per la massima sicurezza e l'adattamento individuale.Interni reversibili. G3000 pu\u00f2 essere equipaggiato con la gamma di visiere Peltor, con la protezione per le orecchie utilizzando la staffa per casco P3E, con il sottogola GH1 e con la protezione per la pioggia.G3000 \u00e8 dotato dell'Uvicator di Peltor che indica le radiazioni UV e segnala quando \u00e8 il momento di sostituire il casco. L'Uvicator circolare \u00e8 di colore rosso su un casco nuovo e si sbiadisce gradualmente con l'uso all'aperto. Il casco deve essere sostituito quando l'Uvicator \u00e8 completamente sbiadito.Taglia 54-62.Peso 315 g (357 g con regolazione a manopola)Fornito senza sottogola.Casco da apprendista rosso, con striscia esterna bianca.Conforme alla norma EN 397.Occhiali protettivi conformi alla norma EN 166, classe 1F.<\/p>\n<p>TESSUTO: bianco<\/p>","protected":false},"excerpt":{"rendered":"<p>Highest protection class, i.e. down to -30C, high stability and molten metal protection (MM).Material: UV stabilised, high impact resistant ABS plastic.No sharp edges or projecting details. Reduces the risk for any part of the helmet fastening in branches, etc.Improved ventilation. More ventilation holes distributed over a larger surface area provide improved air circulation.Shorter peak. Provides [&hellip;]<\/p>\n","protected":false},"featured_media":602393,"template":"","meta":[],"product_brand":[],"product_cat":[9643,4209],"product_tag":[],"class_list":{"0":"post-602325","1":"product","2":"type-product","3":"status-publish","4":"has-post-thumbnail","6":"product_cat-equipment","7":"product_cat-zubehoer","8":"pa_brand-blaklaeder","9":"pa_brand-type-workwear","10":"pa_filter-color-weiss","12":"first","13":"instock","14":"sale","15":"taxable","16":"shipping-taxable","17":"purchasable","18":"product-type-variable","19":"add-to-wishlist-before_image"},"exclude_global_add_ons":[],"addons":[],"acf":[],"_links":{"self":[{"href":"https:\/\/shop.kustom.ch\/it\/wp-json\/wp\/v2\/product\/602325"}],"collection":[{"href":"https:\/\/shop.kustom.ch\/it\/wp-json\/wp\/v2\/product"}],"about":[{"href":"https:\/\/shop.kustom.ch\/it\/wp-json\/wp\/v2\/types\/product"}],"wp:featuredmedia":[{"embeddable":true,"href":"https:\/\/shop.kustom.ch\/it\/wp-json\/wp\/v2\/media\/602393"}],"wp:attachment":[{"href":"https:\/\/shop.kustom.ch\/it\/wp-json\/wp\/v2\/media?parent=602325"}],"wp:term":[{"taxonomy":"product_brand","embeddable":true,"href":"https:\/\/shop.kustom.ch\/it\/wp-json\/wp\/v2\/product_brand?post=602325"},{"taxonomy":"product_cat","embeddable":true,"href":"https:\/\/shop.kustom.ch\/it\/wp-json\/wp\/v2\/product_cat?post=602325"},{"taxonomy":"product_tag","embeddable":true,"href":"https:\/\/shop.kustom.ch\/it\/wp-json\/wp\/v2\/product_tag?post=602325"}],"curies":[{"name":"wp","href":"https:\/\/api.w.org\/{rel}","templated":true}]}}