{"id":602288,"date":"2025-03-05T03:27:47","date_gmt":"2025-03-05T02:27:47","guid":{"rendered":"https:\/\/shop.kustom.ch\/?post_type=product&#038;p=602288"},"modified":"2025-05-09T10:17:35","modified_gmt":"2025-05-09T09:17:35","slug":"cederroth-burn-gel-dressing-901900","status":"publish","type":"product","link":"https:\/\/shop.kustom.ch\/it\/prodotto\/cederroth-burn-gel-dressing-901900\/","title":{"rendered":"Cederroth Medicazione in gel per ustioni 901900"},"content":{"rendered":"<p>Il gel per ustioni Cederroth fornisce un rapido raffreddamento e un efficace sollievo dal dolore in caso di ustioni. Il freddo riduce il dolore e il gonfiore e impedisce alla lesione di penetrare in profondit\u00e0 nella pelle. Lo spray e la medicazione Cederroth Burn Gel raffreddano efficacemente come l'acqua e accelerano cos\u00ec il processo di guarigione.Medicazione 10\u00d710 cm, confezione da 2, gel a base d'acqua (&gt;96% acqua) senza Tee Tree Oil. . Raffreddamento rapido e rapido sollievo dal dolore. Solubile in acqua<\/p>\n<p>CARATTERISTICHE PRINCIPALI: Unisex. TESSUTO: verde<\/p>","protected":false},"excerpt":{"rendered":"<p>Cederroth Burn Gel provides rapid cooling and effective pain relief for burns. The cold reduces the, pain and swelling and prevents the injury from penetrating the skin deeper. Cederroth Burn Gel Spray and Dressing cool as effectively as water and thus speed up the healing process.10\u00d710 cm dressing, 2-pack, water-based (&gt;96% water) gel without Tee [&hellip;]<\/p>\n","protected":false},"featured_media":0,"template":"","meta":[],"product_brand":[],"product_cat":[9643,4209],"product_tag":[],"class_list":{"0":"post-602288","1":"product","2":"type-product","3":"status-publish","5":"product_cat-equipment","6":"product_cat-zubehoer","7":"pa_brand-blaklaeder","8":"pa_brand-type-workwear","9":"pa_filter-color-gruen","11":"first","12":"instock","13":"sale","14":"taxable","15":"shipping-taxable","16":"purchasable","17":"product-type-variable","18":"add-to-wishlist-before_image"},"exclude_global_add_ons":[],"addons":[],"acf":[],"_links":{"self":[{"href":"https:\/\/shop.kustom.ch\/it\/wp-json\/wp\/v2\/product\/602288"}],"collection":[{"href":"https:\/\/shop.kustom.ch\/it\/wp-json\/wp\/v2\/product"}],"about":[{"href":"https:\/\/shop.kustom.ch\/it\/wp-json\/wp\/v2\/types\/product"}],"wp:attachment":[{"href":"https:\/\/shop.kustom.ch\/it\/wp-json\/wp\/v2\/media?parent=602288"}],"wp:term":[{"taxonomy":"product_brand","embeddable":true,"href":"https:\/\/shop.kustom.ch\/it\/wp-json\/wp\/v2\/product_brand?post=602288"},{"taxonomy":"product_cat","embeddable":true,"href":"https:\/\/shop.kustom.ch\/it\/wp-json\/wp\/v2\/product_cat?post=602288"},{"taxonomy":"product_tag","embeddable":true,"href":"https:\/\/shop.kustom.ch\/it\/wp-json\/wp\/v2\/product_tag?post=602288"}],"curies":[{"name":"wp","href":"https:\/\/api.w.org\/{rel}","templated":true}]}}