{"id":602181,"date":"2025-03-05T03:22:03","date_gmt":"2025-03-05T02:22:03","guid":{"rendered":"https:\/\/shop.kustom.ch\/?post_type=product&#038;p=602181"},"modified":"2025-06-25T09:26:47","modified_gmt":"2025-06-25T08:26:47","slug":"ohrstoepsel-uvex-whisper-2111201-orange","status":"publish","type":"product","link":"https:\/\/shop.kustom.ch\/it\/prodotto\/ohrstoepsel-uvex-whisper-2111201-orange\/","title":{"rendered":"Tappi per orecchie UVEX Whisper 2111201 Arancione"},"content":{"rendered":"<p>. Tappi auricolari riutilizzabili Uvex Whisper . Inserti auricolari multiuso con filo . Superficie morbida e repellente allo sporco. Lavabili. Pulire con acqua e sapone. Soddisfa i requisiti della norma EN 352<\/p>\n<p>TESSUTO: arancione ad alta visibilit\u00e0<\/p>","protected":false},"excerpt":{"rendered":"<p>. Mehrweg-Geh\u00f6rschutzst\u00f6psel Uvex Whisper . Verkabelter Mehrzweck-Ohrst\u00f6psel . Weiche, schmutzabweisende Oberfl\u00e4che . Waschbar. Reinigung mit Wasser und Seife. Erf\u00fcllt die Anforderungen der EN 352 STOFF: High-Vis Orange<\/p>","protected":false},"featured_media":602248,"template":"","meta":[],"product_brand":[],"product_cat":[9643,4209],"product_tag":[],"class_list":{"0":"post-602181","1":"product","2":"type-product","3":"status-publish","4":"has-post-thumbnail","6":"product_cat-equipment","7":"product_cat-zubehoer","8":"pa_brand-blaklaeder","9":"pa_brand-type-workwear","10":"pa_filter-color-orange","12":"first","13":"instock","14":"sale","15":"taxable","16":"shipping-taxable","17":"purchasable","18":"product-type-variable","19":"add-to-wishlist-before_image"},"exclude_global_add_ons":[],"addons":[],"acf":[],"_links":{"self":[{"href":"https:\/\/shop.kustom.ch\/it\/wp-json\/wp\/v2\/product\/602181"}],"collection":[{"href":"https:\/\/shop.kustom.ch\/it\/wp-json\/wp\/v2\/product"}],"about":[{"href":"https:\/\/shop.kustom.ch\/it\/wp-json\/wp\/v2\/types\/product"}],"wp:featuredmedia":[{"embeddable":true,"href":"https:\/\/shop.kustom.ch\/it\/wp-json\/wp\/v2\/media\/602248"}],"wp:attachment":[{"href":"https:\/\/shop.kustom.ch\/it\/wp-json\/wp\/v2\/media?parent=602181"}],"wp:term":[{"taxonomy":"product_brand","embeddable":true,"href":"https:\/\/shop.kustom.ch\/it\/wp-json\/wp\/v2\/product_brand?post=602181"},{"taxonomy":"product_cat","embeddable":true,"href":"https:\/\/shop.kustom.ch\/it\/wp-json\/wp\/v2\/product_cat?post=602181"},{"taxonomy":"product_tag","embeddable":true,"href":"https:\/\/shop.kustom.ch\/it\/wp-json\/wp\/v2\/product_tag?post=602181"}],"curies":[{"name":"wp","href":"https:\/\/api.w.org\/{rel}","templated":true}]}}