{"id":602100,"date":"2025-03-05T03:18:35","date_gmt":"2025-03-05T02:18:35","guid":{"rendered":"https:\/\/shop.kustom.ch\/?post_type=product&#038;p=602100"},"modified":"2025-05-09T10:21:47","modified_gmt":"2025-05-09T09:21:47","slug":"einweg-overall-tyvek-500-xpert","status":"publish","type":"product","link":"https:\/\/shop.kustom.ch\/it\/prodotto\/einweg-overall-tyvek-500-xpert\/","title":{"rendered":"Tuta monouso Tyvek 500 Xpert"},"content":{"rendered":"<p>Queste tute Tyvek\u00ae sono realizzate in polietilene ad alta densit\u00e0 filato a caldo, che offre un equilibrio ideale tra protezione, durata e comfort. Il Tyvek\u00ae \u00e8 permeabile all'aria e al vapore acqueo, ma respinge i liquidi e gli aerosol a base acquosa. Offre un'eccellente barriera contro le particelle e le fibre fini (fino a 1 micron di dimensione). Il tessuto a bassissimo indice di pelosit\u00e0 \u00e8 robusto ma leggero (&lt;180 g per capo). Cappuccio in 3 pezzi per un&#039;aderenza ottimale alla testa e al viso quando si gira Ampia cerniera elastica di facile presa su viso, polsi e caviglie e vita elastica incollata Area inguinale generosa per la libert\u00e0 di movimento; cuciture esterne Molto bassa la perdita verso l&#039;interno grazie al design ottimizzato L&#039;imballaggio ecologico opzionale riduce gli sprechi e il consumo energetico <\/p>\n<p>CARATTERISTICHE PRINCIPALI: Unisex. TESSUTO: bianco<\/p>","protected":false},"excerpt":{"rendered":"<p>Diese Tyvek\u00ae-Overalls bestehen aus flash-gesponnenem hochdichten Polyethylen, das eine ideale Balance aus Schutz, Haltbarkeit und Komfort bietet. Tyvek\u00ae ist sowohl f\u00fcr Luft als auch f\u00fcr Wasserdampf durchl\u00e4ssig, weist aber wasserbasierte Fl\u00fcssigkeiten und Aerosole ab. Es bietet eine ausgezeichnete Barriere gegen feine Partikel und Fasern (bis zu einer Gr\u00f6sse von 1 Mikron). Extrem fusselarmes Gewebe ist [&hellip;]<\/p>\n","protected":false},"featured_media":602174,"template":"","meta":[],"product_brand":[],"product_cat":[9643,4209],"product_tag":[],"class_list":{"0":"post-602100","1":"product","2":"type-product","3":"status-publish","4":"has-post-thumbnail","6":"product_cat-equipment","7":"product_cat-zubehoer","8":"pa_brand-blaklaeder","9":"pa_brand-type-workwear","10":"pa_filter-color-weiss","12":"first","13":"instock","14":"sale","15":"taxable","16":"shipping-taxable","17":"purchasable","18":"product-type-variable","19":"add-to-wishlist-before_image"},"exclude_global_add_ons":[],"addons":[],"acf":[],"_links":{"self":[{"href":"https:\/\/shop.kustom.ch\/it\/wp-json\/wp\/v2\/product\/602100"}],"collection":[{"href":"https:\/\/shop.kustom.ch\/it\/wp-json\/wp\/v2\/product"}],"about":[{"href":"https:\/\/shop.kustom.ch\/it\/wp-json\/wp\/v2\/types\/product"}],"wp:featuredmedia":[{"embeddable":true,"href":"https:\/\/shop.kustom.ch\/it\/wp-json\/wp\/v2\/media\/602174"}],"wp:attachment":[{"href":"https:\/\/shop.kustom.ch\/it\/wp-json\/wp\/v2\/media?parent=602100"}],"wp:term":[{"taxonomy":"product_brand","embeddable":true,"href":"https:\/\/shop.kustom.ch\/it\/wp-json\/wp\/v2\/product_brand?post=602100"},{"taxonomy":"product_cat","embeddable":true,"href":"https:\/\/shop.kustom.ch\/it\/wp-json\/wp\/v2\/product_cat?post=602100"},{"taxonomy":"product_tag","embeddable":true,"href":"https:\/\/shop.kustom.ch\/it\/wp-json\/wp\/v2\/product_tag?post=602100"}],"curies":[{"name":"wp","href":"https:\/\/api.w.org\/{rel}","templated":true}]}}