{"id":602018,"date":"2025-03-05T03:14:36","date_gmt":"2025-03-05T02:14:36","guid":{"rendered":"https:\/\/shop.kustom.ch\/?post_type=product&#038;p=602018"},"modified":"2025-05-09T10:24:20","modified_gmt":"2025-05-09T09:24:20","slug":"hearing-protection-peltor-mt13h220a","status":"publish","type":"product","link":"https:\/\/shop.kustom.ch\/it\/prodotto\/hearing-protection-peltor-mt13h220a\/","title":{"rendered":"Protezione dell'udito Peltor MT13H220A"},"content":{"rendered":"<p>3M PELTOR ProTac III Slim protezione dell'udito3M(tm) PELTOR(tm) ProTac(tm) III \u00e8 un dispositivo di protezione dell'udito con funzione di monitoraggio. Questo aumenta la sicurezza e la protezione dell'utente, che \u00e8 in grado di sentire meglio i segnali di avvertimento, gli allarmi, le chiamate, i veicoli in retromarcia, ecc. Inoltre, \u00e8 possibile comunicare con i colleghi in ambienti rumorosi senza dover sollevare la protezione acustica.Microfoni per ascoltare i rumori ambientaliQuando qualcuno vicino a voi parla, non \u00e8 necessario sollevare la protezione acustica per sentire ci\u00f2 che sta dicendo. La funzione di monitoraggio consente il passaggio del parlato e dei segnali di avvertimento, mentre i rumori forti e i suoni impulsivi vengono attenuati in frazioni di secondo per proteggere l'udito da eventuali lesioni. Il livello del rumore ambientale pu\u00f2 essere impostato in cinque fasi fino a un massimo di +1 dB.L'elettronica \u00e8 pi\u00f9 protettaProTac III ha un design a doppio guscio che consente di collocare tutta l'elettronica all'esterno delle cuffie, all'interno. Ora i componenti elettronici sono pi\u00f9 protetti dal sudore e dall'umidit\u00e0 che altrimenti potrebbero danneggiarli.Ascoltare la suoneria del cellulareIn combinazione con un telefono cellulare, ProTac III pu\u00f2 essere la vostra ancora di salvezza per il resto del mondo. Collegando il telefono cellulare al ProTac III tramite un cavo alla porta da 3,5 mm, si sentir\u00e0 la suoneria all'interno delle cuffie. Se il lavoro lo consente, \u00e8 possibile fermarsi e recarsi in un luogo sicuro per rispondere alla chiamata. Se si utilizza una radio di comunicazione, \u00e8 possibile collegarla anche per l'ascolto tramite la porta da 3,5 mm di ProTac III.Conforme alla direttiva DPI 89\/686\/CEE e alle parti applicabili della norma EN 352.<\/p>\n<p>TESSUTO: nero<\/p>","protected":false},"excerpt":{"rendered":"<p>3M PELTOR ProTac III Slim hearing protection3M(tm) PELTOR(tm) ProTac(tm) III is a hearing protection device with monitoring function. This increases your safety and security as you are better able to hear warning signals, alarms, calls, reversing vehciles, etc. You are also able to communicate with colleagues in noisy environments without having to lift the hearing [&hellip;]<\/p>\n","protected":false},"featured_media":602088,"template":"","meta":[],"product_brand":[],"product_cat":[9643,4209],"product_tag":[],"class_list":{"0":"post-602018","1":"product","2":"type-product","3":"status-publish","4":"has-post-thumbnail","6":"product_cat-equipment","7":"product_cat-zubehoer","8":"pa_brand-blaklaeder","9":"pa_brand-type-workwear","10":"pa_filter-color-schwarz","12":"first","13":"instock","14":"sale","15":"taxable","16":"shipping-taxable","17":"purchasable","18":"product-type-variable","19":"add-to-wishlist-before_image"},"exclude_global_add_ons":[],"addons":[],"acf":[],"_links":{"self":[{"href":"https:\/\/shop.kustom.ch\/it\/wp-json\/wp\/v2\/product\/602018"}],"collection":[{"href":"https:\/\/shop.kustom.ch\/it\/wp-json\/wp\/v2\/product"}],"about":[{"href":"https:\/\/shop.kustom.ch\/it\/wp-json\/wp\/v2\/types\/product"}],"wp:featuredmedia":[{"embeddable":true,"href":"https:\/\/shop.kustom.ch\/it\/wp-json\/wp\/v2\/media\/602088"}],"wp:attachment":[{"href":"https:\/\/shop.kustom.ch\/it\/wp-json\/wp\/v2\/media?parent=602018"}],"wp:term":[{"taxonomy":"product_brand","embeddable":true,"href":"https:\/\/shop.kustom.ch\/it\/wp-json\/wp\/v2\/product_brand?post=602018"},{"taxonomy":"product_cat","embeddable":true,"href":"https:\/\/shop.kustom.ch\/it\/wp-json\/wp\/v2\/product_cat?post=602018"},{"taxonomy":"product_tag","embeddable":true,"href":"https:\/\/shop.kustom.ch\/it\/wp-json\/wp\/v2\/product_tag?post=602018"}],"curies":[{"name":"wp","href":"https:\/\/api.w.org\/{rel}","templated":true}]}}