{"id":601994,"date":"2025-03-05T03:13:27","date_gmt":"2025-03-05T02:13:27","guid":{"rendered":"https:\/\/shop.kustom.ch\/?post_type=product&#038;p=601994"},"modified":"2025-06-25T09:26:38","modified_gmt":"2025-06-25T08:26:38","slug":"hard-hat-peltor-g3000-with-uv-indicator","status":"publish","type":"product","link":"https:\/\/shop.kustom.ch\/it\/prodotto\/hard-hat-peltor-g3000-with-uv-indicator\/","title":{"rendered":"CAPPELLO RIGIDO PELTOR G3000 CON INDICATORE UV"},"content":{"rendered":"<p>Classe di protezione massima, -30\u00b0C e metallo fuso (MM). \u00c8 dotato di regolazione dello sterzo. . Materiali Plastica ABS stabilizzata ai raggi UV con elevata resistenza agli urti. . Assenza di spigoli o sporgenze. Riduce il rischio di incastrare parti del casco in rami e simili. . Ventilazione migliorata. Un maggior numero di fori di ventilazione distribuiti su una superficie pi\u00f9 ampia consente una maggiore circolazione. Schermo pi\u00f9 corto. Offre un campo visivo pi\u00f9 ampio. . Altezza interna regolabile per la massima sicurezza e l'adattamento individuale. Possibilit\u00e0 di girare l'interno davanti e dietro. Un grande vantaggio per l'arrampicata e per il lavoro in spazi ristretti, previa ispezione mm. . Il G3000NUV pu\u00f2 essere equipaggiato con la gamma di visiere Peltor, protezione dell'udito con attacco al casco P3E, sottogola GH1 e protezione antipioggia. . Il G3000NUV \u00e8 dotato di Uvicator Peltor che indica la presenza di radiazioni UV e segnala quando \u00e8 il momento di sostituire il casco. Il colore dell'Uvicatorn rotondo \u00e8 rosso per un casco nuovo e perde gradualmente colore con l'uso all'aperto. Quando l'Uvicatorn perde tutto il colore, il casco deve essere scartato. Durata di vita 2-5 anni dopo la produzione, a seconda dell'esposizione del casco. Taglia 54-62. Peso 315 g, 357 g di regolazione dello sterzo Consegnato senza sottogola. Casco da apprendista con regolazione dello sterzo rossa, con marcature bianche sulla parte esterna del casco, Bl\u00e5kl\u00e4der Part 978000005610 Conforme alla norma EN 397. Il colore 3300 non \u00e8 certificato highvis.<\/p>\n<p>CINTURINO: filo a 3 punti. PESO: 357 g. GUSCIO: ABS-plast. CERTIFICAZIONE: EN397:2012,Till\u00e4gg f\u00f6r -30\u00b0 C, LD (Sidotrycksgodk\u00e4nd)<\/p>","protected":false},"excerpt":{"rendered":"<p>Maximum protection class, -30 \u00b0 C and molten metal (MM). It has steering adjustment. . Materials UV stabilized ABS plastic with high impact resistance. . No sharp edges or protrusions. Reduces the risk of any part of the helmet stuck in the branches and the like. . Improved ventilation. More ventilation holes distributed over a [&hellip;]<\/p>\n","protected":false},"featured_media":602049,"template":"","meta":[],"product_brand":[],"product_cat":[9643,4209],"product_tag":[],"class_list":{"0":"post-601994","1":"product","2":"type-product","3":"status-publish","4":"has-post-thumbnail","6":"product_cat-equipment","7":"product_cat-zubehoer","8":"pa_brand-blaklaeder","9":"pa_brand-type-workwear","10":"pa_filter-color-blau","11":"pa_filter-color-gelb","12":"pa_filter-color-gruen","13":"pa_filter-color-rot","14":"pa_filter-color-weiss","16":"first","17":"instock","18":"sale","19":"taxable","20":"shipping-taxable","21":"purchasable","22":"product-type-variable","23":"add-to-wishlist-before_image"},"exclude_global_add_ons":[],"addons":[],"acf":[],"_links":{"self":[{"href":"https:\/\/shop.kustom.ch\/it\/wp-json\/wp\/v2\/product\/601994"}],"collection":[{"href":"https:\/\/shop.kustom.ch\/it\/wp-json\/wp\/v2\/product"}],"about":[{"href":"https:\/\/shop.kustom.ch\/it\/wp-json\/wp\/v2\/types\/product"}],"wp:featuredmedia":[{"embeddable":true,"href":"https:\/\/shop.kustom.ch\/it\/wp-json\/wp\/v2\/media\/602049"}],"wp:attachment":[{"href":"https:\/\/shop.kustom.ch\/it\/wp-json\/wp\/v2\/media?parent=601994"}],"wp:term":[{"taxonomy":"product_brand","embeddable":true,"href":"https:\/\/shop.kustom.ch\/it\/wp-json\/wp\/v2\/product_brand?post=601994"},{"taxonomy":"product_cat","embeddable":true,"href":"https:\/\/shop.kustom.ch\/it\/wp-json\/wp\/v2\/product_cat?post=601994"},{"taxonomy":"product_tag","embeddable":true,"href":"https:\/\/shop.kustom.ch\/it\/wp-json\/wp\/v2\/product_tag?post=601994"}],"curies":[{"name":"wp","href":"https:\/\/api.w.org\/{rel}","templated":true}]}}